{"id":1672,"date":"2025-03-06T17:56:50","date_gmt":"2025-03-06T14:56:50","guid":{"rendered":"https:\/\/marfahairbar.lv\/produkts\/balmain-hair-matu-barete-ar-zelta-logo-pastel-pink-embossed-hair-barrette-golden-logo-vintage\/"},"modified":"2025-05-12T17:21:33","modified_gmt":"2025-05-12T14:21:33","slug":"balmain-%d0%b7%d0%b0%d0%ba%d0%be%d0%bb%d0%ba%d0%b0-%d0%b4%d0%bb%d1%8f-%d0%b2%d0%be%d0%bb%d0%be%d1%81-%d1%81-%d0%b7%d0%be%d0%bb%d0%be%d1%82%d1%8b%d0%bc-%d0%bb%d0%be%d0%b3%d0%be%d1%82%d0%b8%d0%bf%d0%be","status":"publish","type":"product","link":"https:\/\/marfahairbar.lv\/ru\/%d0%bf%d1%80%d0%be%d0%b4%d1%83%d0%ba%d1%82\/balmain-%d0%b7%d0%b0%d0%ba%d0%be%d0%bb%d0%ba%d0%b0-%d0%b4%d0%bb%d1%8f-%d0%b2%d0%be%d0%bb%d0%be%d1%81-%d1%81-%d0%b7%d0%be%d0%bb%d0%be%d1%82%d1%8b%d0%bc-%d0%bb%d0%be%d0%b3%d0%be%d1%82%d0%b8%d0%bf%d0%be\/","title":{"rendered":"BALMAIN HAIR \u0417\u0430\u043a\u043e\u043b\u043a\u0430 \u0434\u043b\u044f \u0432\u043e\u043b\u043e\u0441 \u0441 \u0437\u043e\u043b\u043e\u0442\u044b\u043c \u043b\u043e\u0433\u043e\u0442\u0438\u043f\u043e\u043c \/ \u041f\u0430\u0441\u0442\u0435\u043b\u044c\u043d\u043e-\u0440\u043e\u0437\u043e\u0432\u0430\u044f \u0442\u0438\u0441\u043d\u0435\u043d\u0430\u044f \u0437\u0430\u043a\u043e\u043b\u043a\u0430 \u0434\u043b\u044f \u0432\u043e\u043b\u043e\u0441 \u0441 \u0437\u043e\u043b\u043e\u0442\u044b\u043c \u043b\u043e\u0433\u043e\u0442\u0438\u043f\u043e\u043c \u0412\u0438\u043d\u0442\u0430\u0436"},"content":{"rendered":"<p>\u042d\u043a\u0441\u043a\u043b\u044e\u0437\u0438\u0432\u043d\u0430\u044f \u043b\u0438\u043c\u0438\u0442\u0438\u0440\u043e\u0432\u0430\u043d\u043d\u0430\u044f \u0437\u0430\u043a\u043e\u043b\u043a\u0430 \u0434\u043b\u044f \u0432\u043e\u043b\u043e\u0441, \u0432\u0434\u043e\u0445\u043d\u043e\u0432\u043b\u0435\u043d\u043d\u0430\u044f \u043a\u043e\u043b\u043b\u0435\u043a\u0446\u0438\u0435\u0439 \u0432\u0435\u0441\u043d\u0430-\u043b\u0435\u0442\u043e 2020 \u043c\u043e\u0434\u043d\u043e\u0433\u043e \u0434\u043e\u043c\u0430 BALMAIN. \u042d\u0442\u043e\u0442 \u0431\u0435\u0440\u0435\u0442 \u0434\u043b\u044f \u0432\u043e\u043b\u043e\u0441 \u0438\u0434\u0435\u0430\u043b\u044c\u043d\u043e \u0434\u043e\u043f\u043e\u043b\u043d\u0438\u0442 \u043b\u044e\u0431\u0443\u044e \u0432\u044b\u0441\u043e\u043a\u0443\u044e \u043f\u0440\u0438\u0447\u0435\u0441\u043a\u0443 \u0438\u043b\u0438 \u0445\u0432\u043e\u0441\u0442, \u0434\u043e\u0431\u0430\u0432\u0438\u0432 \u0434\u043e\u043f\u043e\u043b\u043d\u0438\u0442\u0435\u043b\u044c\u043d\u044b\u0439 \u0448\u0442\u0440\u0438\u0445 \u0440\u043e\u0441\u043a\u043e\u0448\u0438 \u0438 \u0438\u0437\u044b\u0441\u043a\u0430\u043d\u043d\u043e\u0441\u0442\u0438. \u0418\u0437\u0433\u043e\u0442\u043e\u0432\u043b\u0435\u043d\u043d\u0430\u044f \u0438\u0437 \u043d\u0430\u0442\u0443\u0440\u0430\u043b\u044c\u043d\u043e\u0439 \u043a\u043e\u0436\u0438, \u0437\u0430\u043a\u043e\u043b\u043a\u0430 \u0437\u0430\u043a\u0440\u0435\u043f\u043b\u0435\u043d\u0430 \u0448\u043f\u0438\u043b\u044c\u043a\u043e\u0439, \u043f\u043e\u0437\u043e\u043b\u043e\u0447\u0435\u043d\u043d\u043e\u0439 \u0437\u043e\u043b\u043e\u0442\u043e\u043c 18 \u043a\u0430\u0440\u0430\u0442, \u0441 \u0432\u044b\u0433\u0440\u0430\u0432\u0438\u0440\u043e\u0432\u0430\u043d\u043d\u044b\u043c \u043b\u043e\u0433\u043e\u0442\u0438\u043f\u043e\u043c Balmain.<\/p>\n<ul>\n<li>\u041f\u043e\u0437\u043e\u043b\u043e\u0447\u0435\u043d\u043d\u0430\u044f \u0437\u0430\u043a\u043e\u043b\u043a\u0430 \u0434\u043b\u044f \u0432\u043e\u043b\u043e\u0441 18 \u043a\u0430\u0440\u0430\u0442 \u0441 \u0432\u044b\u0433\u0440\u0430\u0432\u0438\u0440\u043e\u0432\u0430\u043d\u043d\u044b\u043c \u043b\u043e\u0433\u043e\u0442\u0438\u043f\u043e\u043c Balmain<\/li>\n<li>Izgatavota no augstas kvalit\u0101tes napa \u0101das<\/li>\n<li>Elast\u012bg\u0101 \u0101da, no k\u0101 izgatavota barete, maigi ap\u0146em zirgasti un copi<\/li>\n<\/ul>","protected":false},"excerpt":{"rendered":"<p>BALMAIN HAIR \u0417\u0430\u043a\u043e\u043b\u043a\u0430 \u0434\u043b\u044f \u0432\u043e\u043b\u043e\u0441 \u0441 \u0437\u043e\u043b\u043e\u0442\u044b\u043c \u043b\u043e\u0433\u043e\u0442\u0438\u043f\u043e\u043c \/ Pastel Pink Embossed Hair Barrette Golden logo \u0412\u0438\u043d\u0442\u0430\u0436\u043d\u0430\u044f \u0441\u0432\u0435\u0442\u043b\u043e-\u0440\u043e\u0437\u043e\u0432\u0430\u044f \u0437\u0430\u043a\u043e\u043b\u043a\u0430 \u0434\u043b\u044f \u0432\u043e\u043b\u043e\u0441 \u0441 \u0442\u0438\u0441\u043d\u0435\u043d\u044b\u043c \u0437\u043e\u043b\u043e\u0442\u044b\u043c \u043b\u043e\u0433\u043e\u0442\u0438\u043f\u043e\u043c. \u0410\u043a\u0441\u0435\u0441\u0441\u0443\u0430\u0440 \u0432 \u0432\u0438\u043d\u0442\u0430\u0436\u043d\u043e\u043c \u0441\u0442\u0438\u043b\u0435.<\/p>","protected":false},"featured_media":2237,"comment_status":"open","ping_status":"closed","template":"","meta":{"_acf_changed":false},"matu-tips":[],"product_brand":[49],"product_cat":[62],"product_tag":[],"class_list":{"0":"post-1672","1":"product","2":"type-product","3":"status-publish","4":"has-post-thumbnail","6":"product_brand-balmain","7":"product_cat-matu-aksesuari","9":"first","10":"instock","11":"taxable","12":"shipping-taxable","13":"purchasable","14":"product-type-simple"},"acf":[],"aioseo_notices":[],"_links":{"self":[{"href":"https:\/\/marfahairbar.lv\/ru\/wp-json\/wp\/v2\/product\/1672","targetHints":{"allow":["GET"]}}],"collection":[{"href":"https:\/\/marfahairbar.lv\/ru\/wp-json\/wp\/v2\/product"}],"about":[{"href":"https:\/\/marfahairbar.lv\/ru\/wp-json\/wp\/v2\/types\/product"}],"replies":[{"embeddable":true,"href":"https:\/\/marfahairbar.lv\/ru\/wp-json\/wp\/v2\/comments?post=1672"}],"wp:featuredmedia":[{"embeddable":true,"href":"https:\/\/marfahairbar.lv\/ru\/wp-json\/wp\/v2\/media\/2237"}],"wp:attachment":[{"href":"https:\/\/marfahairbar.lv\/ru\/wp-json\/wp\/v2\/media?parent=1672"}],"wp:term":[{"taxonomy":"matu-tips","embeddable":true,"href":"https:\/\/marfahairbar.lv\/ru\/wp-json\/wp\/v2\/matu-tips?post=1672"},{"taxonomy":"product_brand","embeddable":true,"href":"https:\/\/marfahairbar.lv\/ru\/wp-json\/wp\/v2\/product_brand?post=1672"},{"taxonomy":"product_cat","embeddable":true,"href":"https:\/\/marfahairbar.lv\/ru\/wp-json\/wp\/v2\/product_cat?post=1672"},{"taxonomy":"product_tag","embeddable":true,"href":"https:\/\/marfahairbar.lv\/ru\/wp-json\/wp\/v2\/product_tag?post=1672"}],"curies":[{"name":"wp","href":"https:\/\/api.w.org\/{rel}","templated":true}]}}