{"id":1651,"date":"2025-03-06T17:56:34","date_gmt":"2025-03-06T14:56:34","guid":{"rendered":"https:\/\/marfahairbar.lv\/produkts\/balmain-hair-matu-stipina-limited-edition-leather-headband-fw21\/"},"modified":"2025-05-12T17:21:30","modified_gmt":"2025-05-12T14:21:30","slug":"balmain-hair-matu-stipina-limited-edition-leather-headband-fw21","status":"publish","type":"product","link":"https:\/\/marfahairbar.lv\/ru\/%d0%bf%d1%80%d0%be%d0%b4%d1%83%d0%ba%d1%82\/balmain-hair-matu-stipina-limited-edition-leather-headband-fw21\/","title":{"rendered":"\u041f\u043e\u0432\u044f\u0437\u043a\u0430 \u0434\u043b\u044f \u0432\u043e\u043b\u043e\u0441 BALMAIN HAIR \/ \u041b\u0438\u043c\u0438\u0442\u0438\u0440\u043e\u0432\u0430\u043d\u043d\u0430\u044f \u0441\u0435\u0440\u0438\u044f \u043a\u043e\u0436\u0430\u043d\u044b\u0445 \u043f\u043e\u0432\u044f\u0437\u043e\u043a \u043d\u0430 \u0433\u043e\u043b\u043e\u0432\u0443 FW21"},"content":{"rendered":"<p>Pie\u0161\u0137ir odzi\u0146u savam ikdienas izskatam ar Limit\u0113t\u0101s Kolekcijas Dab\u012bg\u0101s \u0100das Matu Loci\u0146u. Izgatavots no augstas kvalit\u0101tes dab\u012bg\u0101s \u0101das, Balmain Hair logo apzelt\u012bts ar 18K zeltu. Lieliski piem\u0113rots, lai p\u0101rv\u0113rstu ikdienas friz\u016bru \u017eurn\u0101la v\u0101ka cien\u012bg\u0101 matu sak\u0101rtojum\u0101.<\/p>\n<ul>\n<li>Izgatavots no augstas kvalit\u0101tes dab\u012bg\u0101s \u0101das, Balmain Hair logo apzelt\u012bts ar 18K zeltu<\/li>\n<li>Elast\u012bg\u0101 \u0101da labi satur matus<\/li>\n<\/ul>","protected":false},"excerpt":{"rendered":"<p>BALMAIN HAIR Headband \/ Limited Edition Leather Headband FW21 limited edition - \u043a\u043e\u0436\u0430\u043d\u0430\u044f \u043f\u043e\u0432\u044f\u0437\u043a\u0430 \u043d\u0430 \u0433\u043e\u043b\u043e\u0432\u0443 \u0438\u0437 \u043a\u043e\u043b\u043b\u0435\u043a\u0446\u0438\u0438 \u043e\u0441\u0435\u043d\u044c-\u0437\u0438\u043c\u0430 2021.<\/p>","protected":false},"featured_media":2201,"comment_status":"open","ping_status":"closed","template":"","meta":{"_acf_changed":false},"matu-tips":[],"product_brand":[49],"product_cat":[62],"product_tag":[],"class_list":{"0":"post-1651","1":"product","2":"type-product","3":"status-publish","4":"has-post-thumbnail","6":"product_brand-balmain","7":"product_cat-matu-aksesuari","9":"first","10":"instock","11":"taxable","12":"shipping-taxable","13":"purchasable","14":"product-type-simple"},"acf":[],"aioseo_notices":[],"_links":{"self":[{"href":"https:\/\/marfahairbar.lv\/ru\/wp-json\/wp\/v2\/product\/1651","targetHints":{"allow":["GET"]}}],"collection":[{"href":"https:\/\/marfahairbar.lv\/ru\/wp-json\/wp\/v2\/product"}],"about":[{"href":"https:\/\/marfahairbar.lv\/ru\/wp-json\/wp\/v2\/types\/product"}],"replies":[{"embeddable":true,"href":"https:\/\/marfahairbar.lv\/ru\/wp-json\/wp\/v2\/comments?post=1651"}],"wp:featuredmedia":[{"embeddable":true,"href":"https:\/\/marfahairbar.lv\/ru\/wp-json\/wp\/v2\/media\/2201"}],"wp:attachment":[{"href":"https:\/\/marfahairbar.lv\/ru\/wp-json\/wp\/v2\/media?parent=1651"}],"wp:term":[{"taxonomy":"matu-tips","embeddable":true,"href":"https:\/\/marfahairbar.lv\/ru\/wp-json\/wp\/v2\/matu-tips?post=1651"},{"taxonomy":"product_brand","embeddable":true,"href":"https:\/\/marfahairbar.lv\/ru\/wp-json\/wp\/v2\/product_brand?post=1651"},{"taxonomy":"product_cat","embeddable":true,"href":"https:\/\/marfahairbar.lv\/ru\/wp-json\/wp\/v2\/product_cat?post=1651"},{"taxonomy":"product_tag","embeddable":true,"href":"https:\/\/marfahairbar.lv\/ru\/wp-json\/wp\/v2\/product_tag?post=1651"}],"curies":[{"name":"wp","href":"https:\/\/api.w.org\/{rel}","templated":true}]}}