{"id":1643,"date":"2025-03-06T17:56:26","date_gmt":"2025-03-06T14:56:26","guid":{"rendered":"https:\/\/marfahairbar.lv\/produkts\/balmain-hair-matu-spradze-tortoise-shell-pince-a-cheveux-extra-small-tortoise\/"},"modified":"2025-08-13T19:57:56","modified_gmt":"2025-08-13T16:57:56","slug":"balmain-%d1%81%d0%bf%d1%80%d0%b5%d0%b9-%d0%b4%d0%bb%d1%8f-%d0%b2%d0%be%d0%bb%d0%be%d1%81-%d0%b8%d0%b7-%d1%87%d0%b5%d1%80%d0%b5%d0%bf%d0%b0%d1%85%d0%be%d0%b2%d0%be%d0%b3%d0%be-%d0%bf%d0%b0%d0%bd%d1%86","status":"publish","type":"product","link":"https:\/\/marfahairbar.lv\/ru\/%d0%bf%d1%80%d0%be%d0%b4%d1%83%d0%ba%d1%82\/balmain-%d1%81%d0%bf%d1%80%d0%b5%d0%b9-%d0%b4%d0%bb%d1%8f-%d0%b2%d0%be%d0%bb%d0%be%d1%81-%d0%b8%d0%b7-%d1%87%d0%b5%d1%80%d0%b5%d0%bf%d0%b0%d1%85%d0%be%d0%b2%d0%be%d0%b3%d0%be-%d0%bf%d0%b0%d0%bd%d1%86\/","title":{"rendered":"BALMAIN HAIR \u0417\u0430\u0436\u0438\u043c \u0434\u043b\u044f \u0432\u043e\u043b\u043e\u0441 \u0438\u0437 \u0447\u0435\u0440\u0435\u043f\u0430\u0445\u043e\u0432\u043e\u0439 \u0441\u043a\u043e\u0440\u043b\u0443\u043f\u044b \/ Pince \u00e0 cheveux Extra Small Tortoise"},"content":{"rendered":"<p>Iedvesmojoties no bag\u0101t\u012bg\u0101 modes mantojuma, izmantojot tikai izcil\u0101kos materi\u0101lus, amatniekus un dizainu, Balmain Hair rad\u012bja \u201cLes Accessoires\u201d \u2013 ikonisku matu aksesu\u0101ru l\u012bniju. Kolekcijas \u201cLes Accessoires\u201d aksesu\u0101ri ir piln\u012bb\u0101 ar rok\u0101m izgatavoti, izmantojot tradicion\u0101l\u0101s metodes, un katrai no t\u0101m ir rakstur\u012bga zelta deta\u013ca \u2014 dizaina elements, kas ir atrodams vis\u0101s Balmain Paris kolekcij\u0101s.<\/p>\n<p>Matu spr\u0101dzei ir unik\u0101la elast\u012bga sist\u0113ma, kas nodro\u0161ina to, ka spr\u0101dze stingri noturas viet\u0101 un nesl\u012bd \u0101r\u0101 no matiem. Elast\u012bg\u0101 gumija nodro\u0161ina matu sav\u0101k\u0161anu kop\u0101, ne\u013caujot spr\u0101dzei sl\u012bd\u0113t. T\u0101d\u0113\u013c matu spr\u0101dze ir piem\u0113rota visiem matu tipiem, \u2013 gan pl\u0101niem, gan bieziem.<\/p>\n<p>\u012apa\u0161i maza, ar rok\u0101m darin\u0101ta matu spr\u0101dze ar Balmain 18K zeltu apzelt\u012btu \u201cB\u201d logotipu, izgatavota no iztur\u012bga hipoaler\u0123iska celulozes acet\u0101ta. T\u0101 ir ide\u0101li piem\u0113rota pl\u0101niem vai smalkiem matiem, un ar to var viegli nov\u0101kt va\u013c\u012bg\u0101s matu \u0161\u0137ipsnas no sejas.<\/p>\n<ul>\n<li>Ar 18K zeltu apzelt\u012bts logo<\/li>\n<li>Hipoaler\u0123isks matu aksesu\u0101rs<\/li>\n<li>Lieliski piem\u0113rots pl\u0101niem un smalkiem matiem<\/li>\n<\/ul>\n<p>\u012apa\u0161i maz\u0101 Balmain Hair matu spr\u0101dze ir b\u016btisks fran\u010du matu aksesu\u0101rs, kas \u012bpa\u0161i izstr\u0101d\u0101ts pl\u0101niem, smalkiem matiem, lai bez piep\u016bles var\u0113tu sav\u0101kt va\u013c\u012bg\u0101s matu \u0161\u0137ipsnas.<\/p>\n<p>Izm\u0113ri: garums: 4 cm \/ platums: 2,70 cm \/ augstums: 3 cm<\/p>","protected":false},"excerpt":{"rendered":"<p>BALMAIN HAIR \u0417\u0430\u043a\u043e\u043b\u043a\u0430 \u0434\u043b\u044f \u0432\u043e\u043b\u043e\u0441 \u0438\u0437 \u0447\u0435\u0440\u0435\u043f\u0430\u0445\u043e\u0432\u043e\u0433\u043e \u043f\u0430\u043d\u0446\u0438\u0440\u044f \/ Pince \u00e0 cheveux Extra Small Tortoise \u041e\u0447\u0435\u043d\u044c \u043c\u0430\u043b\u0435\u043d\u044c\u043a\u0430\u044f \u0437\u0430\u043a\u043e\u043b\u043a\u0430 \u0434\u043b\u044f \u0432\u043e\u043b\u043e\u0441 \u0432 \u0447\u0435\u0440\u0435\u043f\u0430\u0445\u043e\u0432\u043e\u043c \u0443\u0437\u043e\u0440\u0435. \u042d\u043b\u0435\u0433\u0430\u043d\u0442\u043d\u044b\u0439 \u0430\u043a\u0441\u0435\u0441\u0441\u0443\u0430\u0440.<\/p>","protected":false},"featured_media":2187,"comment_status":"open","ping_status":"closed","template":"","meta":{"_acf_changed":false},"matu-tips":[],"product_brand":[49],"product_cat":[62],"product_tag":[],"class_list":{"0":"post-1643","1":"product","2":"type-product","3":"status-publish","4":"has-post-thumbnail","6":"product_brand-balmain","7":"product_cat-matu-aksesuari","9":"first","10":"instock","11":"taxable","12":"shipping-taxable","13":"purchasable","14":"product-type-simple"},"acf":[],"aioseo_notices":[],"_links":{"self":[{"href":"https:\/\/marfahairbar.lv\/ru\/wp-json\/wp\/v2\/product\/1643","targetHints":{"allow":["GET"]}}],"collection":[{"href":"https:\/\/marfahairbar.lv\/ru\/wp-json\/wp\/v2\/product"}],"about":[{"href":"https:\/\/marfahairbar.lv\/ru\/wp-json\/wp\/v2\/types\/product"}],"replies":[{"embeddable":true,"href":"https:\/\/marfahairbar.lv\/ru\/wp-json\/wp\/v2\/comments?post=1643"}],"wp:featuredmedia":[{"embeddable":true,"href":"https:\/\/marfahairbar.lv\/ru\/wp-json\/wp\/v2\/media\/2187"}],"wp:attachment":[{"href":"https:\/\/marfahairbar.lv\/ru\/wp-json\/wp\/v2\/media?parent=1643"}],"wp:term":[{"taxonomy":"matu-tips","embeddable":true,"href":"https:\/\/marfahairbar.lv\/ru\/wp-json\/wp\/v2\/matu-tips?post=1643"},{"taxonomy":"product_brand","embeddable":true,"href":"https:\/\/marfahairbar.lv\/ru\/wp-json\/wp\/v2\/product_brand?post=1643"},{"taxonomy":"product_cat","embeddable":true,"href":"https:\/\/marfahairbar.lv\/ru\/wp-json\/wp\/v2\/product_cat?post=1643"},{"taxonomy":"product_tag","embeddable":true,"href":"https:\/\/marfahairbar.lv\/ru\/wp-json\/wp\/v2\/product_tag?post=1643"}],"curies":[{"name":"wp","href":"https:\/\/api.w.org\/{rel}","templated":true}]}}