{"id":1636,"date":"2025-03-06T17:56:21","date_gmt":"2025-03-06T14:56:21","guid":{"rendered":"https:\/\/marfahairbar.lv\/produkts\/balmain-hair-matu-gumija-elastique-pour-cheveux-tortoise-shell\/"},"modified":"2025-08-13T19:58:42","modified_gmt":"2025-08-13T16:58:42","slug":"balmain-hair-elastic-elastique-pour-cheveux-tortoise-shell","status":"publish","type":"product","link":"https:\/\/marfahairbar.lv\/ru\/%d0%bf%d1%80%d0%be%d0%b4%d1%83%d0%ba%d1%82\/balmain-hair-elastic-elastique-pour-cheveux-tortoise-shell\/","title":{"rendered":"\u0420\u0435\u0437\u0438\u043d\u043a\u0430 \u0434\u043b\u044f \u0432\u043e\u043b\u043e\u0441 BALMAIN HAIR \/ Elastique pour Cheveux Tortoise Shell"},"content":{"rendered":"<p>\u0420\u0435\u0437\u0438\u043d\u043a\u0430 \u0434\u043b\u044f \u0432\u043e\u043b\u043e\u0441 \"\u0427\u0435\u0440\u0435\u043f\u0430\u0445\u043e\u0432\u044b\u0439 \u043f\u0430\u043d\u0446\u0438\u0440\u044c\" \u0432\u0445\u043e\u0434\u0438\u0442 \u0432 \u043d\u0435\u043f\u043e\u0432\u0442\u043e\u0440\u0438\u043c\u0443\u044e \u043a\u043e\u043b\u043b\u0435\u043a\u0446\u0438\u044e Les Accessoires. \u0420\u0435\u0437\u0438\u043d\u043a\u0430 \u0434\u043b\u044f \u0432\u043e\u043b\u043e\u0441 \u043f\u043e\u0434\u0445\u043e\u0434\u0438\u0442 \u0434\u043b\u044f \u043b\u044e\u0431\u043e\u0433\u043e \u0441\u043b\u0443\u0447\u0430\u044f \u0438 \u0441\u0438\u0442\u0443\u0430\u0446\u0438\u0438. \u041e\u043d\u0430 \u043c\u0433\u043d\u043e\u0432\u0435\u043d\u043d\u043e \u043f\u0440\u0438\u0434\u0430\u0435\u0442 \u044d\u043b\u0435\u0433\u0430\u043d\u0442\u043d\u043e\u0441\u0442\u044c \u043e\u0431\u044b\u0447\u043d\u043e\u043c\u0443 \u0445\u0432\u043e\u0441\u0442\u0443.<\/p>\n<ul>\n<li>\u0412\u044b\u0441\u043e\u043a\u043e\u043a\u0430\u0447\u0435\u0441\u0442\u0432\u0435\u043d\u043d\u044b\u0435 \u0440\u0435\u0437\u0438\u043d\u043a\u0438 \u0434\u043b\u044f \u0432\u043e\u043b\u043e\u0441 \u0440\u0443\u0447\u043d\u043e\u0439 \u0440\u0430\u0431\u043e\u0442\u044b<\/li>\n<li>Balmain Hair \u201cB\u201d apzelt\u012bts ar 14K zeltu<\/li>\n<li>\u0418\u0434\u0435\u0430\u043b\u044c\u043d\u043e \u043f\u043e\u0434\u0445\u043e\u0434\u0438\u0442 \u0434\u043b\u044f \u0445\u0432\u043e\u0441\u0442\u0438\u043a\u043e\u0432<\/li>\n<\/ul>\n<p>Skaistais br\u016bnais un dzintarainais aksesu\u0101ru tonis izce\u013c visda\u017e\u0101d\u0101kos matu to\u0146us. V\u0113sturiski bru\u0146urupu\u010du bru\u0146as tika izmantots k\u0101 materi\u0101ls ekskluz\u012bvu aksesu\u0101ru ra\u017eo\u0161anai, ta\u010du kop\u0161 1973. gada \u0161is materi\u0101ls un t\u0101 ieg\u016b\u0161ana tika aizliegta. Kop\u0161 t\u0101 laika \u2018tortoise shell\u2019 efekts tika imit\u0113ts izmantojot sint\u0113tiskos materi\u0101lus, t\u0101dus k\u0101 acet\u0101ts. Neskatoties uz p\u0101rmai\u0146\u0101m, ko \u0161is materi\u0101ls ir p\u0101rdz\u012bvojis, tas saglab\u0101 savu popularit\u0101ti visu vado\u0161o modes dizaineru kolekcij\u0101s.<\/p>","protected":false},"excerpt":{"rendered":"<p>\u0420\u0435\u0437\u0438\u043d\u043a\u0430 \u0434\u043b\u044f \u0432\u043e\u043b\u043e\u0441 BALMAIN HAIR \/ Elastique pour Cheveux Tortoise Shell \u0447\u0435\u0440\u0435\u043f\u0430\u0445\u043e\u0432\u0430\u044f \u0440\u0435\u0437\u0438\u043d\u043a\u0430 \u0434\u043b\u044f \u0432\u043e\u043b\u043e\u0441. \u042d\u043b\u0435\u0433\u0430\u043d\u0442\u043d\u0430\u044f \u0438 \u043f\u0440\u0430\u043a\u0442\u0438\u0447\u043d\u0430\u044f. \u041d\u0435 \u043f\u043e\u0432\u0440\u0435\u0436\u0434\u0430\u0435\u0442 \u0432\u043e\u043b\u043e\u0441\u044b.<\/p>","protected":false},"featured_media":2173,"comment_status":"open","ping_status":"closed","template":"","meta":{"_acf_changed":false},"matu-tips":[],"product_brand":[49],"product_cat":[62],"product_tag":[],"class_list":{"0":"post-1636","1":"product","2":"type-product","3":"status-publish","4":"has-post-thumbnail","6":"product_brand-balmain","7":"product_cat-matu-aksesuari","9":"first","10":"instock","11":"taxable","12":"shipping-taxable","13":"purchasable","14":"product-type-simple"},"acf":[],"aioseo_notices":[],"_links":{"self":[{"href":"https:\/\/marfahairbar.lv\/ru\/wp-json\/wp\/v2\/product\/1636","targetHints":{"allow":["GET"]}}],"collection":[{"href":"https:\/\/marfahairbar.lv\/ru\/wp-json\/wp\/v2\/product"}],"about":[{"href":"https:\/\/marfahairbar.lv\/ru\/wp-json\/wp\/v2\/types\/product"}],"replies":[{"embeddable":true,"href":"https:\/\/marfahairbar.lv\/ru\/wp-json\/wp\/v2\/comments?post=1636"}],"wp:featuredmedia":[{"embeddable":true,"href":"https:\/\/marfahairbar.lv\/ru\/wp-json\/wp\/v2\/media\/2173"}],"wp:attachment":[{"href":"https:\/\/marfahairbar.lv\/ru\/wp-json\/wp\/v2\/media?parent=1636"}],"wp:term":[{"taxonomy":"matu-tips","embeddable":true,"href":"https:\/\/marfahairbar.lv\/ru\/wp-json\/wp\/v2\/matu-tips?post=1636"},{"taxonomy":"product_brand","embeddable":true,"href":"https:\/\/marfahairbar.lv\/ru\/wp-json\/wp\/v2\/product_brand?post=1636"},{"taxonomy":"product_cat","embeddable":true,"href":"https:\/\/marfahairbar.lv\/ru\/wp-json\/wp\/v2\/product_cat?post=1636"},{"taxonomy":"product_tag","embeddable":true,"href":"https:\/\/marfahairbar.lv\/ru\/wp-json\/wp\/v2\/product_tag?post=1636"}],"curies":[{"name":"wp","href":"https:\/\/api.w.org\/{rel}","templated":true}]}}