{"id":1620,"date":"2025-03-06T17:56:10","date_gmt":"2025-03-06T14:56:10","guid":{"rendered":"https:\/\/marfahairbar.lv\/produkts\/balmain-hair-matu-spradze-xs-pearl-limited-edition-pince-a-cheveux-xs-pearl\/"},"modified":"2025-08-13T20:05:39","modified_gmt":"2025-08-13T17:05:39","slug":"balmain-%d1%81%d0%bf%d1%80%d0%b5%d0%b9-%d0%b4%d0%bb%d1%8f-%d0%b2%d0%be%d0%bb%d0%be%d1%81-xs-pearl-%d0%bb%d0%b8%d0%bc%d0%b8%d1%82%d0%b8%d1%80%d0%be%d0%b2%d0%b0%d0%bd%d0%bd%d0%be%d0%b5-%d0%b8%d0%b7","status":"publish","type":"product","link":"https:\/\/marfahairbar.lv\/ru\/%d0%bf%d1%80%d0%be%d0%b4%d1%83%d0%ba%d1%82\/balmain-%d1%81%d0%bf%d1%80%d0%b5%d0%b9-%d0%b4%d0%bb%d1%8f-%d0%b2%d0%be%d0%bb%d0%be%d1%81-xs-pearl-%d0%bb%d0%b8%d0%bc%d0%b8%d1%82%d0%b8%d1%80%d0%be%d0%b2%d0%b0%d0%bd%d0%bd%d0%be%d0%b5-%d0%b8%d0%b7\/","title":{"rendered":"\u0417\u0430\u0436\u0438\u043c \u0434\u043b\u044f \u0432\u043e\u043b\u043e\u0441 BALMAIN HAIR XS Pearl \/ \u041b\u0438\u043c\u0438\u0442\u0438\u0440\u043e\u0432\u0430\u043d\u043d\u0430\u044f \u0441\u0435\u0440\u0438\u044f Pince \u00e0 cheveux XS Pearl"},"content":{"rendered":"<p>\u0160\u012b matu spr\u0101dze ir iedvesmojusies no p\u0113r\u013cu raksta m\u016b\u017e\u012bg\u0101s elegances. Spr\u0101dze ir roku darbs, izmantojot tradicion\u0101l\u0101s metodes, un to rot\u0101 Balmain rakstur\u012bgais 18K apzelt\u012bts \u201cB\u201d logo. Izgatavota no iztur\u012bga celulozes acet\u0101ta, t\u0101 ir gan elast\u012bga, gan maiga j\u016bsu matiem un galvas \u0101dai. T\u0101s iek\u0161pus\u0113 ir unik\u0101la elast\u012bga sist\u0113ma, kas nodro\u0161ina, ka spr\u0101dze dro\u0161i turas sav\u0101 viet\u0101 neatkar\u012bgi no j\u016bsu matu tipa. \u0160\u012b spr\u0101dze ir ide\u0101li piem\u0113rota norm\u0101liem un bieziem matiem, un t\u0101 \u013cauj viegli izveidot elegantas matu friz\u016bras vai klasiskus fran\u010du stila matu sak\u0101rtojumus.<\/p>\n<ul>\n<li>18K apzelt\u012bts logo<\/li>\n<li>Hipoaler\u0123isks matu aksesu\u0101rs<\/li>\n<li>Lieliski piem\u0113rots norm\u0101liem l\u012bdz bieziem matiem<\/li>\n<\/ul>","protected":false},"excerpt":{"rendered":"<p>BALMAIN HAIR \u0417\u0430\u0436\u0438\u043c \u0434\u043b\u044f \u0432\u043e\u043b\u043e\u0441 XS Pearl \/ Limited Edition Pince \u00e0 cheveux XS Pearl limited edition - \u0436\u0435\u043c\u0447\u0443\u0436\u043d\u044b\u0439 \u0437\u0430\u0436\u0438\u043c \u0434\u043b\u044f \u0432\u043e\u043b\u043e\u0441 \u043e\u0447\u0435\u043d\u044c \u043c\u0430\u043b\u0435\u043d\u044c\u043a\u043e\u0433\u043e \u0440\u0430\u0437\u043c\u0435\u0440\u0430.<\/p>","protected":false},"featured_media":2147,"comment_status":"open","ping_status":"closed","template":"","meta":{"_acf_changed":false},"matu-tips":[],"product_brand":[49],"product_cat":[62],"product_tag":[],"class_list":{"0":"post-1620","1":"product","2":"type-product","3":"status-publish","4":"has-post-thumbnail","6":"product_brand-balmain","7":"product_cat-matu-aksesuari","9":"first","10":"instock","11":"taxable","12":"shipping-taxable","13":"purchasable","14":"product-type-simple"},"acf":[],"aioseo_notices":[],"_links":{"self":[{"href":"https:\/\/marfahairbar.lv\/ru\/wp-json\/wp\/v2\/product\/1620","targetHints":{"allow":["GET"]}}],"collection":[{"href":"https:\/\/marfahairbar.lv\/ru\/wp-json\/wp\/v2\/product"}],"about":[{"href":"https:\/\/marfahairbar.lv\/ru\/wp-json\/wp\/v2\/types\/product"}],"replies":[{"embeddable":true,"href":"https:\/\/marfahairbar.lv\/ru\/wp-json\/wp\/v2\/comments?post=1620"}],"wp:featuredmedia":[{"embeddable":true,"href":"https:\/\/marfahairbar.lv\/ru\/wp-json\/wp\/v2\/media\/2147"}],"wp:attachment":[{"href":"https:\/\/marfahairbar.lv\/ru\/wp-json\/wp\/v2\/media?parent=1620"}],"wp:term":[{"taxonomy":"matu-tips","embeddable":true,"href":"https:\/\/marfahairbar.lv\/ru\/wp-json\/wp\/v2\/matu-tips?post=1620"},{"taxonomy":"product_brand","embeddable":true,"href":"https:\/\/marfahairbar.lv\/ru\/wp-json\/wp\/v2\/product_brand?post=1620"},{"taxonomy":"product_cat","embeddable":true,"href":"https:\/\/marfahairbar.lv\/ru\/wp-json\/wp\/v2\/product_cat?post=1620"},{"taxonomy":"product_tag","embeddable":true,"href":"https:\/\/marfahairbar.lv\/ru\/wp-json\/wp\/v2\/product_tag?post=1620"}],"curies":[{"name":"wp","href":"https:\/\/api.w.org\/{rel}","templated":true}]}}