{"id":1615,"date":"2025-03-06T17:56:07","date_gmt":"2025-03-06T14:56:07","guid":{"rendered":"https:\/\/marfahairbar.lv\/produkts\/balmain-hair-matu-spradze-velvet-burgundy-xs-pince-a-cheveux-velvet-burgundy-xs\/"},"modified":"2025-08-13T20:06:26","modified_gmt":"2025-08-13T17:06:26","slug":"balmain-%d1%81%d0%bf%d1%80%d0%b5%d0%b9-%d0%b4%d0%bb%d1%8f-%d0%b2%d0%be%d0%bb%d0%be%d1%81-%d0%b1%d0%b0%d1%80%d1%85%d0%b0%d1%82%d0%bd%d1%8b%d0%b9-%d0%b1%d0%be%d1%80%d0%b4%d0%be%d0%b2%d1%8b%d0%b9-xs-pinc","status":"publish","type":"product","link":"https:\/\/marfahairbar.lv\/ru\/%d0%bf%d1%80%d0%be%d0%b4%d1%83%d0%ba%d1%82\/balmain-%d1%81%d0%bf%d1%80%d0%b5%d0%b9-%d0%b4%d0%bb%d1%8f-%d0%b2%d0%be%d0%bb%d0%be%d1%81-%d0%b1%d0%b0%d1%80%d1%85%d0%b0%d1%82%d0%bd%d1%8b%d0%b9-%d0%b1%d0%be%d1%80%d0%b4%d0%be%d0%b2%d1%8b%d0%b9-xs-pinc\/","title":{"rendered":"\u0417\u0430\u0436\u0438\u043c \u0434\u043b\u044f \u0432\u043e\u043b\u043e\u0441 BALMAIN HAIR \u0431\u0430\u0440\u0445\u0430\u0442\u043d\u044b\u0439 \u0431\u0443\u0440\u0433\u0443\u043d\u0434\u0441\u043a\u0438\u0439 XS \/ Pince \u00e0 Cheveux \u0431\u0430\u0440\u0445\u0430\u0442\u043d\u044b\u0439 \u0431\u0443\u0440\u0433\u0443\u043d\u0434\u0441\u043a\u0438\u0439 XS"},"content":{"rendered":"<p>\u0417\u0430\u043a\u043e\u043b\u043a\u0430 \u0434\u043b\u044f \u0432\u043e\u043b\u043e\u0441 XS \u0440\u0443\u0447\u043d\u043e\u0439 \u0440\u0430\u0431\u043e\u0442\u044b \u0438\u0437\u0433\u043e\u0442\u043e\u0432\u043b\u0435\u043d\u0430 \u0438\u0437 \u043f\u0440\u043e\u0447\u043d\u043e\u0433\u043e \u0438 \u044d\u043a\u043e\u043b\u043e\u0433\u0438\u0447\u0435\u0441\u043a\u0438 \u0447\u0438\u0441\u0442\u043e\u0433\u043e \u0431\u0438\u043e\u043f\u043b\u0430\u0441\u0442\u0438\u043a\u0430. \u041d\u0430\u0442\u0443\u0440\u0430\u043b\u044c\u043d\u044b\u0439 \u0441\u043e\u0441\u0442\u0430\u0432 \u0431\u0438\u043e\u043f\u043b\u0430\u0441\u0442\u0438\u043a\u0430 \u043d\u0435 \u0432\u044b\u0434\u0435\u043b\u044f\u0435\u0442 \u0442\u043e\u043a\u0441\u0438\u0447\u043d\u044b\u0445 \u0441\u043e\u0435\u0434\u0438\u043d\u0435\u043d\u0438\u0439 \u0432 \u043d\u0430\u0448 \u043e\u0440\u0433\u0430\u043d\u0438\u0437\u043c. \u0417\u0430\u0436\u0438\u043c \u0434\u043b\u044f \u0432\u043e\u043b\u043e\u0441 \u0432\u044b\u043f\u043e\u043b\u043d\u0435\u043d \u0438\u0437 \u0431\u043e\u0440\u0434\u043e\u0432\u043e-\u043a\u0440\u0430\u0441\u043d\u043e\u0433\u043e \u0431\u0430\u0440\u0445\u0430\u0442\u0430 \u0438 \u0443\u043a\u0440\u0430\u0448\u0435\u043d \u043f\u043e\u0437\u043e\u043b\u043e\u0447\u0435\u043d\u043d\u044b\u043c \u043b\u043e\u0433\u043e\u0442\u0438\u043f\u043e\u043c Balmain Hair 18K \"B\". \u042d\u0442\u043e\u0442 \u043d\u0435\u0431\u043e\u043b\u044c\u0448\u043e\u0439 \u0437\u0430\u0436\u0438\u043c \u0434\u043b\u044f \u0432\u043e\u043b\u043e\u0441 \u0438\u0434\u0435\u0430\u043b\u044c\u043d\u043e \u043f\u043e\u0434\u0445\u043e\u0434\u0438\u0442 \u0434\u043b\u044f \u0437\u0430\u043a\u0440\u0435\u043f\u043b\u0435\u043d\u0438\u044f \u0442\u043e\u043d\u043a\u0438\u0445 \u0438 \u0442\u043e\u043d\u043a\u0438\u0445 \u0432\u043e\u043b\u043e\u0441 \u0432 \u043a\u0440\u0430\u0441\u0438\u0432\u0443\u044e \u043f\u0440\u0438\u0447\u0435\u0441\u043a\u0443. \u041f\u0440\u0438 \u0436\u0435\u043b\u0430\u043d\u0438\u0438 \u0432\u044b \u043c\u043e\u0436\u0435\u0442\u0435 \u0441\u043a\u043e\u043c\u0431\u0438\u043d\u0438\u0440\u043e\u0432\u0430\u0442\u044c \u043f\u0440\u0438\u0447\u0435\u0441\u043a\u0443 \u0441 \u043f\u043e\u043c\u043e\u0449\u044c\u044e \u0434\u0432\u0443\u0445 \u0437\u0430\u0436\u0438\u043c\u043e\u0432. \u041b\u0438\u043c\u0438\u0442\u0438\u0440\u043e\u0432\u0430\u043d\u043d\u0430\u044f \u0441\u0435\u0440\u0438\u044f \u0437\u0430\u0436\u0438\u043c\u043e\u0432 \u0434\u043b\u044f \u0432\u043e\u043b\u043e\u0441 Pince \u00e0 Cheveux Imp\u00e9riale Velvet Burgundy \u0432\u0434\u043e\u0445\u043d\u043e\u0432\u043b\u0435\u043d\u0430 \u043a\u043e\u043b\u043b\u0435\u043a\u0446\u0438\u0435\u0439 Muse D'Amour \u0438 \u0438\u0434\u0435\u0430\u043b\u044c\u043d\u043e \u043f\u0435\u0440\u0435\u0434\u0430\u0435\u0442 \u044d\u043b\u0435\u0433\u0430\u043d\u0442\u043d\u043e\u0441\u0442\u044c \u0438 \u0440\u043e\u043c\u0430\u043d\u0442\u0438\u043a\u0443 \u0441\u043e\u0432\u0440\u0435\u043c\u0435\u043d\u043d\u043e\u0439 \u041c\u0443\u0437\u044b. \u042d\u0442\u043e\u0442 \u0438\u0437\u044b\u0441\u043a\u0430\u043d\u043d\u044b\u0439 \u0430\u043a\u0441\u0435\u0441\u0441\u0443\u0430\u0440 \u0434\u043b\u044f \u0432\u043e\u043b\u043e\u0441 \u0438\u0437\u0433\u043e\u0442\u043e\u0432\u043b\u0435\u043d \u0432\u0440\u0443\u0447\u043d\u0443\u044e \u0441 \u0438\u0441\u043f\u043e\u043b\u044c\u0437\u043e\u0432\u0430\u043d\u0438\u0435\u043c \u0442\u0440\u0430\u0434\u0438\u0446\u0438\u043e\u043d\u043d\u044b\u0445 \u0442\u0435\u0445\u043d\u0438\u043a \u0438 \u0438\u043c\u0435\u0435\u0442 \u043f\u043e\u0442\u0440\u044f\u0441\u0430\u044e\u0449\u0438\u0439 \u0431\u0430\u0440\u0445\u0430\u0442\u0438\u0441\u0442\u044b\u0439 \u0431\u043e\u0440\u0434\u043e\u0432\u044b\u0439 \u043e\u0442\u0442\u0435\u043d\u043e\u043a, \u0432\u043e\u043f\u043b\u043e\u0449\u0430\u044e\u0449\u0438\u0439 \u0432\u043d\u0435\u0432\u0440\u0435\u043c\u0435\u043d\u043d\u0443\u044e \u043a\u0440\u0430\u0441\u043e\u0442\u0443 \u0438 \u0441\u0438\u043b\u0443. \u0417\u0430\u0436\u0438\u043c \u0434\u043b\u044f \u0432\u043e\u043b\u043e\u0441 \u0438\u043c\u0435\u0435\u0442 \u0440\u0435\u0432\u043e\u043b\u044e\u0446\u0438\u043e\u043d\u043d\u044b\u0439 \u043c\u0435\u0445\u0430\u043d\u0438\u0437\u043c. \u0423\u043d\u0438\u043a\u0430\u043b\u044c\u043d\u0430\u044f \u044d\u043b\u0430\u0441\u0442\u0438\u0447\u043d\u0430\u044f \u0441\u0438\u0441\u0442\u0435\u043c\u0430 \u043a\u0440\u0435\u043f\u043b\u0435\u043d\u0438\u044f \u0432\u043d\u0443\u0442\u0440\u0438 \u0437\u0430\u0436\u0438\u043c\u0430 \u043e\u0431\u0435\u0441\u043f\u0435\u0447\u0438\u0432\u0430\u0435\u0442 \u043d\u0430\u0434\u0435\u0436\u043d\u0443\u044e \u0444\u0438\u043a\u0441\u0430\u0446\u0438\u044e \u0437\u0430\u0436\u0438\u043c\u0430 \u0432 \u043f\u0440\u0438\u0447\u0435\u0441\u043a\u0435, \u043d\u0435 \u0432\u044b\u0441\u043a\u0430\u043b\u044c\u0437\u044b\u0432\u0430\u044f \u0438\u0437 \u0432\u043e\u043b\u043e\u0441. \u0411\u043b\u0430\u0433\u043e\u0434\u0430\u0440\u044f \u044d\u0442\u043e\u043c\u0443 \u0437\u0430\u043a\u043e\u043b\u043a\u0430 \u043f\u043e\u0434\u0445\u043e\u0434\u0438\u0442 \u0434\u043b\u044f \u0432\u0441\u0435\u0445 \u0442\u0438\u043f\u043e\u0432 \u0432\u043e\u043b\u043e\u0441 - \u043e\u0441\u043e\u0431\u0435\u043d\u043d\u043e \u0434\u043b\u044f \u0442\u043e\u043d\u043a\u0438\u0445 \u0438 \u0438\u0437\u044f\u0449\u043d\u044b\u0445. \u0412\u0441\u044f \u0441\u0438\u0441\u0442\u0435\u043c\u0430 \u043a\u0440\u0435\u043f\u043b\u0435\u043d\u0438\u044f \u044d\u043b\u0435\u0433\u0430\u043d\u0442\u043d\u043e \u0441\u043a\u0440\u044b\u0442\u0430.,\u0423\u043d\u0438\u043a\u0430\u043b\u044c\u043d\u0430\u044f \u0441\u0438\u0441\u0442\u0435\u043c\u0430 \u043a\u0440\u0435\u043f\u043b\u0435\u043d\u0438\u044f,\u041f\u043e\u0437\u043e\u043b\u043e\u0447\u0435\u043d\u043d\u044b\u0439 \u043b\u043e\u0433\u043e\u0442\u0438\u043f BALMAIN B 18 \u043a\u0430\u0440\u0430\u0442,\u0418\u0434\u0435\u0430\u043b\u044c\u043d\u043e \u043f\u043e\u0434\u0445\u043e\u0434\u0438\u0442 \u0434\u043b\u044f \u0442\u043e\u043d\u043a\u0438\u0445 \u0432\u043e\u043b\u043e\u0441,\u042d\u043a\u043e\u043b\u043e\u0433\u0438\u0447\u043d\u044b\u0439,\u041d\u0435 \u0432\u044b\u0437\u044b\u0432\u0430\u0435\u0442 \u0430\u043b\u043b\u0435\u0440\u0433\u0438\u0438,BALMAIN HAIR Hair Clip Velvet Burgundy XS : Pince \u00e0 Cheveux Velvet Burgundy XS.jpg<\/p>\n<p>\u0160\u012b maz\u0101 matu spr\u0101dze ir lieliski piem\u0113rota smalku un pl\u0101nu matu nostiprin\u0101\u0161anai skaist\u0101 friz\u016br\u0101. Ja nepiecie\u0161ams, varat apvienot friz\u016bru ar diviem klipiem.<\/p>\n<p>Ierobe\u017eot\u0101 izdevuma Pince \u00e0 Cheveux Imp\u00e9riale Velvet Burgundy matu spr\u0101dze ir iedvesmota no Muse D\u2019Amour kolekcijas, un t\u0101 lieliski atspogu\u013co m\u016bsdienu m\u016bzas eleganci un romantiku. \u0160is izsmalcin\u0101tais matu aksesu\u0101rs ir izgatavots ar rok\u0101m, izmantojot tradicion\u0101l\u0101s metodes, un tam ir satrieco\u0161a samtaina bordo nokr\u0101sa, kas iemieso m\u016b\u017e\u012bgu skaistumu un sp\u0113ku.<\/p>\n<p>Matu spr\u0101dzei ir revolucion\u0101rs meh\u0101nisms. Unik\u0101l\u0101 elast\u012bg\u0101 stiprin\u0101juma sist\u0113ma matu spr\u0101dzes iek\u0161pus\u0113 nodro\u0161ina, ka matu spr\u0101dze stingri turas friz\u016br\u0101, neizsl\u012bdot no matiem. T\u0101p\u0113c \u0161\u012b matu spr\u0101dze ir piem\u0113rota visiem matu tipiem \u2013 \u012bpa\u0161i smalkiem un pl\u0101niem matiem. Visa stiprin\u0101jumu sist\u0113ma ir eleganti nosl\u0113pta.<\/p>\n<ul>\n<li>Unik\u0101la matu spr\u0101dzes piestiprin\u0101\u0161anas sist\u0113ma<\/li>\n<li>18K apzelt\u012bts BALMAIN B logotips<\/li>\n<li>Ide\u0101li piem\u0113rots pl\u0101niem un smalkiem matiem<\/li>\n<li>Videi draudz\u012bgs<\/li>\n<li>Bez aler\u0123ij\u0101m<\/li>\n<\/ul>","protected":false},"excerpt":{"rendered":"<p>BALMAIN HAIR \u0417\u0430\u0436\u0438\u043c \u0434\u043b\u044f \u0432\u043e\u043b\u043e\u0441 Velvet Burgundy XS \/ Pince \u00e0 Cheveux Velvet Burgundy XS \u0411\u0430\u0440\u0445\u0430\u0442\u043d\u044b\u0439 \u0431\u043e\u0440\u0434\u043e\u0432\u044b\u0439 \u0437\u0430\u0436\u0438\u043c \u0434\u043b\u044f \u0432\u043e\u043b\u043e\u0441 \u043e\u0447\u0435\u043d\u044c \u043c\u0430\u043b\u0435\u043d\u044c\u043a\u043e\u0433\u043e \u0440\u0430\u0437\u043c\u0435\u0440\u0430. \u0420\u043e\u0441\u043a\u043e\u0448\u043d\u044b\u0439 \u0430\u043a\u0441\u0435\u0441\u0441\u0443\u0430\u0440.<\/p>","protected":false},"featured_media":2137,"comment_status":"open","ping_status":"closed","template":"","meta":{"_acf_changed":false},"matu-tips":[],"product_brand":[49],"product_cat":[62],"product_tag":[],"class_list":{"0":"post-1615","1":"product","2":"type-product","3":"status-publish","4":"has-post-thumbnail","6":"product_brand-balmain","7":"product_cat-matu-aksesuari","9":"first","10":"outofstock","11":"taxable","12":"shipping-taxable","13":"purchasable","14":"product-type-simple"},"acf":[],"aioseo_notices":[],"_links":{"self":[{"href":"https:\/\/marfahairbar.lv\/ru\/wp-json\/wp\/v2\/product\/1615","targetHints":{"allow":["GET"]}}],"collection":[{"href":"https:\/\/marfahairbar.lv\/ru\/wp-json\/wp\/v2\/product"}],"about":[{"href":"https:\/\/marfahairbar.lv\/ru\/wp-json\/wp\/v2\/types\/product"}],"replies":[{"embeddable":true,"href":"https:\/\/marfahairbar.lv\/ru\/wp-json\/wp\/v2\/comments?post=1615"}],"wp:featuredmedia":[{"embeddable":true,"href":"https:\/\/marfahairbar.lv\/ru\/wp-json\/wp\/v2\/media\/2137"}],"wp:attachment":[{"href":"https:\/\/marfahairbar.lv\/ru\/wp-json\/wp\/v2\/media?parent=1615"}],"wp:term":[{"taxonomy":"matu-tips","embeddable":true,"href":"https:\/\/marfahairbar.lv\/ru\/wp-json\/wp\/v2\/matu-tips?post=1615"},{"taxonomy":"product_brand","embeddable":true,"href":"https:\/\/marfahairbar.lv\/ru\/wp-json\/wp\/v2\/product_brand?post=1615"},{"taxonomy":"product_cat","embeddable":true,"href":"https:\/\/marfahairbar.lv\/ru\/wp-json\/wp\/v2\/product_cat?post=1615"},{"taxonomy":"product_tag","embeddable":true,"href":"https:\/\/marfahairbar.lv\/ru\/wp-json\/wp\/v2\/product_tag?post=1615"}],"curies":[{"name":"wp","href":"https:\/\/api.w.org\/{rel}","templated":true}]}}