{"id":1612,"date":"2025-03-06T17:56:05","date_gmt":"2025-03-06T14:56:05","guid":{"rendered":"https:\/\/marfahairbar.lv\/produkts\/balmain-hair-matu-spradze-pince-a-cheveux-m-ss22\/"},"modified":"2025-08-13T20:07:57","modified_gmt":"2025-08-13T17:07:57","slug":"%d0%b7%d0%b0%d0%ba%d0%be%d0%bb%d0%ba%d0%b8-%d0%b4%d0%bb%d1%8f-%d0%b2%d0%be%d0%bb%d0%be%d1%81-balmain-pince-a-cheveux-m-ss22","status":"publish","type":"product","link":"https:\/\/marfahairbar.lv\/ru\/%d0%bf%d1%80%d0%be%d0%b4%d1%83%d0%ba%d1%82\/%d0%b7%d0%b0%d0%ba%d0%be%d0%bb%d0%ba%d0%b8-%d0%b4%d0%bb%d1%8f-%d0%b2%d0%be%d0%bb%d0%be%d1%81-balmain-pince-a-cheveux-m-ss22\/","title":{"rendered":"\u0417\u0430\u0436\u0438\u043c \u0434\u043b\u044f \u0432\u043e\u043b\u043e\u0441 BALMAIN HAIR \/ Pince \u00e0 Cheveux M SS22"},"content":{"rendered":"<p>\u041f\u043e\u0434\u0445\u043e\u0434\u0438\u0442 \u043a\u0430\u043a \u0434\u043b\u044f \u043f\u043e\u0432\u0441\u0435\u0434\u043d\u0435\u0432\u043d\u043e\u0433\u043e \u0438\u0441\u043f\u043e\u043b\u044c\u0437\u043e\u0432\u0430\u043d\u0438\u044f, \u0442\u0430\u043a \u0438 \u0434\u043b\u044f \u0441\u0432\u0435\u0442\u0441\u043a\u0438\u0445 \u043c\u0435\u0440\u043e\u043f\u0440\u0438\u044f\u0442\u0438\u0439, \u043c\u0433\u043d\u043e\u0432\u0435\u043d\u043d\u043e \u043f\u0440\u0438\u0434\u0430\u0432\u0430\u044f \u044d\u043b\u0435\u0433\u0430\u043d\u0442\u043d\u043e\u0441\u0442\u044c \u0432\u0430\u0448\u0435\u0439 \u043f\u0440\u0438\u0447\u0435\u0441\u043a\u0435. \u0412\u044b\u0441\u043e\u043a\u043e\u043a\u0430\u0447\u0435\u0441\u0442\u0432\u0435\u043d\u043d\u044b\u0439 \u0430\u043a\u0441\u0435\u0441\u0441\u0443\u0430\u0440 \u0434\u043b\u044f \u0432\u043e\u043b\u043e\u0441 \u0440\u0443\u0447\u043d\u043e\u0439 \u0440\u0430\u0431\u043e\u0442\u044b, \u043f\u043e\u0437\u043e\u043b\u043e\u0447\u0435\u043d\u043d\u044b\u0439 \u0437\u043e\u043b\u043e\u0442\u043e\u043c 18 \u043a\u0430\u0440\u0430\u0442, \u0432 \u0441\u043e\u043e\u0442\u0432\u0435\u0442\u0441\u0442\u0432\u0438\u0438 \u0441 \u0442\u0440\u0430\u0434\u0438\u0446\u0438\u044f\u043c\u0438 \u0431\u0440\u0435\u043d\u0434\u0430. \u0417\u0430\u043a\u043e\u043b\u043a\u0430 \u0434\u043b\u044f \u0432\u043e\u043b\u043e\u0441 \u0438\u0437\u0433\u043e\u0442\u043e\u0432\u043b\u0435\u043d\u0430 \u0438\u0437 \u043f\u0440\u043e\u0447\u043d\u043e\u0433\u043e \u043c\u0430\u0442\u0435\u0440\u0438\u0430\u043b\u0430 - \u0430\u0446\u0435\u0442\u0430\u0442\u0430 \u0446\u0435\u043b\u043b\u044e\u043b\u043e\u0437\u044b.<\/p>\n<ul>\n<li>Augstas kvalit\u0101tes, rok\u0101m darin\u0101ta spr\u0101dze (kna\u0123is)<\/li>\n<li>Balmain \u0412\u043e\u043b\u043e\u0441\u044b \"B\" \u0441 \u0437\u043e\u043b\u043e\u0442\u044b\u043c \u043f\u043e\u043a\u0440\u044b\u0442\u0438\u0435\u043c \u0438\u0437 \u0437\u043e\u043b\u043e\u0442\u0430 18 \u043a\u0430\u0440\u0430\u0442<\/li>\n<li>\u0418\u0434\u0435\u0430\u043b\u044c\u043d\u043e \u043f\u043e\u0434\u0445\u043e\u0434\u0438\u0442 \u0434\u043b\u044f \u043d\u043e\u0440\u043c\u0430\u043b\u044c\u043d\u044b\u0445 \u0438 \u0433\u0443\u0441\u0442\u044b\u0445 \u0432\u043e\u043b\u043e\u0441<\/li>\n<\/ul>","protected":false},"excerpt":{"rendered":"<p>\u0417\u0430\u0436\u0438\u043c \u0434\u043b\u044f \u0432\u043e\u043b\u043e\u0441 BALMAIN HAIR \/ Pince \u00e0 Cheveux M SS22 \u041a\u043e\u043b\u043b\u0435\u043a\u0446\u0438\u044f \u0432\u0435\u0441\u043d\u0430-\u043b\u0435\u0442\u043e 2022 \u0417\u0430\u0436\u0438\u043c \u0434\u043b\u044f \u0432\u043e\u043b\u043e\u0441 \u0441\u0440\u0435\u0434\u043d\u0435\u0433\u043e \u0440\u0430\u0437\u043c\u0435\u0440\u0430. \u042d\u043a\u0441\u043a\u043b\u044e\u0437\u0438\u0432\u043d\u044b\u0439 \u0430\u043a\u0441\u0435\u0441\u0441\u0443\u0430\u0440.<\/p>","protected":false},"featured_media":2129,"comment_status":"open","ping_status":"closed","template":"","meta":{"_acf_changed":false},"matu-tips":[],"product_brand":[49],"product_cat":[62],"product_tag":[],"class_list":{"0":"post-1612","1":"product","2":"type-product","3":"status-publish","4":"has-post-thumbnail","6":"product_brand-balmain","7":"product_cat-matu-aksesuari","9":"first","10":"outofstock","11":"taxable","12":"shipping-taxable","13":"purchasable","14":"product-type-simple"},"acf":[],"aioseo_notices":[],"_links":{"self":[{"href":"https:\/\/marfahairbar.lv\/ru\/wp-json\/wp\/v2\/product\/1612","targetHints":{"allow":["GET"]}}],"collection":[{"href":"https:\/\/marfahairbar.lv\/ru\/wp-json\/wp\/v2\/product"}],"about":[{"href":"https:\/\/marfahairbar.lv\/ru\/wp-json\/wp\/v2\/types\/product"}],"replies":[{"embeddable":true,"href":"https:\/\/marfahairbar.lv\/ru\/wp-json\/wp\/v2\/comments?post=1612"}],"wp:featuredmedia":[{"embeddable":true,"href":"https:\/\/marfahairbar.lv\/ru\/wp-json\/wp\/v2\/media\/2129"}],"wp:attachment":[{"href":"https:\/\/marfahairbar.lv\/ru\/wp-json\/wp\/v2\/media?parent=1612"}],"wp:term":[{"taxonomy":"matu-tips","embeddable":true,"href":"https:\/\/marfahairbar.lv\/ru\/wp-json\/wp\/v2\/matu-tips?post=1612"},{"taxonomy":"product_brand","embeddable":true,"href":"https:\/\/marfahairbar.lv\/ru\/wp-json\/wp\/v2\/product_brand?post=1612"},{"taxonomy":"product_cat","embeddable":true,"href":"https:\/\/marfahairbar.lv\/ru\/wp-json\/wp\/v2\/product_cat?post=1612"},{"taxonomy":"product_tag","embeddable":true,"href":"https:\/\/marfahairbar.lv\/ru\/wp-json\/wp\/v2\/product_tag?post=1612"}],"curies":[{"name":"wp","href":"https:\/\/api.w.org\/{rel}","templated":true}]}}