{"id":1590,"date":"2025-03-06T17:55:52","date_gmt":"2025-03-06T14:55:52","guid":{"rendered":"https:\/\/marfahairbar.lv\/produkts\/balmain-hair-texturizing-volume-spray\/"},"modified":"2025-05-12T17:21:56","modified_gmt":"2025-05-12T14:21:56","slug":"%d1%82%d0%b5%d0%ba%d1%81%d1%82%d1%83%d1%80%d0%b8%d1%80%d1%83%d1%8e%d1%89%d0%b8%d0%b9-%d1%81%d0%bf%d1%80%d0%b5%d0%b9-%d0%b4%d0%bb%d1%8f-%d0%bf%d1%80%d0%b8%d0%b4%d0%b0%d0%bd%d0%b8%d1%8f-%d0%be%d0%b1","status":"publish","type":"product","link":"https:\/\/marfahairbar.lv\/ru\/%d0%bf%d1%80%d0%be%d0%b4%d1%83%d0%ba%d1%82\/%d1%82%d0%b5%d0%ba%d1%81%d1%82%d1%83%d1%80%d0%b8%d1%80%d1%83%d1%8e%d1%89%d0%b8%d0%b9-%d1%81%d0%bf%d1%80%d0%b5%d0%b9-%d0%b4%d0%bb%d1%8f-%d0%bf%d1%80%d0%b8%d0%b4%d0%b0%d0%bd%d0%b8%d1%8f-%d0%be%d0%b1\/","title":{"rendered":"BALMAIN HAIR \u0422\u0435\u043a\u0441\u0442\u0443\u0440\u0438\u0440\u0443\u044e\u0449\u0438\u0439 \u0441\u043f\u0440\u0435\u0439 \u0434\u043b\u044f \u043f\u0440\u0438\u0434\u0430\u043d\u0438\u044f \u043e\u0431\u044a\u0435\u043c\u0430"},"content":{"rendered":"<p>Univers\u0101la matu laka, kas pie\u0161\u0137ir matiem papildus apjomu. Produkts nodro\u0161ina matiem notur\u012bgu apjomu un tekst\u016bru vien\u0101 mirkl\u012b. Uzreiz atdz\u012bvina matus. Piem\u0113rots ikdienas lieto\u0161anai.<\/p>\n<ul>\n<li>Tie\u0161s apjoms pie sakn\u0113m<\/li>\n<li>Sp\u0113c\u012bga fiks\u0101cija<\/li>\n<li>Ilgsto\u0161s efekts<\/li>\n<\/ul>\n<p>Univers\u0101la matu laka, kas pie\u0161\u0137ir matiem papildu apjomu. Produkts nodro\u0161ina matiem notur\u012bgu apjomu un tekst\u016bru vien\u0101 mirkl\u012b. Uzreiz atdz\u012bvina matus. Piem\u0113rots ikdienas lieto\u0161anai. Sast\u0101v\u0101 eo\u0161ais z\u012bda prote\u012bns un argana e\u013c\u013ca nodro\u0161ina matiem optim\u0101lu mitruma l\u012bmeni. Tie aizsarg\u0101 boj\u0101tus, sausus un v\u0101jus matus pret \u0101r\u0113j\u0101s vides ietekmi. Satur Balmain Hair z\u012bmolam rakstur\u012bgo pat\u012bkamo arom\u0101tu.<\/p>\n<p><strong>LIETO\u0160ANA:<\/strong> Pirms lieto\u0161anas labi sakratiet. Izsmidziniet no 15-20 cm att\u0101luma uz matu sakn\u0113m uz sausiem vai ar dvieli nosusin\u0101tiem matiem.<\/p>","protected":false},"excerpt":{"rendered":"<p>BALMAIN HAIR \u0422\u0435\u043a\u0441\u0442\u0443\u0440\u0438\u0440\u0443\u044e\u0449\u0438\u0439 \u0441\u043f\u0440\u0435\u0439 \u0434\u043b\u044f \u043f\u0440\u0438\u0434\u0430\u043d\u0438\u044f \u043e\u0431\u044a\u0435\u043c\u0430 \u0422\u0435\u043a\u0441\u0442\u0443\u0440\u0438\u0440\u0443\u044e\u0449\u0438\u0439 \u0441\u043f\u0440\u0435\u0439 \u0434\u043b\u044f \u043f\u0440\u0438\u0434\u0430\u043d\u0438\u044f \u043e\u0431\u044a\u0435\u043c\u0430. \u041f\u0440\u0438\u0434\u0430\u0435\u0442 \u0432\u043e\u043b\u043e\u0441\u0430\u043c \u0433\u0443\u0441\u0442\u043e\u0442\u0443 \u0438 \u043e\u0431\u044a\u0435\u043c. \u0421\u043e\u0437\u0434\u0430\u0435\u0442 \u043c\u0430\u0442\u043e\u0432\u044b\u0439 \u0444\u0438\u043d\u0438\u0448 \u0441 \u0442\u0435\u043a\u0441\u0442\u0443\u0440\u043e\u0439.<\/p>","protected":false},"featured_media":2068,"comment_status":"open","ping_status":"closed","template":"","meta":{"_acf_changed":false},"matu-tips":[],"product_brand":[49],"product_cat":[60],"product_tag":[],"class_list":{"0":"post-1590","1":"product","2":"type-product","3":"status-publish","4":"has-post-thumbnail","6":"product_brand-balmain","7":"product_cat-matu-veidosanai","9":"first","10":"instock","11":"taxable","12":"shipping-taxable","13":"purchasable","14":"product-type-variable","15":"has-default-attributes"},"acf":[],"aioseo_notices":[],"_links":{"self":[{"href":"https:\/\/marfahairbar.lv\/ru\/wp-json\/wp\/v2\/product\/1590","targetHints":{"allow":["GET"]}}],"collection":[{"href":"https:\/\/marfahairbar.lv\/ru\/wp-json\/wp\/v2\/product"}],"about":[{"href":"https:\/\/marfahairbar.lv\/ru\/wp-json\/wp\/v2\/types\/product"}],"replies":[{"embeddable":true,"href":"https:\/\/marfahairbar.lv\/ru\/wp-json\/wp\/v2\/comments?post=1590"}],"wp:featuredmedia":[{"embeddable":true,"href":"https:\/\/marfahairbar.lv\/ru\/wp-json\/wp\/v2\/media\/2068"}],"wp:attachment":[{"href":"https:\/\/marfahairbar.lv\/ru\/wp-json\/wp\/v2\/media?parent=1590"}],"wp:term":[{"taxonomy":"matu-tips","embeddable":true,"href":"https:\/\/marfahairbar.lv\/ru\/wp-json\/wp\/v2\/matu-tips?post=1590"},{"taxonomy":"product_brand","embeddable":true,"href":"https:\/\/marfahairbar.lv\/ru\/wp-json\/wp\/v2\/product_brand?post=1590"},{"taxonomy":"product_cat","embeddable":true,"href":"https:\/\/marfahairbar.lv\/ru\/wp-json\/wp\/v2\/product_cat?post=1590"},{"taxonomy":"product_tag","embeddable":true,"href":"https:\/\/marfahairbar.lv\/ru\/wp-json\/wp\/v2\/product_tag?post=1590"}],"curies":[{"name":"wp","href":"https:\/\/api.w.org\/{rel}","templated":true}]}}