{"id":1588,"date":"2025-03-06T17:55:51","date_gmt":"2025-03-06T14:55:51","guid":{"rendered":"https:\/\/marfahairbar.lv\/produkts\/balmain-hair-matt-paste\/"},"modified":"2025-05-12T17:21:56","modified_gmt":"2025-05-12T14:21:56","slug":"%d0%bc%d0%b0%d1%82%d0%be%d0%b2%d0%b0%d1%8f-%d0%bf%d0%b0%d1%81%d1%82%d0%b0-%d0%b4%d0%bb%d1%8f-%d0%b2%d0%be%d0%bb%d0%be%d1%81-balmain","status":"publish","type":"product","link":"https:\/\/marfahairbar.lv\/ru\/%d0%bf%d1%80%d0%be%d0%b4%d1%83%d0%ba%d1%82\/%d0%bc%d0%b0%d1%82%d0%be%d0%b2%d0%b0%d1%8f-%d0%bf%d0%b0%d1%81%d1%82%d0%b0-%d0%b4%d0%bb%d1%8f-%d0%b2%d0%be%d0%bb%d0%be%d1%81-balmain\/","title":{"rendered":"BALMAIN HAIR Matt Paste"},"content":{"rendered":"<p>Dabiska mat\u0113ta matu pasta ar stipru notur\u012bbu un gludu tekst\u016bru. Nodro\u0161ina matiem izteiksm\u012bgumu, nav lip\u012bga, savalda spurainos matus.<\/p>\n<ul>\n<li>Apstr\u0101d\u0101jams visas dienas garum\u0101<\/li>\n<li>Dabisks, mat\u0113ts izskats<\/li>\n<li>Ar Balmain Hair rakstur\u012bgo arom\u0101tu<\/li>\n<\/ul>\n<p>Ar r\u012bcine\u013c\u013cu pies\u0101tin\u0101t\u0101 mat\u0113t\u0101 pasta aizsarg\u0101 matus no \u0101rpuses, vienlaikus saglab\u0101jot gludu tekst\u016bru.<\/p>\n<p>Veido\u0161anas pasta nav lip\u012bga, nepadara matus taukainus un saglab\u0101 friz\u016bru visas dienas garum\u0101.<\/p>\n<p>Pateicoties formulai, kas veidota uz \u016bdens b\u0101zes, pasta ir viegli izmazg\u0101jama, neatst\u0101jot atlikumus uz galvas \u0101das. Argana e\u013c\u013ca \u0161aj\u0101 produkt\u0101 atjauno sausus un boj\u0101tus matus. Piem\u0113rots visiem matu tipiem.<\/p>\n<p><strong>LIETO\u0160ANA:<\/strong> Uzkl\u0101jiet produktu uz plaukst\u0101m un p\u0113c tam uzkl\u0101jiet uz sausiem vai mitriem matiem. Veidojiet friz\u016bru p\u0113c v\u0113l\u0113\u0161an\u0101s.<\/p>","protected":false},"excerpt":{"rendered":"<p>\u041c\u0430\u0442\u043e\u0432\u0430\u044f \u043f\u0430\u0441\u0442\u0430 \u0434\u043b\u044f \u0432\u043e\u043b\u043e\u0441 BALMAIN HAIR Matt Paste \u0441\u0440\u0435\u0434\u043d\u0435\u0439 \u0444\u0438\u043a\u0441\u0430\u0446\u0438\u0438. \u041f\u0440\u0438\u0434\u0430\u0435\u0442 \u0432\u043e\u043b\u043e\u0441\u0430\u043c \u0442\u0435\u043a\u0441\u0442\u0443\u0440\u0443 \u0438 \u043c\u0430\u0442\u043e\u0432\u044b\u0439 \u0431\u043b\u0435\u0441\u043a. \u0418\u0434\u0435\u0430\u043b\u044c\u043d\u043e \u043f\u043e\u0434\u0445\u043e\u0434\u0438\u0442 \u0434\u043b\u044f \u0441\u0442\u0440\u0443\u043a\u0442\u0443\u0440\u0438\u0440\u043e\u0432\u0430\u043d\u043d\u044b\u0445 \u043f\u0440\u0438\u0447\u0435\u0441\u043e\u043a.<\/p>","protected":false},"featured_media":2060,"comment_status":"open","ping_status":"closed","template":"","meta":{"_acf_changed":false},"matu-tips":[],"product_brand":[49],"product_cat":[60],"product_tag":[],"class_list":{"0":"post-1588","1":"product","2":"type-product","3":"status-publish","4":"has-post-thumbnail","6":"product_brand-balmain","7":"product_cat-matu-veidosanai","9":"first","10":"instock","11":"taxable","12":"shipping-taxable","13":"purchasable","14":"product-type-variable","15":"has-default-attributes"},"acf":[],"aioseo_notices":[],"_links":{"self":[{"href":"https:\/\/marfahairbar.lv\/ru\/wp-json\/wp\/v2\/product\/1588","targetHints":{"allow":["GET"]}}],"collection":[{"href":"https:\/\/marfahairbar.lv\/ru\/wp-json\/wp\/v2\/product"}],"about":[{"href":"https:\/\/marfahairbar.lv\/ru\/wp-json\/wp\/v2\/types\/product"}],"replies":[{"embeddable":true,"href":"https:\/\/marfahairbar.lv\/ru\/wp-json\/wp\/v2\/comments?post=1588"}],"wp:featuredmedia":[{"embeddable":true,"href":"https:\/\/marfahairbar.lv\/ru\/wp-json\/wp\/v2\/media\/2060"}],"wp:attachment":[{"href":"https:\/\/marfahairbar.lv\/ru\/wp-json\/wp\/v2\/media?parent=1588"}],"wp:term":[{"taxonomy":"matu-tips","embeddable":true,"href":"https:\/\/marfahairbar.lv\/ru\/wp-json\/wp\/v2\/matu-tips?post=1588"},{"taxonomy":"product_brand","embeddable":true,"href":"https:\/\/marfahairbar.lv\/ru\/wp-json\/wp\/v2\/product_brand?post=1588"},{"taxonomy":"product_cat","embeddable":true,"href":"https:\/\/marfahairbar.lv\/ru\/wp-json\/wp\/v2\/product_cat?post=1588"},{"taxonomy":"product_tag","embeddable":true,"href":"https:\/\/marfahairbar.lv\/ru\/wp-json\/wp\/v2\/product_tag?post=1588"}],"curies":[{"name":"wp","href":"https:\/\/api.w.org\/{rel}","templated":true}]}}