{"id":1585,"date":"2025-03-06T17:55:50","date_gmt":"2025-03-06T14:55:50","guid":{"rendered":"https:\/\/marfahairbar.lv\/produkts\/balmain-hair-shine-wax\/"},"modified":"2025-05-12T17:21:56","modified_gmt":"2025-05-12T14:21:56","slug":"%d0%b2%d0%be%d1%81%d0%ba-%d0%b4%d0%bb%d1%8f-%d0%b1%d0%bb%d0%b5%d1%81%d0%ba%d0%b0-%d0%b2%d0%be%d0%bb%d0%be%d1%81-balmain","status":"publish","type":"product","link":"https:\/\/marfahairbar.lv\/ru\/%d0%bf%d1%80%d0%be%d0%b4%d1%83%d0%ba%d1%82\/%d0%b2%d0%be%d1%81%d0%ba-%d0%b4%d0%bb%d1%8f-%d0%b1%d0%bb%d0%b5%d1%81%d0%ba%d0%b0-%d0%b2%d0%be%d0%bb%d0%be%d1%81-balmain\/","title":{"rendered":"\u0412\u043e\u0441\u043a \u0434\u043b\u044f \u0431\u043b\u0435\u0441\u043a\u0430 \u0432\u043e\u043b\u043e\u0441 BALMAIN HAIR"},"content":{"rendered":"<p>\u041d\u0430\u0440\u0430\u0449\u0438\u0432\u0430\u0435\u043c\u044b\u0439 \u0432\u043e\u0441\u043a, \u043f\u0440\u0438\u0434\u0430\u044e\u0449\u0438\u0439 \u0447\u0435\u0442\u043a\u043e\u0441\u0442\u044c \u0438 \u0431\u043b\u0435\u0441\u043a. \u0413\u0438\u0431\u043a\u0430\u044f \u0444\u0438\u043a\u0441\u0430\u0446\u0438\u044f, \u043a\u043e\u0442\u043e\u0440\u0430\u044f \u0434\u0435\u0440\u0436\u0438\u0442\u0441\u044f \u0432\u0435\u0441\u044c \u0434\u0435\u043d\u044c. \u0418\u0434\u0435\u0430\u043b\u044c\u043d\u043e \u043f\u043e\u0434\u0445\u043e\u0434\u0438\u0442 \u0434\u043b\u044f \u0441\u043e\u0437\u0434\u0430\u043d\u0438\u044f \u0433\u043b\u0430\u0434\u043a\u043e\u0433\u043e \u0437\u0430\u0432\u0435\u0440\u0448\u0435\u043d\u043d\u043e\u0433\u043e \u043e\u0431\u0440\u0430\u0437\u0430. \u041b\u0435\u0433\u043a\u043e \u0441\u043c\u044b\u0432\u0430\u0435\u0442\u0441\u044f \u0431\u043b\u0430\u0433\u043e\u0434\u0430\u0440\u044f \u0444\u043e\u0440\u043c\u0443\u043b\u0435 \u043d\u0430 \u0432\u043e\u0434\u043d\u043e\u0439 \u043e\u0441\u043d\u043e\u0432\u0435.<\/p>\n<ul>\n<li>\u0412\u043e\u0437\u043c\u043e\u0436\u043d\u043e\u0441\u0442\u044c \u043f\u043e\u0432\u0442\u043e\u0440\u043d\u043e\u0439 \u0441\u0431\u043e\u0440\u043a\u0438<\/li>\n<li>\u041e\u043f\u0440\u0435\u0434\u0435\u043b\u044f\u0435\u0442 \u0437\u0430\u0432\u0438\u0442\u043a\u0438 \u0432\u043e\u043b\u043e\u0441<\/li>\n<li>\u041f\u0440\u0438\u0434\u0430\u0435\u0442 \u0432\u0435\u043b\u0438\u043a\u043e\u043b\u0435\u043f\u043d\u044b\u0439 \u0431\u043b\u0435\u0441\u043a<\/li>\n<\/ul>\n<p>\u0421\u043e\u0437\u0434\u0430\u0439\u0442\u0435 \u0438\u0434\u0435\u0430\u043b\u044c\u043d\u043e \u0433\u043b\u0430\u0434\u043a\u0438\u0435 \u0432\u043e\u043b\u043e\u0441\u044b \u0441 \u043f\u043e\u043c\u043e\u0449\u044c\u044e \u0432\u043e\u0441\u043a\u0430-\u0431\u043b\u0435\u0441\u043a\u0430 \u0434\u043b\u044f \u0432\u043e\u043b\u043e\u0441 Balmain. \u041f\u0440\u0438 \u0436\u0435\u043b\u0430\u043d\u0438\u0438 \u0432\u044b \u043c\u043e\u0436\u0435\u0442\u0435 \u043c\u0435\u043d\u044f\u0442\u044c \u0442\u0435\u043a\u0441\u0442\u0443\u0440\u0443 \u0432\u043e\u043b\u043e\u0441 \u0432 \u0442\u0435\u0447\u0435\u043d\u0438\u0435 \u0434\u043d\u044f. \u0412\u043e\u0441\u043a \u043f\u043e\u043c\u043e\u0433\u0430\u0435\u0442 \u043f\u0440\u0438\u0434\u0430\u0442\u044c \u0444\u043e\u0440\u043c\u0443 \u0438 \u0447\u0435\u0442\u043a\u043e\u0441\u0442\u044c \u043a\u0430\u0436\u0434\u043e\u0439 \u043f\u0440\u044f\u0434\u0438 \u0438 \u043f\u0440\u0438\u0434\u0430\u0435\u0442 \u0432\u043e\u043b\u043e\u0441\u0430\u043c \u0432\u0435\u043b\u0438\u043a\u043e\u043b\u0435\u043f\u043d\u044b\u0439 \u0431\u043b\u0435\u0441\u043a. \u0414\u043b\u044f \u0443\u0432\u043b\u0430\u0436\u043d\u0435\u043d\u043d\u044b\u0445, \u043a\u043e\u043d\u0442\u0440\u043e\u043b\u0438\u0440\u0443\u0435\u043c\u044b\u0445 \u0438 \u043f\u0438\u0442\u0430\u0442\u0435\u043b\u044c\u043d\u044b\u0445 \u0432\u043e\u043b\u043e\u0441.<\/p>\n<p>\u041f\u0440\u043e\u0442\u0435\u0438\u043d \u0448\u0435\u043b\u043a\u0430 \u0438 \u043c\u0430\u0441\u043b\u043e \u0430\u0440\u0433\u0430\u043d\u044b \u043f\u043e\u0434\u0434\u0435\u0440\u0436\u0438\u0432\u0430\u044e\u0442 \u043e\u043f\u0442\u0438\u043c\u0430\u043b\u044c\u043d\u044b\u0439 \u0443\u0440\u043e\u0432\u0435\u043d\u044c \u0432\u043b\u0430\u0433\u0438 \u0432 \u0432\u043e\u043b\u043e\u0441\u0430\u0445, \u0432\u043e\u0441\u0441\u0442\u0430\u043d\u0430\u0432\u043b\u0438\u0432\u0430\u044f \u0438 \u0437\u0430\u0449\u0438\u0449\u0430\u044f \u043f\u043e\u0432\u0440\u0435\u0436\u0434\u0435\u043d\u043d\u044b\u0435, \u0441\u0443\u0445\u0438\u0435 \u0438 \u0441\u043b\u0430\u0431\u044b\u0435 \u0432\u043e\u043b\u043e\u0441\u044b. \u0421\u043e\u0434\u0435\u0440\u0436\u0438\u0442 \u043f\u0440\u0438\u044f\u0442\u043d\u044b\u0439 \u0430\u0440\u043e\u043c\u0430\u0442, \u0445\u0430\u0440\u0430\u043a\u0442\u0435\u0440\u043d\u044b\u0439 \u0434\u043b\u044f \u0431\u0440\u0435\u043d\u0434\u0430 Balmain Hair.<\/p>\n<p><strong>LIETO\u0160ANA:<\/strong> Uzkl\u0101jiet produktu uz plaukst\u0101m un p\u0113c tam uzkl\u0101jiet uz sausiem vai mitriem matiem. Veidojiet friz\u016bru p\u0113c v\u0113l\u0113\u0161an\u0101s.<\/p>","protected":false},"excerpt":{"rendered":"<p>BALMAIN HAIR Shine Wax \u0412\u043e\u0441\u043a \u0434\u043b\u044f \u0431\u043b\u0435\u0441\u043a\u0430 \u0432\u043e\u043b\u043e\u0441. \u041f\u0440\u0438\u0434\u0430\u0435\u0442 \u0432\u043e\u043b\u043e\u0441\u0430\u043c \u0435\u0441\u0442\u0435\u0441\u0442\u0432\u0435\u043d\u043d\u044b\u0439 \u0431\u043b\u0435\u0441\u043a \u0438 \u043b\u0435\u0433\u043a\u0443\u044e \u0444\u0438\u043a\u0441\u0430\u0446\u0438\u044e. \u041f\u043e\u0434\u0447\u0435\u0440\u043a\u0438\u0432\u0430\u0435\u0442 \u0442\u0435\u043a\u0441\u0442\u0443\u0440\u0443 \u0438 \u0435\u0441\u0442\u0435\u0441\u0442\u0432\u0435\u043d\u043d\u0443\u044e \u043f\u043e\u0434\u0432\u0438\u0436\u043d\u043e\u0441\u0442\u044c \u0432\u043e\u043b\u043e\u0441.<\/p>","protected":false},"featured_media":2051,"comment_status":"open","ping_status":"closed","template":"","meta":{"_acf_changed":false},"matu-tips":[],"product_brand":[49],"product_cat":[60],"product_tag":[],"class_list":{"0":"post-1585","1":"product","2":"type-product","3":"status-publish","4":"has-post-thumbnail","6":"product_brand-balmain","7":"product_cat-matu-veidosanai","9":"first","10":"instock","11":"taxable","12":"shipping-taxable","13":"purchasable","14":"product-type-variable","15":"has-default-attributes"},"acf":[],"aioseo_notices":[],"_links":{"self":[{"href":"https:\/\/marfahairbar.lv\/ru\/wp-json\/wp\/v2\/product\/1585","targetHints":{"allow":["GET"]}}],"collection":[{"href":"https:\/\/marfahairbar.lv\/ru\/wp-json\/wp\/v2\/product"}],"about":[{"href":"https:\/\/marfahairbar.lv\/ru\/wp-json\/wp\/v2\/types\/product"}],"replies":[{"embeddable":true,"href":"https:\/\/marfahairbar.lv\/ru\/wp-json\/wp\/v2\/comments?post=1585"}],"wp:featuredmedia":[{"embeddable":true,"href":"https:\/\/marfahairbar.lv\/ru\/wp-json\/wp\/v2\/media\/2051"}],"wp:attachment":[{"href":"https:\/\/marfahairbar.lv\/ru\/wp-json\/wp\/v2\/media?parent=1585"}],"wp:term":[{"taxonomy":"matu-tips","embeddable":true,"href":"https:\/\/marfahairbar.lv\/ru\/wp-json\/wp\/v2\/matu-tips?post=1585"},{"taxonomy":"product_brand","embeddable":true,"href":"https:\/\/marfahairbar.lv\/ru\/wp-json\/wp\/v2\/product_brand?post=1585"},{"taxonomy":"product_cat","embeddable":true,"href":"https:\/\/marfahairbar.lv\/ru\/wp-json\/wp\/v2\/product_cat?post=1585"},{"taxonomy":"product_tag","embeddable":true,"href":"https:\/\/marfahairbar.lv\/ru\/wp-json\/wp\/v2\/product_tag?post=1585"}],"curies":[{"name":"wp","href":"https:\/\/api.w.org\/{rel}","templated":true}]}}