{"id":1584,"date":"2025-03-06T17:55:49","date_gmt":"2025-03-06T14:55:49","guid":{"rendered":"https:\/\/marfahairbar.lv\/produkts\/balmain-hair-matt-clay-strong\/"},"modified":"2025-05-12T17:21:56","modified_gmt":"2025-05-12T14:21:56","slug":"balmain-hair-matt-clay-strong","status":"publish","type":"product","link":"https:\/\/marfahairbar.lv\/ru\/%d0%bf%d1%80%d0%be%d0%b4%d1%83%d0%ba%d1%82\/balmain-hair-matt-clay-strong\/","title":{"rendered":"BALMAIN HAIR Matt Clay Strong"},"content":{"rendered":"<p>\u0413\u043b\u0438\u043d\u0430 \u0434\u043b\u044f \u0432\u043e\u043b\u043e\u0441 \u0441\u0438\u043b\u044c\u043d\u043e\u0439 \u0444\u0438\u043a\u0441\u0430\u0446\u0438\u0438 \u0434\u043b\u044f \u0441\u043e\u0437\u0434\u0430\u043d\u0438\u044f \u043c\u0430\u0442\u043e\u0432\u043e\u0433\u043e \u043e\u0431\u0440\u0430\u0437\u0430 \u0441 \u043c\u0430\u043a\u0441\u0438\u043c\u0430\u043b\u044c\u043d\u043e\u0439 \u0442\u0435\u043a\u0441\u0442\u0443\u0440\u043e\u0439. \u041e\u0431\u0435\u0441\u043f\u0435\u0447\u0438\u0432\u0430\u0435\u0442 \u0434\u043b\u0438\u0442\u0435\u043b\u044c\u043d\u0443\u044e \u0444\u0438\u043a\u0441\u0430\u0446\u0438\u044e. \u0423\u043c\u0435\u043d\u044c\u0448\u0430\u0435\u0442 \u043f\u0443\u0448\u0435\u043d\u0438\u0435 \u0438 \u043e\u0441\u0442\u0430\u0435\u0442\u0441\u044f \u0441\u0443\u0445\u0438\u043c \u0432 \u0442\u0435\u0447\u0435\u043d\u0438\u0435 \u0432\u0441\u0435\u0433\u043e \u0434\u043d\u044f.<\/p>\n<ul>\n<li>\u041f\u0440\u0438\u0434\u0430\u0435\u0442 \u0432\u043e\u043b\u043e\u0441\u0430\u043c \u0442\u0435\u043a\u0441\u0442\u0443\u0440\u0443<\/li>\n<li>Sp\u0113c\u012bga fiks\u0101cija<\/li>\n<li>Dabisks, mat\u0113ts izskats<\/li>\n<\/ul>\n<p>\u042d\u0442\u0430 \u0433\u043b\u0438\u043d\u0430 \u0434\u043b\u044f \u0432\u043e\u043b\u043e\u0441 \u0441\u0438\u043b\u044c\u043d\u043e\u0439 \u0444\u0438\u043a\u0441\u0430\u0446\u0438\u0438 \u0441\u043e\u0437\u0434\u0430\u0435\u0442 \u0435\u0441\u0442\u0435\u0441\u0442\u0432\u0435\u043d\u043d\u044b\u0439 \u043c\u0430\u0442\u043e\u0432\u044b\u0439 \u0432\u0438\u0434. \u0413\u043b\u0438\u043d\u0430 \u043e\u0431\u0435\u0441\u043f\u0435\u0447\u0438\u0432\u0430\u0435\u0442 \u0441\u0438\u043b\u044c\u043d\u0443\u044e \u0444\u0438\u043a\u0441\u0430\u0446\u0438\u044e \u0438 \u043e\u0441\u0442\u0430\u0435\u0442\u0441\u044f \u0441\u0443\u0445\u043e\u0439 \u0438 \u043f\u043e\u0441\u043b\u0443\u0448\u043d\u043e\u0439 \u0432 \u0442\u0435\u0447\u0435\u043d\u0438\u0435 \u0432\u0441\u0435\u0433\u043e \u0434\u043d\u044f. \u0410\u0440\u0433\u0430\u043d\u043e\u0432\u044b\u0439 \u044d\u043b\u0438\u043a\u0441\u0438\u0440 \u0432\u043e\u0441\u0441\u0442\u0430\u043d\u0430\u0432\u043b\u0438\u0432\u0430\u0435\u0442 \u0435\u0441\u0442\u0435\u0441\u0442\u0432\u0435\u043d\u043d\u044b\u0439 \u0431\u043b\u0435\u0441\u043a \u0438 \u043f\u0438\u0442\u0430\u0435\u0442 \u0441\u0443\u0445\u0438\u0435 \u0438 \u043f\u043e\u0432\u0440\u0435\u0436\u0434\u0435\u043d\u043d\u044b\u0435 \u0432\u043e\u043b\u043e\u0441\u044b. \u041f\u0440\u043e\u0442\u0435\u0438\u043d \u0448\u0435\u043b\u043a\u0430 \u043f\u043e\u043c\u043e\u0436\u0435\u0442 \u0432\u043e\u0441\u0441\u0442\u0430\u043d\u043e\u0432\u0438\u0442\u044c \u0432\u043e\u043b\u043e\u043a\u043d\u0430 \u0432\u043e\u043b\u043e\u0441 \u0438 \u043f\u0440\u0438\u0434\u0430\u0442\u044c \u0438\u043c \u043f\u0440\u0438\u0432\u043b\u0435\u043a\u0430\u0442\u0435\u043b\u044c\u043d\u044b\u0439 \u0432\u0438\u0434. \u0421\u043e\u0434\u0435\u0440\u0436\u0438\u0442 \u043f\u0440\u0438\u044f\u0442\u043d\u044b\u0439 \u0430\u0440\u043e\u043c\u0430\u0442, \u0445\u0430\u0440\u0430\u043a\u0442\u0435\u0440\u043d\u044b\u0439 \u0434\u043b\u044f \u0431\u0440\u0435\u043d\u0434\u0430 Balmain Hair.<\/p>\n<p><strong>LIETO\u0160ANA:<\/strong> Uzkl\u0101jiet produktu uz plaukst\u0101m un p\u0113c tam uzkl\u0101jiet uz sausiem vai mitriem matiem. Veidojiet friz\u016bru p\u0113c v\u0113l\u0113\u0161an\u0101s.<\/p>","protected":false},"excerpt":{"rendered":"<p>BALMAIN HAIR Matt Clay \u0421\u0438\u043b\u044c\u043d\u0430\u044f \u043c\u0430\u0442\u0438\u0440\u0443\u044e\u0449\u0430\u044f \u0433\u043b\u0438\u043d\u044f\u043d\u0430\u044f \u043f\u0430\u0441\u0442\u0430 \u0441\u0438\u043b\u044c\u043d\u043e\u0439 \u0444\u0438\u043a\u0441\u0430\u0446\u0438\u0438. \u041f\u0440\u0438\u0434\u0430\u0435\u0442 \u043c\u0430\u0442\u043e\u0432\u043e\u0435 \u043f\u043e\u043a\u0440\u044b\u0442\u0438\u0435 \u0438 \u0441\u0442\u0440\u0443\u043a\u0442\u0443\u0440\u0438\u0440\u043e\u0432\u0430\u043d\u043d\u044b\u0439 \u0432\u0438\u0434. \u0418\u0434\u0435\u0430\u043b\u044c\u043d\u043e \u043f\u043e\u0434\u0445\u043e\u0434\u0438\u0442 \u0434\u043b\u044f \u043a\u043e\u0440\u043e\u0442\u043a\u0438\u0445 \u0432\u043e\u043b\u043e\u0441.<\/p>","protected":false},"featured_media":2048,"comment_status":"open","ping_status":"closed","template":"","meta":{"_acf_changed":false},"matu-tips":[],"product_brand":[49],"product_cat":[60],"product_tag":[],"class_list":{"0":"post-1584","1":"product","2":"type-product","3":"status-publish","4":"has-post-thumbnail","6":"product_brand-balmain","7":"product_cat-matu-veidosanai","9":"first","10":"instock","11":"taxable","12":"shipping-taxable","13":"purchasable","14":"product-type-variable","15":"has-default-attributes"},"acf":[],"aioseo_notices":[],"_links":{"self":[{"href":"https:\/\/marfahairbar.lv\/ru\/wp-json\/wp\/v2\/product\/1584","targetHints":{"allow":["GET"]}}],"collection":[{"href":"https:\/\/marfahairbar.lv\/ru\/wp-json\/wp\/v2\/product"}],"about":[{"href":"https:\/\/marfahairbar.lv\/ru\/wp-json\/wp\/v2\/types\/product"}],"replies":[{"embeddable":true,"href":"https:\/\/marfahairbar.lv\/ru\/wp-json\/wp\/v2\/comments?post=1584"}],"wp:featuredmedia":[{"embeddable":true,"href":"https:\/\/marfahairbar.lv\/ru\/wp-json\/wp\/v2\/media\/2048"}],"wp:attachment":[{"href":"https:\/\/marfahairbar.lv\/ru\/wp-json\/wp\/v2\/media?parent=1584"}],"wp:term":[{"taxonomy":"matu-tips","embeddable":true,"href":"https:\/\/marfahairbar.lv\/ru\/wp-json\/wp\/v2\/matu-tips?post=1584"},{"taxonomy":"product_brand","embeddable":true,"href":"https:\/\/marfahairbar.lv\/ru\/wp-json\/wp\/v2\/product_brand?post=1584"},{"taxonomy":"product_cat","embeddable":true,"href":"https:\/\/marfahairbar.lv\/ru\/wp-json\/wp\/v2\/product_cat?post=1584"},{"taxonomy":"product_tag","embeddable":true,"href":"https:\/\/marfahairbar.lv\/ru\/wp-json\/wp\/v2\/product_tag?post=1584"}],"curies":[{"name":"wp","href":"https:\/\/api.w.org\/{rel}","templated":true}]}}