{"id":1581,"date":"2025-03-06T17:55:47","date_gmt":"2025-03-06T14:55:47","guid":{"rendered":"https:\/\/marfahairbar.lv\/produkts\/balmain-hair-professional-aftercare-mask\/"},"modified":"2025-05-12T17:21:56","modified_gmt":"2025-05-12T14:21:56","slug":"%d0%bf%d1%80%d0%be%d1%84%d0%b5%d1%81%d1%81%d0%b8%d0%be%d0%bd%d0%b0%d0%bb%d1%8c%d0%bd%d0%b0%d1%8f-%d0%bc%d0%b0%d1%81%d0%ba%d0%b0-%d0%b4%d0%bb%d1%8f-%d0%b2%d0%be%d0%bb%d0%be%d1%81-balmain","status":"publish","type":"product","link":"https:\/\/marfahairbar.lv\/ru\/%d0%bf%d1%80%d0%be%d0%b4%d1%83%d0%ba%d1%82\/%d0%bf%d1%80%d0%be%d1%84%d0%b5%d1%81%d1%81%d0%b8%d0%be%d0%bd%d0%b0%d0%bb%d1%8c%d0%bd%d0%b0%d1%8f-%d0%bc%d0%b0%d1%81%d0%ba%d0%b0-%d0%b4%d0%bb%d1%8f-%d0%b2%d0%be%d0%bb%d0%be%d1%81-balmain\/","title":{"rendered":"\u041f\u0440\u043e\u0444\u0435\u0441\u0441\u0438\u043e\u043d\u0430\u043b\u044c\u043d\u0430\u044f \u043c\u0430\u0441\u043a\u0430 \u043f\u043e\u0441\u043b\u0435 \u0431\u0440\u0438\u0442\u044c\u044f BALMAIN HAIR"},"content":{"rendered":"<p>Lai matu pieaudz\u0113\u0161ana un dab\u012bgie mati b\u016btu ide\u0101l\u0101 st\u0101vokl\u012b, ir \u013coti svar\u012bgi izmantot profesion\u0101lus kop\u0161anas l\u012bdzek\u013cus. Profesion\u0101l\u0101 kop\u0161anas maska ir \u012bpa\u0161i izstr\u0101d\u0101ta, lai r\u016bp\u0113tos par dab\u012bgiem matiem un pieaudz\u0113tiem matiem. Intens\u012bv\u0101 maska atjauno matu strukt\u016bru, atst\u0101jot matus intens\u012bvi pabarotus.<\/p>\n<p>Mitrino\u0161a maska bag\u0101tin\u0101ta ar argana e\u013c\u013cu un z\u012bda prote\u012bnu. Mitrina un atjauno sausus, boj\u0101tus matus. Stiprina no iek\u0161puses un pie\u0161\u0137ir dz\u012bv\u012bgumu un sp\u012bdumu. Maska pagarina pieaudz\u0113to matu kalpo\u0161anas laiku un t\u0101 ir neat\u0146emama kop\u0161anas sast\u0101vda\u013ca.<\/p>\n<ul>\n<li>Ikned\u0113\u013cas matu maska pieaudz\u0113tiem matiem<\/li>\n<li>Atjauno un stiprina<\/li>\n<li>Apstiprina 6 m\u0113ne\u0161u kvalit\u0101tes garantiju visiem Human Hair produktiem.<\/li>\n<\/ul>\n<p><strong>\u0418\u0441\u043f\u043e\u043b\u044c\u0437\u043e\u0432\u0430\u043d\u0438\u0435:<\/strong> Uzkl\u0101t ar dvieli nosusin\u0101tos matos, maigi iemas\u0113t, p\u0113c 5 l\u012bdz 10 min\u016bt\u0113m r\u016bp\u012bgi izskalot.<\/p>","protected":false},"excerpt":{"rendered":"<p>BALMAIN HAIR Professional Aftercare Mask \u0438\u043d\u0442\u0435\u043d\u0441\u0438\u0432\u043d\u0430\u044f \u043c\u0430\u0441\u043a\u0430 \u043f\u043e\u0441\u043b\u0435 \u0445\u0438\u043c\u0438\u0447\u0435\u0441\u043a\u043e\u0439 \u043e\u0431\u0440\u0430\u0431\u043e\u0442\u043a\u0438. \u0412\u043e\u0441\u0441\u0442\u0430\u043d\u0430\u0432\u043b\u0438\u0432\u0430\u0435\u0442 \u0441\u0442\u0440\u0443\u043a\u0442\u0443\u0440\u0443 \u0432\u043e\u043b\u043e\u0441 \u0438 \u0437\u0430\u0449\u0438\u0449\u0430\u0435\u0442 \u043e\u0442 \u0434\u0430\u043b\u044c\u043d\u0435\u0439\u0448\u0438\u0445 \u043f\u043e\u0432\u0440\u0435\u0436\u0434\u0435\u043d\u0438\u0439.<\/p>","protected":false},"featured_media":2039,"comment_status":"open","ping_status":"closed","template":"","meta":{"_acf_changed":false},"matu-tips":[82],"product_brand":[49],"product_cat":[55],"product_tag":[],"class_list":{"0":"post-1581","1":"product","2":"type-product","3":"status-publish","4":"has-post-thumbnail","6":"matu-tips-visiem-matu-tipiem","7":"product_brand-balmain","8":"product_cat-matu-maskas","10":"first","11":"instock","12":"taxable","13":"shipping-taxable","14":"purchasable","15":"product-type-variable","16":"has-default-attributes"},"acf":[],"aioseo_notices":[],"_links":{"self":[{"href":"https:\/\/marfahairbar.lv\/ru\/wp-json\/wp\/v2\/product\/1581","targetHints":{"allow":["GET"]}}],"collection":[{"href":"https:\/\/marfahairbar.lv\/ru\/wp-json\/wp\/v2\/product"}],"about":[{"href":"https:\/\/marfahairbar.lv\/ru\/wp-json\/wp\/v2\/types\/product"}],"replies":[{"embeddable":true,"href":"https:\/\/marfahairbar.lv\/ru\/wp-json\/wp\/v2\/comments?post=1581"}],"wp:featuredmedia":[{"embeddable":true,"href":"https:\/\/marfahairbar.lv\/ru\/wp-json\/wp\/v2\/media\/2039"}],"wp:attachment":[{"href":"https:\/\/marfahairbar.lv\/ru\/wp-json\/wp\/v2\/media?parent=1581"}],"wp:term":[{"taxonomy":"matu-tips","embeddable":true,"href":"https:\/\/marfahairbar.lv\/ru\/wp-json\/wp\/v2\/matu-tips?post=1581"},{"taxonomy":"product_brand","embeddable":true,"href":"https:\/\/marfahairbar.lv\/ru\/wp-json\/wp\/v2\/product_brand?post=1581"},{"taxonomy":"product_cat","embeddable":true,"href":"https:\/\/marfahairbar.lv\/ru\/wp-json\/wp\/v2\/product_cat?post=1581"},{"taxonomy":"product_tag","embeddable":true,"href":"https:\/\/marfahairbar.lv\/ru\/wp-json\/wp\/v2\/product_tag?post=1581"}],"curies":[{"name":"wp","href":"https:\/\/api.w.org\/{rel}","templated":true}]}}