{"id":1578,"date":"2025-03-06T17:55:46","date_gmt":"2025-03-06T14:55:46","guid":{"rendered":"https:\/\/marfahairbar.lv\/produkts\/balmain-hair-illuminating-mask-silver-pearl\/"},"modified":"2025-05-12T17:21:56","modified_gmt":"2025-05-12T14:21:56","slug":"%d0%bc%d0%b0%d1%81%d0%ba%d0%b0-%d0%b4%d0%bb%d1%8f-%d0%be%d1%81%d0%b2%d0%b5%d1%82%d0%bb%d0%b5%d0%bd%d0%b8%d1%8f-%d0%b2%d0%be%d0%bb%d0%be%d1%81-balmain-%d1%81%d0%b5%d1%80%d0%b5%d0%b1%d1%80%d1%8f%d0%bd","status":"publish","type":"product","link":"https:\/\/marfahairbar.lv\/ru\/%d0%bf%d1%80%d0%be%d0%b4%d1%83%d0%ba%d1%82\/%d0%bc%d0%b0%d1%81%d0%ba%d0%b0-%d0%b4%d0%bb%d1%8f-%d0%be%d1%81%d0%b2%d0%b5%d1%82%d0%bb%d0%b5%d0%bd%d0%b8%d1%8f-%d0%b2%d0%be%d0%bb%d0%be%d1%81-balmain-%d1%81%d0%b5%d1%80%d0%b5%d0%b1%d1%80%d1%8f%d0%bd\/","title":{"rendered":"BALMAIN HAIR Illuminating Mask Silver Pearl"},"content":{"rendered":"<p>\u041e\u0441\u0432\u0435\u0442\u043b\u044f\u044e\u0449\u0438\u0439 \u0441\u043f\u0430-\u0443\u0445\u043e\u0434 \u0441 \u0447\u0438\u0441\u0442\u044b\u043c\u0438 \u0444\u0438\u043e\u043b\u0435\u0442\u043e\u0432\u044b\u043c\u0438 \u043f\u0438\u0433\u043c\u0435\u043d\u0442\u0430\u043c\u0438 \u0434\u043b\u044f \u0441\u0432\u0435\u0442\u043b\u044b\u0445 \u0438 \u0441\u0435\u0440\u0435\u0431\u0440\u0438\u0441\u0442\u044b\u0445 \u0432\u043e\u043b\u043e\u0441. \u041a\u043e\u0440\u0440\u0435\u043a\u0442\u0438\u0440\u0443\u0435\u0442 \u0436\u0435\u043b\u0442\u044b\u0435 \u0438 \u043e\u0440\u0430\u043d\u0436\u0435\u0432\u044b\u0435 \u0431\u043b\u0438\u043a\u0438, \u043f\u0440\u0438\u0434\u0430\u0435\u0442 \u0432\u043e\u043b\u043e\u0441\u0430\u043c \u044f\u0440\u043a\u0438\u0439 \u0445\u043e\u043b\u043e\u0434\u043d\u044b\u0439 \u0441\u0432\u0435\u0442\u043b\u044b\u0439 \u0438\u043b\u0438 \u0441\u0435\u0440\u044b\u0439 \u043e\u0442\u0442\u0435\u043d\u043e\u043a. \u041e\u0431\u043e\u0433\u0430\u0449\u0435\u043d \u043c\u043e\u0449\u043d\u043e\u0439 \u0441\u043c\u0435\u0441\u044c\u044e \u044f\u043d\u0442\u0430\u0440\u043d\u043e\u0439 \u043a\u0438\u0441\u043b\u043e\u0442\u044b, \u0430\u0440\u0433\u0430\u043d\u043e\u0432\u043e\u0433\u043e \u044d\u043b\u0438\u043a\u0441\u0438\u0440\u0430, \u043f\u0440\u043e\u0442\u0435\u0438\u043d\u043e\u0432 \u0448\u0435\u043b\u043a\u0430 \u0438 \u043a\u0430\u0448\u0435\u043c\u0438\u0440\u0430 \u0434\u043b\u044f \u0443\u043a\u0440\u0435\u043f\u043b\u0435\u043d\u0438\u044f \u0438 \u0437\u0430\u0449\u0438\u0442\u044b \u0441\u0442\u0440\u0443\u043a\u0442\u0443\u0440\u044b \u0432\u043e\u043b\u043e\u0441.\u041a\u043e\u0440\u0440\u0435\u043a\u0442\u0438\u0440\u0443\u0435\u0442 \u043e\u0440\u0430\u043d\u0436\u0435\u0432\u044b\u0435 \u0438 \u0436\u0435\u043b\u0442\u044b\u0435 \u043e\u0442\u0442\u0435\u043d\u043a\u0438, \u0441\u043e\u0445\u0440\u0430\u043d\u044f\u0435\u0442 \u0441\u0435\u0440\u0435\u0431\u0440\u0438\u0441\u0442\u044b\u0439 \u0438 \u043a\u0440\u0438\u0441\u0442\u0430\u043b\u044c\u043d\u043e-\u0441\u0435\u0440\u044b\u0439 \u0446\u0432\u0435\u0442, \u0438\u0434\u0435\u0430\u043b\u044c\u043d\u043e \u043f\u043e\u0434\u0445\u043e\u0434\u0438\u0442 \u0434\u043b\u044f \u0438\u0441\u043f\u043e\u043b\u044c\u0437\u043e\u0432\u0430\u043d\u0438\u044f \u043c\u0435\u0436\u0434\u0443 \u043e\u043a\u0440\u0430\u0448\u0438\u0432\u0430\u043d\u0438\u044f\u043c\u0438.\u041e\u0441\u0432\u0435\u0442\u043b\u0435\u043d\u043d\u044b\u0435 \u0441\u0432\u0435\u0442\u043b\u044b\u0435 \u0432\u043e\u043b\u043e\u0441\u044b \u0438\u043b\u0438 \u0432\u043e\u043b\u043e\u0441\u044b \u0441 \u043e\u0431\u0435\u0441\u0446\u0432\u0435\u0447\u0435\u043d\u043d\u044b\u043c\u0438 \u043f\u0440\u044f\u0434\u044f\u043c\u0438 \u0442\u0440\u0435\u0431\u0443\u044e\u0442 \u0442\u0449\u0430\u0442\u0435\u043b\u044c\u043d\u043e\u0433\u043e \u0438 \u043f\u043e\u0441\u0442\u043e\u044f\u043d\u043d\u043e\u0433\u043e \u0443\u0445\u043e\u0434\u0430. \u0421\u0440\u0435\u0434\u0441\u0442\u0432\u0430 \u043f\u043e \u0443\u0445\u043e\u0434\u0443 \u0437\u0430 \u0432\u043e\u043b\u043e\u0441\u0430\u043c\u0438, \u043e\u0431\u043e\u0433\u0430\u0449\u0435\u043d\u043d\u044b\u0435 \u0444\u0438\u043e\u043b\u0435\u0442\u043e\u0432\u044b\u043c\u0438 \u043f\u0438\u0433\u043c\u0435\u043d\u0442\u0430\u043c\u0438, \u043d\u0435\u043e\u0431\u0445\u043e\u0434\u0438\u043c\u044b \u043c\u0435\u0436\u0434\u0443 \u043e\u043a\u0440\u0430\u0448\u0438\u0432\u0430\u043d\u0438\u044f\u043c\u0438 \u0434\u043b\u044f \u043f\u0440\u0435\u0434\u043e\u0442\u0432\u0440\u0430\u0449\u0435\u043d\u0438\u044f \u043d\u0435\u0436\u0435\u043b\u0430\u0442\u0435\u043b\u044c\u043d\u044b\u0445 \u0442\u0435\u043f\u043b\u044b\u0445 \u043e\u0442\u0442\u0435\u043d\u043a\u043e\u0432. \u0421\u0435\u0440\u0438\u044f Balmain Hair Illuminating, \u043e\u0431\u043e\u0433\u0430\u0449\u0435\u043d\u043d\u0430\u044f \u0447\u0438\u0441\u0442\u044b\u043c\u0438 \u0444\u0438\u043e\u043b\u0435\u0442\u043e\u0432\u044b\u043c\u0438 \u043f\u0438\u0433\u043c\u0435\u043d\u0442\u0430\u043c\u0438, \u043f\u043e\u043c\u043e\u0433\u0430\u0435\u0442 \u043d\u0435\u0439\u0442\u0440\u0430\u043b\u0438\u0437\u043e\u0432\u0430\u0442\u044c \u043d\u0435\u0436\u0435\u043b\u0430\u0442\u0435\u043b\u044c\u043d\u044b\u0435 \u0442\u0435\u043f\u043b\u044b\u0435 \u0442\u043e\u043d\u0430 \u0438 \u043e\u0441\u0432\u0435\u0442\u043b\u0438\u0442\u044c \u0446\u0432\u0435\u0442 \u0432\u043e\u043b\u043e\u0441. \u041c\u0430\u0441\u043a\u0430 Silver Pearl Illuminating Mask \u0433\u043b\u0443\u0431\u043e\u043a\u043e \u043f\u0438\u0442\u0430\u0435\u0442 \u0432\u043e\u043b\u043e\u0441\u044b, \u0441\u043e\u0445\u0440\u0430\u043d\u044f\u044f \u0438\u0445 \u043a\u0440\u0438\u0441\u0442\u0430\u043b\u044c\u043d\u043e-\u0441\u0435\u0440\u044b\u0439 \u0446\u0432\u0435\u0442. \u041d\u0430\u0441\u044b\u0449\u0435\u043d\u043d\u0430\u044f \u0444\u0438\u0440\u043c\u0435\u043d\u043d\u043e\u0439 \u0441\u043c\u0435\u0441\u044c\u044e \u0430\u0440\u0433\u0430\u043d\u043e\u0432\u043e\u0433\u043e \u044d\u043b\u0438\u043a\u0441\u0438\u0440\u0430 \u0438 \u043f\u0440\u043e\u0442\u0435\u0438\u043d\u043e\u0432 \u0448\u0435\u043b\u043a\u0430, \u043c\u0430\u0441\u043a\u0430 \u043f\u0438\u0442\u0430\u0435\u0442 \u0432\u043e\u043b\u043e\u0441\u044b \u0438\u0437\u043d\u0443\u0442\u0440\u0438. \u0414\u043b\u044f \u0434\u043e\u0441\u0442\u0438\u0436\u0435\u043d\u0438\u044f \u043d\u0430\u0438\u043b\u0443\u0447\u0448\u0438\u0445 \u0440\u0435\u0437\u0443\u043b\u044c\u0442\u0430\u0442\u043e\u0432 \u0438\u0441\u043f\u043e\u043b\u044c\u0437\u0443\u0439\u0442\u0435 \u0432 \u0441\u043e\u0447\u0435\u0442\u0430\u043d\u0438\u0438 \u0441 \u0448\u0430\u043c\u043f\u0443\u043d\u0435\u043c Balmain Hair Illuminating Shampoo Silver Pearl. \u041d\u0435 \u0440\u0435\u043a\u043e\u043c\u0435\u043d\u0434\u0443\u0435\u0442\u0441\u044f \u0447\u0440\u0435\u0437\u043c\u0435\u0440\u043d\u043e\u0435 \u0438\u0441\u043f\u043e\u043b\u044c\u0437\u043e\u0432\u0430\u043d\u0438\u0435, \u0442\u0430\u043a \u043a\u0430\u043a \u0441\u0440\u0435\u0434\u0441\u0442\u0432\u043e \u043e\u043a\u0430\u0437\u044b\u0432\u0430\u0435\u0442 \u043e\u0441\u0432\u0435\u0442\u043b\u044f\u044e\u0449\u0435\u0435 \u0434\u0435\u0439\u0441\u0442\u0432\u0438\u0435 \u043d\u0430 \u0432\u043e\u043b\u043e\u0441\u044b. \u0412\u0441\u0435\u0433\u0434\u0430 \u0438\u0441\u043f\u043e\u043b\u044c\u0437\u0443\u0439\u0442\u0435 \u0432 \u0441\u043e\u0447\u0435\u0442\u0430\u043d\u0438\u0438 \u0441 \u0440\u0435\u0433\u0443\u043b\u044f\u0440\u043d\u044b\u043c \u0443\u0445\u043e\u0434\u043e\u043c \u0437\u0430 \u0432\u043e\u043b\u043e\u0441\u0430\u043c\u0438, \u043d\u0430\u043f\u0440\u0438\u043c\u0435\u0440, Couleurs Couture.,BALMAIN HAIR Illuminating Mask Silver Pearl 200ml<\/p>\n<ul>\n<li>Kori\u0123\u0113 oran\u017eos un dzeltenos to\u0146us<\/li>\n<li>Saglab\u0101 sudraba un krist\u0101lpel\u0113ko kr\u0101su<\/li>\n<li>Lieliski piem\u0113rots lieto\u0161anai starp kr\u0101so\u0161anas reiz\u0113m<\/li>\n<\/ul>\n<p>Balin\u0101ti blondi mati, vai mati ar balin\u0101t\u0101m \u0161\u0137ipsn\u0101m prasa r\u016bp\u012bgu un past\u0101v\u012bgu kop\u0161anu. Lai nov\u0113rstu nev\u0113lamos siltos to\u0146us, starp kr\u0101so\u0161anas reiz\u0113m, ir nepiecie\u0161ami ar violetajiem pigmentiem bag\u0101tin\u0101ti matu kop\u0161anas produkti. Balmain Hair Illuminating l\u012bnija, kas bag\u0101tin\u0101ta ar t\u012briem violetiem pigmentiem, pal\u012bdz neitraliz\u0113t nev\u0113lamos siltos to\u0146us un paspilgtin\u0101t matu kr\u0101su. Izgaismojo\u0161\u0101 maska \u200b\u200bSilver Pearl dzi\u013ci baro matus, vienlaikus saglab\u0101jot matu krist\u0101lpel\u0113ko kr\u0101su. Pies\u0101tin\u0101ts ar rakstur\u012bgo argana eliks\u012bra un z\u012bda prote\u012bna mais\u012bjumu, lai atjaunotu matus no iek\u0161puses.<\/p>\n<p><strong>LIETO\u0160ANA:<\/strong> Iekl\u0101jiet ar dvieli nosusin\u0101tos matos \u2013 no vidus l\u012bdz pa\u0161iem gali\u0146iem, maigi iemas\u0113jiet un p\u0113c 10-15 min\u016bt\u0113m r\u016bp\u012bgi izskalojiet. Lai ieg\u016btu lab\u0101ku rezult\u0101tus, izmantojiet kombin\u0101cij\u0101 ar Balmain Hair Izgaismojo\u0161o \u0161amp\u016bnu Silver Pearl. P\u0101rm\u0113r\u012bga lieto\u0161ana nav ieteicama, jo produktam ir izgaismojo\u0161a iedarb\u012bba uz matiem. Vienm\u0113r lietojiet kop\u0101 ar parasto kop\u0161anas l\u012bniju, piem\u0113ram, Couleurs Couture kop\u0161anas l\u012bniju.<\/p>","protected":false},"excerpt":{"rendered":"<p>BALMAIN HAIR Illuminating Mask Silver Pearl Illuminating Mask \u0434\u043b\u044f \u0441\u0435\u0440\u0435\u0431\u0440\u0438\u0441\u0442\u044b\u0445 \u0438 \u0441\u0435\u0434\u044b\u0445 \u0432\u043e\u043b\u043e\u0441. \u041d\u0435\u0439\u0442\u0440\u0430\u043b\u0438\u0437\u0443\u0435\u0442 \u043d\u0435\u0436\u0435\u043b\u0430\u0442\u0435\u043b\u044c\u043d\u044b\u0435 \u043e\u0442\u0442\u0435\u043d\u043a\u0438.<\/p>","protected":false},"featured_media":2030,"comment_status":"open","ping_status":"closed","template":"","meta":{"_acf_changed":false},"matu-tips":[80],"product_brand":[49],"product_cat":[55,76],"product_tag":[],"class_list":{"0":"post-1578","1":"product","2":"type-product","3":"status-publish","4":"has-post-thumbnail","6":"matu-tips-krasotiem-matiem","7":"product_brand-balmain","8":"product_cat-matu-maskas","9":"product_cat-matu-tonesanai","11":"first","12":"instock","13":"taxable","14":"shipping-taxable","15":"purchasable","16":"product-type-variable","17":"has-default-attributes"},"acf":[],"aioseo_notices":[],"_links":{"self":[{"href":"https:\/\/marfahairbar.lv\/ru\/wp-json\/wp\/v2\/product\/1578","targetHints":{"allow":["GET"]}}],"collection":[{"href":"https:\/\/marfahairbar.lv\/ru\/wp-json\/wp\/v2\/product"}],"about":[{"href":"https:\/\/marfahairbar.lv\/ru\/wp-json\/wp\/v2\/types\/product"}],"replies":[{"embeddable":true,"href":"https:\/\/marfahairbar.lv\/ru\/wp-json\/wp\/v2\/comments?post=1578"}],"wp:featuredmedia":[{"embeddable":true,"href":"https:\/\/marfahairbar.lv\/ru\/wp-json\/wp\/v2\/media\/2030"}],"wp:attachment":[{"href":"https:\/\/marfahairbar.lv\/ru\/wp-json\/wp\/v2\/media?parent=1578"}],"wp:term":[{"taxonomy":"matu-tips","embeddable":true,"href":"https:\/\/marfahairbar.lv\/ru\/wp-json\/wp\/v2\/matu-tips?post=1578"},{"taxonomy":"product_brand","embeddable":true,"href":"https:\/\/marfahairbar.lv\/ru\/wp-json\/wp\/v2\/product_brand?post=1578"},{"taxonomy":"product_cat","embeddable":true,"href":"https:\/\/marfahairbar.lv\/ru\/wp-json\/wp\/v2\/product_cat?post=1578"},{"taxonomy":"product_tag","embeddable":true,"href":"https:\/\/marfahairbar.lv\/ru\/wp-json\/wp\/v2\/product_tag?post=1578"}],"curies":[{"name":"wp","href":"https:\/\/api.w.org\/{rel}","templated":true}]}}