{"id":1566,"date":"2025-03-06T17:55:39","date_gmt":"2025-03-06T14:55:39","guid":{"rendered":"https:\/\/marfahairbar.lv\/produkts\/balmain-hair-couleurs-couture-shampoo\/"},"modified":"2025-05-12T17:21:49","modified_gmt":"2025-05-12T14:21:49","slug":"%d1%88%d0%b0%d0%bc%d0%bf%d1%83%d0%bd%d1%8c-%d0%b4%d0%bb%d1%8f-%d0%b2%d0%be%d0%bb%d0%be%d1%81-balmain-couleurs-couture","status":"publish","type":"product","link":"https:\/\/marfahairbar.lv\/ru\/%d0%bf%d1%80%d0%be%d0%b4%d1%83%d0%ba%d1%82\/%d1%88%d0%b0%d0%bc%d0%bf%d1%83%d0%bd%d1%8c-%d0%b4%d0%bb%d1%8f-%d0%b2%d0%be%d0%bb%d0%be%d1%81-balmain-couleurs-couture\/","title":{"rendered":"\u0428\u0430\u043c\u043f\u0443\u043d\u044c BALMAIN HAIR Couleurs Couture"},"content":{"rendered":"<p>Atjaunojo\u0161s un maigi att\u012bro\u0161s \u0161amp\u016bns kr\u0101sotiem, boj\u0101tiem un p\u0101rm\u0113r\u012bgi apstr\u0101d\u0101tiem matiem. Bag\u0101tin\u0101ts ar unik\u0101lu argana eliks\u012bra, z\u012bda un ka\u0161mira prote\u012bna mais\u012bjumu, lai dzi\u013ci barotu un stiprin\u0101tu matus. UV aizsardz\u012bba uzlabo kr\u0101sas notur\u012bbu.<\/p>\n<ul>\n<li>Unik\u0101la z\u012bda aminosk\u0101bju un ka\u0161mira prote\u012bna kombin\u0101cija<\/li>\n<li>Kr\u0101sas notur\u012bba<\/li>\n<li>Atjaunojo\u0161s<\/li>\n<\/ul>\n<p>Balmain Hair Couleurs Couture \u0161amp\u016bns ir lieliska atjaunojo\u0161a proced\u016bra kr\u0101sotiem, boj\u0101tiem un p\u0101r\u0101k apstr\u0101d\u0101tiem matiem. Tas uzlabo kr\u0101sas ilgm\u016b\u017e\u012bbu, atjauno, stiprina un dzi\u013ci atdz\u012bvina matus no iek\u0161puses. Ilgtermi\u0146a ieguvumi rodas no r\u016bp\u012bgi atlas\u012bt\u0101m galvenaj\u0101m sast\u0101vda\u013c\u0101m \u2013 argana eliks\u012bra, z\u012bda un ka\u0161mira prote\u012bniem, kas ir pastiprin\u0101ti ar kvinojas s\u0113klu un kokosriekstu e\u013c\u013cu. \u0160\u012b unik\u0101l\u0101 sast\u0101vda\u013cu kombin\u0101cija dzi\u013ci nostiprina un mitrina matus, padara tos neticami m\u012bkstus un viegli at\u0161\u0137etin\u0101mus.<\/p>\n<p><strong>LIETO\u0160ANA:<\/strong> Uzkl\u0101jiet uz mitriem matiem, maigi iemas\u0113jiet un r\u016bp\u012bgi izskalojiet.<\/p>","protected":false},"excerpt":{"rendered":"<p>\u0428\u0430\u043c\u043f\u0443\u043d\u044c BALMAIN HAIR Couleurs Couture \u0434\u043b\u044f \u043e\u043a\u0440\u0430\u0448\u0435\u043d\u043d\u044b\u0445 \u0432\u043e\u043b\u043e\u0441. \u0417\u0430\u0449\u0438\u0449\u0430\u0435\u0442 \u0446\u0432\u0435\u0442 \u043e\u0442 \u0432\u044b\u0446\u0432\u0435\u0442\u0430\u043d\u0438\u044f \u0438 \u043f\u0440\u0438\u0434\u0430\u0435\u0442 \u044f\u0440\u043a\u043e\u0441\u0442\u044c. \u041f\u0440\u043e\u0434\u043b\u0435\u0432\u0430\u0435\u0442 \u0441\u0442\u043e\u0439\u043a\u043e\u0441\u0442\u044c \u0446\u0432\u0435\u0442\u0430.<\/p>","protected":false},"featured_media":1992,"comment_status":"open","ping_status":"closed","template":"","meta":{"_acf_changed":false},"matu-tips":[80,77],"product_brand":[49],"product_cat":[35],"product_tag":[],"class_list":{"0":"post-1566","1":"product","2":"type-product","3":"status-publish","4":"has-post-thumbnail","6":"matu-tips-krasotiem-matiem","7":"matu-tips-sausiem-matiem","8":"product_brand-balmain","9":"product_cat-sampuni","11":"first","12":"instock","13":"taxable","14":"shipping-taxable","15":"purchasable","16":"product-type-variable","17":"has-default-attributes"},"acf":[],"aioseo_notices":[],"_links":{"self":[{"href":"https:\/\/marfahairbar.lv\/ru\/wp-json\/wp\/v2\/product\/1566","targetHints":{"allow":["GET"]}}],"collection":[{"href":"https:\/\/marfahairbar.lv\/ru\/wp-json\/wp\/v2\/product"}],"about":[{"href":"https:\/\/marfahairbar.lv\/ru\/wp-json\/wp\/v2\/types\/product"}],"replies":[{"embeddable":true,"href":"https:\/\/marfahairbar.lv\/ru\/wp-json\/wp\/v2\/comments?post=1566"}],"wp:featuredmedia":[{"embeddable":true,"href":"https:\/\/marfahairbar.lv\/ru\/wp-json\/wp\/v2\/media\/1992"}],"wp:attachment":[{"href":"https:\/\/marfahairbar.lv\/ru\/wp-json\/wp\/v2\/media?parent=1566"}],"wp:term":[{"taxonomy":"matu-tips","embeddable":true,"href":"https:\/\/marfahairbar.lv\/ru\/wp-json\/wp\/v2\/matu-tips?post=1566"},{"taxonomy":"product_brand","embeddable":true,"href":"https:\/\/marfahairbar.lv\/ru\/wp-json\/wp\/v2\/product_brand?post=1566"},{"taxonomy":"product_cat","embeddable":true,"href":"https:\/\/marfahairbar.lv\/ru\/wp-json\/wp\/v2\/product_cat?post=1566"},{"taxonomy":"product_tag","embeddable":true,"href":"https:\/\/marfahairbar.lv\/ru\/wp-json\/wp\/v2\/product_tag?post=1566"}],"curies":[{"name":"wp","href":"https:\/\/api.w.org\/{rel}","templated":true}]}}