{"id":1559,"date":"2025-03-06T17:55:34","date_gmt":"2025-03-06T14:55:34","guid":{"rendered":"https:\/\/marfahairbar.lv\/produkts\/ever-smooth\/"},"modified":"2025-05-12T17:21:49","modified_gmt":"2025-05-12T14:21:49","slug":"%d0%b2%d1%81%d0%b5%d0%b3%d0%b4%d0%b0-%d0%b3%d0%bb%d0%b0%d0%b4%d0%ba%d0%b8%d0%b9","status":"publish","type":"product","link":"https:\/\/marfahairbar.lv\/ru\/%d0%bf%d1%80%d0%be%d0%b4%d1%83%d0%ba%d1%82\/%d0%b2%d1%81%d0%b5%d0%b3%d0%b4%d0%b0-%d0%b3%d0%bb%d0%b0%d0%b4%d0%ba%d0%b8%d0%b9\/","title":{"rendered":"\u0412\u0415\u0427\u041d\u041e \u0413\u041b\u0410\u0414\u041a\u0418\u0419"},"content":{"rendered":"<p>EVER.SMOOTH \u0438\u0434\u0435\u0430\u043b\u044c\u043d\u043e \u043f\u043e\u0434\u0445\u043e\u0434\u0438\u0442 \u0434\u043b\u044f \u0432\u0441\u0435\u0445 \u0442\u0438\u043f\u043e\u0432 \u0432\u043e\u043b\u043e\u0441: \u043e\u0442 \u043c\u044f\u0433\u043a\u0438\u0445, \u0442\u043e\u043d\u043a\u0438\u0445 \u0438 \u043f\u043b\u043e\u0441\u043a\u0438\u0445 \u0434\u043e \u0432\u043e\u043b\u043e\u0441 \u0441 \u043f\u0443\u0448\u0430\u0449\u0435\u0439\u0441\u044f \u0441\u0442\u0440\u0443\u043a\u0442\u0443\u0440\u043e\u0439. \u0423\u043d\u0438\u0432\u0435\u0440\u0441\u0430\u043b\u044c\u043d\u043e\u0441\u0442\u044c \u044d\u0442\u043e\u0433\u043e \u043f\u0440\u043e\u0434\u0443\u043a\u0442\u0430 \u043e\u0431\u0443\u0441\u043b\u043e\u0432\u043b\u0435\u043d\u0430 \u0434\u043b\u0438\u043d\u043d\u043e\u0446\u0435\u043f\u043e\u0447\u0435\u0447\u043d\u044b\u043c\u0438 \u043f\u043e\u043b\u0438\u043c\u0435\u0440\u0430\u043c\u0438, \u043a\u043e\u0442\u043e\u0440\u044b\u0435 \u043e\u0431\u0440\u0430\u0437\u0443\u044e\u0442 \u043f\u0440\u043e\u0447\u043d\u0443\u044e \u0441\u0438\u0441\u0442\u0435\u043c\u0443 \u0437\u0430\u0449\u0438\u0442\u044b \u0432\u043e\u043b\u043e\u0441, \u0443\u0434\u0435\u0440\u0436\u0438\u0432\u0430\u044f \u0438 \u043a\u043e\u043d\u0434\u0438\u0446\u0438\u043e\u043d\u0438\u0440\u0443\u044f \u0438\u0445, \u043f\u0440\u043e\u0434\u043b\u0435\u0432\u0430\u044f \u0436\u0438\u0437\u043d\u044c \u0432\u0430\u0448\u0435\u0439 \u0443\u043a\u043b\u0430\u0434\u043a\u0435.Anti-Frizz,Moisture Resistant,Creates Smoothness,Style Extender,Paraben Free,Cruelty Free,\u041d\u0430\u043d\u0435\u0441\u0438\u0442\u0435 \u043d\u0430 \u043f\u043e\u0434\u0441\u0443\u0448\u0435\u043d\u043d\u044b\u0435 \u043f\u043e\u043b\u043e\u0442\u0435\u043d\u0446\u0435\u043c \u0432\u043e\u043b\u043e\u0441\u044b \u043f\u043e\u0441\u043b\u0435 \u0448\u0430\u043c\u043f\u0443\u043d\u044f \u0438 \u043a\u043e\u043d\u0434\u0438\u0446\u0438\u043e\u043d\u0435\u0440\u0430. \u0420\u0430\u0437\u0434\u0435\u043b\u0438\u0442\u0435 \u0432\u043e\u043b\u043e\u0441\u044b \u043d\u0430 \u043e\u0442\u0434\u0435\u043b\u044c\u043d\u044b\u0435 \u0441\u0435\u043a\u0446\u0438\u0438 \u0438 \u043e\u0431\u0438\u043b\u044c\u043d\u043e \u0440\u0430\u0441\u043f\u044b\u043b\u0438\u0442\u0435 \u0441\u043f\u0440\u0435\u0439. \u0414\u043b\u044f \u0430\u043a\u0442\u0438\u0432\u0430\u0446\u0438\u0438 \u0432\u044b\u0441\u0443\u0448\u0438\u0442\u0435 \u043a\u0430\u0436\u0434\u0443\u044e \u0441\u0435\u043a\u0446\u0438\u044e \u0444\u0435\u043d\u043e\u043c \u0441 \u043f\u043e\u043c\u043e\u0449\u044c\u044e \u0432\u044b\u0431\u0440\u0430\u043d\u043d\u043e\u0439 \u0432\u0430\u043c\u0438 \u0449\u0435\u0442\u043a\u0438, \u0440\u0430\u0437\u0433\u043b\u0430\u0436\u0438\u0432\u0430\u044f \u0442\u0435\u0445\u043d\u043e\u043b\u043e\u0433\u0438\u044e \u0438 \u043f\u0440\u043e\u0434\u043b\u0435\u0432\u0430\u044f \u0443\u043a\u043b\u0430\u0434\u043a\u0443.,EVER.SMOOTH 150 \u043c\u043b<\/p>\n<p><strong>\u041f\u0440\u0435\u0438\u043c\u0443\u0449\u0435\u0441\u0442\u0432\u0430<\/strong><\/p>\n<p>Anti-Frizz<\/p>\n<ul>\n<li>Iztur\u012bgs pret mitrumu<\/li>\n<li>Izveido gludumu<\/li>\n<li>Stila papla\u0161in\u0101t\u0101js<\/li>\n<li>\u0411\u0435\u0437 \u0441\u0443\u043b\u044c\u0444\u0430\u0442\u043e\u0432<\/li>\n<li>Bez parab\u0113niem<\/li>\n<li>Bezmaksas ne\u017e\u0113l\u012bba<\/li>\n<\/ul>\n<p><strong>\u041a\u0430\u043a \u0438\u0441\u043f\u043e\u043b\u044c\u0437\u043e\u0432\u0430\u0442\u044c<\/strong><\/p>\n<p>P\u0113c mazg\u0101\u0161anas ar \u0161amp\u016bnu un kondicion\u0113\u0161anas uzkl\u0101jiet uz dvie\u013ciem iz\u017e\u0101v\u0113tiem matiem. Atdaliet matus sekcijas un bag\u0101t\u012bgi izsmidziniet. Lai aktiviz\u0113tu, nosusiniet katru sada\u013cu ar izv\u0113l\u0113to suku izl\u012bdzin\u0101\u0161anas tehnolo\u0123ija un stila ilgm\u016b\u017e\u012bba.<\/p>","protected":false},"excerpt":{"rendered":"<p>\u0420\u0430\u0437\u0433\u043b\u0430\u0436\u0438\u0432\u0430\u044e\u0449\u0438\u0439 \u0441\u043f\u0440\u0435\u0439 EVER SMOOTH \u0434\u043b\u044f \u0432\u044c\u044e\u0449\u0438\u0445\u0441\u044f \u0432\u043e\u043b\u043e\u0441. \u0423\u043c\u0435\u043d\u044c\u0448\u0430\u0435\u0442 \u043f\u0443\u0448\u0438\u0441\u0442\u043e\u0441\u0442\u044c \u0438 \u0434\u0435\u043b\u0430\u0435\u0442 \u0432\u043e\u043b\u043e\u0441\u044b \u0431\u043e\u043b\u0435\u0435 \u0433\u043b\u0430\u0434\u043a\u0438\u043c\u0438. \u0417\u0430\u0449\u0438\u0449\u0430\u0435\u0442 \u043e\u0442 \u0432\u043e\u0437\u0434\u0435\u0439\u0441\u0442\u0432\u0438\u044f \u0432\u043b\u0430\u0436\u043d\u043e\u0441\u0442\u0438.<\/p>","protected":false},"featured_media":1966,"comment_status":"open","ping_status":"closed","template":"","meta":{"_acf_changed":false},"matu-tips":[],"product_brand":[47],"product_cat":[60],"product_tag":[],"class_list":{"0":"post-1559","1":"product","2":"type-product","3":"status-publish","4":"has-post-thumbnail","6":"product_brand-kevin-murphy","7":"product_cat-matu-veidosanai","9":"first","10":"instock","11":"taxable","12":"shipping-taxable","13":"purchasable","14":"product-type-variable","15":"has-default-attributes"},"acf":[],"aioseo_notices":[],"_links":{"self":[{"href":"https:\/\/marfahairbar.lv\/ru\/wp-json\/wp\/v2\/product\/1559","targetHints":{"allow":["GET"]}}],"collection":[{"href":"https:\/\/marfahairbar.lv\/ru\/wp-json\/wp\/v2\/product"}],"about":[{"href":"https:\/\/marfahairbar.lv\/ru\/wp-json\/wp\/v2\/types\/product"}],"replies":[{"embeddable":true,"href":"https:\/\/marfahairbar.lv\/ru\/wp-json\/wp\/v2\/comments?post=1559"}],"wp:featuredmedia":[{"embeddable":true,"href":"https:\/\/marfahairbar.lv\/ru\/wp-json\/wp\/v2\/media\/1966"}],"wp:attachment":[{"href":"https:\/\/marfahairbar.lv\/ru\/wp-json\/wp\/v2\/media?parent=1559"}],"wp:term":[{"taxonomy":"matu-tips","embeddable":true,"href":"https:\/\/marfahairbar.lv\/ru\/wp-json\/wp\/v2\/matu-tips?post=1559"},{"taxonomy":"product_brand","embeddable":true,"href":"https:\/\/marfahairbar.lv\/ru\/wp-json\/wp\/v2\/product_brand?post=1559"},{"taxonomy":"product_cat","embeddable":true,"href":"https:\/\/marfahairbar.lv\/ru\/wp-json\/wp\/v2\/product_cat?post=1559"},{"taxonomy":"product_tag","embeddable":true,"href":"https:\/\/marfahairbar.lv\/ru\/wp-json\/wp\/v2\/product_tag?post=1559"}],"curies":[{"name":"wp","href":"https:\/\/api.w.org\/{rel}","templated":true}]}}