{"id":1531,"date":"2025-03-06T17:55:19","date_gmt":"2025-03-06T14:55:19","guid":{"rendered":"https:\/\/marfahairbar.lv\/produkts\/scalp-spa-scrub\/"},"modified":"2025-08-13T20:15:09","modified_gmt":"2025-08-13T17:15:09","slug":"spa-skrab-dlya-kozhi-golovy","status":"publish","type":"product","link":"https:\/\/marfahairbar.lv\/ru\/%d0%bf%d1%80%d0%be%d0%b4%d1%83%d0%ba%d1%82\/spa-skrab-dlya-kozhi-golovy\/","title":{"rendered":"\u0421\u041f\u0410-\u0421\u041a\u0420\u0410\u0411 \u0414\u041b\u042f \u041a\u041e\u0416\u0418 \u0413\u041e\u041b\u041e\u0412\u042b"},"content":{"rendered":"<p>SCALP.SPA re\u017e\u012bms izturas pret matiem un galvas \u0101du tikpat maigi k\u0101 pret \u0101du. \u0160is unik\u0101lais p\u012blinga skrubis ir paredz\u0113ts, lai maigi att\u012br\u012btu piemais\u012bjumus no galvas \u0101das un matu folikulas, lai nodro\u0161in\u0101tu pamatu optim\u0101lai galvas \u0101das vesel\u012bbai un matu aug\u0161anai. Dro\u0161s visiem matu tipiem, var izmantot k\u0101 \u0137erme\u0146a skrubi.<\/p>\n<p><strong>\u041f\u0440\u0435\u0438\u043c\u0443\u0449\u0435\u0441\u0442\u0432\u0430<\/strong><\/p>\n<ul>\n<li>Maigi att\u012bra<\/li>\n<li>No\u0146em galvas \u0101das piemais\u012bjumus<\/li>\n<li>P\u012blings<\/li>\n<li>Atdz\u012bvina kairin\u0101tu galvas \u0101du<\/li>\n<li>Atlikumi<\/li>\n<\/ul>\n<p><strong>\u041a\u0430\u043a \u0438\u0441\u043f\u043e\u043b\u044c\u0437\u043e\u0432\u0430\u0442\u044c<\/strong><\/p>\n<p>Uzkl\u0101jiet uz mitriem matiem un ar ap\u013cveida kust\u012bb\u0101m izmantojiet pirkstu galus, lai iemas\u0113tu galvas \u0101du un matu saknes. Noskalo un seko ar SCALP.SPA WASH.<\/p>","protected":false},"excerpt":{"rendered":"<p>\u041f\u0438\u043b\u0438\u043d\u0433 \u0434\u043b\u044f \u043a\u043e\u0436\u0438 \u0433\u043e\u043b\u043e\u0432\u044b SCALP SPA SCRUB. \u041e\u0447\u0438\u0449\u0430\u0435\u0442 \u043a\u043e\u0436\u0443 \u0433\u043e\u043b\u043e\u0432\u044b \u043e\u0442 \u043e\u043c\u0435\u0440\u0442\u0432\u0435\u0432\u0448\u0438\u0445 \u043a\u043b\u0435\u0442\u043e\u043a. \u0423\u043b\u0443\u0447\u0448\u0430\u0435\u0442 \u043a\u0440\u043e\u0432\u043e\u043e\u0431\u0440\u0430\u0449\u0435\u043d\u0438\u0435 \u0438 \u0440\u0430\u0437\u0431\u043b\u043e\u043a\u0438\u0440\u0443\u0435\u0442 \u0437\u0430\u043a\u0443\u043f\u043e\u0440\u0435\u043d\u043d\u044b\u0435 \u0432\u043e\u043b\u043e\u0441\u044f\u043d\u044b\u0435 \u0444\u043e\u043b\u043b\u0438\u043a\u0443\u043b\u044b.<\/p>","protected":false},"featured_media":1858,"comment_status":"open","ping_status":"closed","template":"","meta":{"_acf_changed":false},"matu-tips":[78,82],"product_brand":[47],"product_cat":[58],"product_tag":[],"class_list":{"0":"post-1531","1":"product","2":"type-product","3":"status-publish","4":"has-post-thumbnail","6":"matu-tips-taukainiem-matiem","7":"matu-tips-visiem-matu-tipiem","8":"product_brand-kevin-murphy","9":"product_cat-matu-veselibai","11":"first","12":"outofstock","13":"taxable","14":"shipping-taxable","15":"purchasable","16":"product-type-variable","17":"has-default-attributes"},"acf":[],"aioseo_notices":[],"_links":{"self":[{"href":"https:\/\/marfahairbar.lv\/ru\/wp-json\/wp\/v2\/product\/1531","targetHints":{"allow":["GET"]}}],"collection":[{"href":"https:\/\/marfahairbar.lv\/ru\/wp-json\/wp\/v2\/product"}],"about":[{"href":"https:\/\/marfahairbar.lv\/ru\/wp-json\/wp\/v2\/types\/product"}],"replies":[{"embeddable":true,"href":"https:\/\/marfahairbar.lv\/ru\/wp-json\/wp\/v2\/comments?post=1531"}],"wp:featuredmedia":[{"embeddable":true,"href":"https:\/\/marfahairbar.lv\/ru\/wp-json\/wp\/v2\/media\/1858"}],"wp:attachment":[{"href":"https:\/\/marfahairbar.lv\/ru\/wp-json\/wp\/v2\/media?parent=1531"}],"wp:term":[{"taxonomy":"matu-tips","embeddable":true,"href":"https:\/\/marfahairbar.lv\/ru\/wp-json\/wp\/v2\/matu-tips?post=1531"},{"taxonomy":"product_brand","embeddable":true,"href":"https:\/\/marfahairbar.lv\/ru\/wp-json\/wp\/v2\/product_brand?post=1531"},{"taxonomy":"product_cat","embeddable":true,"href":"https:\/\/marfahairbar.lv\/ru\/wp-json\/wp\/v2\/product_cat?post=1531"},{"taxonomy":"product_tag","embeddable":true,"href":"https:\/\/marfahairbar.lv\/ru\/wp-json\/wp\/v2\/product_tag?post=1531"}],"curies":[{"name":"wp","href":"https:\/\/api.w.org\/{rel}","templated":true}]}}