{"id":1512,"date":"2025-03-06T17:55:06","date_gmt":"2025-03-06T14:55:06","guid":{"rendered":"https:\/\/marfahairbar.lv\/produkts\/smooth-again-rinse\/"},"modified":"2025-05-12T17:21:40","modified_gmt":"2025-05-12T14:21:40","slug":"snova-propoloskat","status":"publish","type":"product","link":"https:\/\/marfahairbar.lv\/ru\/%d0%bf%d1%80%d0%be%d0%b4%d1%83%d0%ba%d1%82\/snova-propoloskat\/","title":{"rendered":"\u0421\u041d\u041e\u0412\u0410 \u0413\u041b\u0410\u0414\u041a\u0418\u0419 \u041e\u041f\u041e\u041b\u0410\u0421\u041a\u0418\u0412\u0410\u0422\u0415\u041b\u042c"},"content":{"rendered":"<p>Gludums bez liel\u0101m p\u016bl\u0113m \u2013 pateicoties \u0161im m\u0113r\u0137im rad\u012btajam m\u016bsu nogludino\u0161ajam un m\u012bkstino\u0161ajam balzamam SMOOTH.AGAIN.RINSE. Biezu, cietu matu baro\u0161anai un nogludin\u0101\u0161anai ar jonu b\u0101zes katjonu tehnolo\u0123iju paredz\u0113tie kerat\u012bna prote\u012bni imit\u0113 matu dab\u012bgo prote\u012bnu strukt\u016bru, lai vienm\u0113r\u012bgi nogludin\u0101tu un m\u012bkstin\u0101tu matus tie\u0161i vajadz\u012bgaj\u0101 apjom\u0101. \u0160is izcili iedarb\u012bgais nogludino\u0161ais balzams rada aizsargsl\u0101ni, kas pal\u012bdz nosl\u0113gt iepl\u012bsu\u0161us, sa\u0161\u0137eltus matu galus, vizu\u0101li mazinot p\u016bko\u0161anos.<\/p>\n<p style=\"font-weight: 400;\"><b><strong>\u041f\u0440\u0435\u0438\u043c\u0443\u0449\u0435\u0441\u0442\u0432\u0430<\/strong><\/b><\/p>\n<ul>\n<li aria-level=\"1\">Vesel\u012bgo e\u013c\u013cu un sviestu bag\u0101t\u012bgs mais\u012bjums.<\/li>\n<li aria-level=\"1\">\u041f\u043e\u043c\u043e\u0433\u0430\u0435\u0442 \u043f\u0438\u0442\u0430\u0442\u044c \u0438 \u0437\u0430\u0449\u0438\u0449\u0430\u0442\u044c \u0432\u043e\u043b\u043e\u0441\u044b.<\/li>\n<li aria-level=\"1\">Pal\u012bdz matiem ieg\u016bt m\u012bkstu un gludu izskatu un fakt\u016bru.<\/li>\n<li aria-level=\"1\">\u041f\u043e\u043c\u043e\u0433\u0430\u0435\u0442 \u0440\u0430\u0437\u0433\u043b\u0430\u0434\u0438\u0442\u044c \u0432\u043e\u043b\u043e\u0441\u044b \u0438 \u043f\u0440\u0435\u0434\u043e\u0442\u0432\u0440\u0430\u0442\u0438\u0442\u044c \u043f\u0443\u0448\u0435\u043d\u0438\u0435.<\/li>\n<li aria-level=\"1\">\u0418\u0434\u0435\u0430\u043b\u044c\u043d\u043e \u043f\u043e\u0434\u0445\u043e\u0434\u0438\u0442 \u0434\u043b\u044f \u0433\u0443\u0441\u0442\u044b\u0445, \u0436\u0435\u0441\u0442\u043a\u0438\u0445 \u0438 \u043d\u0435\u043f\u043e\u0441\u043b\u0443\u0448\u043d\u044b\u0445 \u0432\u043e\u043b\u043e\u0441.<\/li>\n<\/ul>\n<p><strong>\u0418\u0441\u043f\u043e\u043b\u044c\u0437\u043e\u0432\u0430\u043d\u0438\u0435:\u00a0<\/strong>Uzkl\u0101jiet uz tikko izmazg\u0101tiem matiem un atst\u0101jiet uz 1-2 min\u016bt\u0113m, lai iedarbotos v\u0113rt\u012bg\u0101s sast\u0101vda\u013cas, p\u0113c tam izskalojiet, g\u016bstot svaiguma saj\u016btu.<\/p>","protected":false},"excerpt":{"rendered":"<p>\u0420\u0430\u0437\u0433\u043b\u0430\u0436\u0438\u0432\u0430\u044e\u0449\u0438\u0439 \u043a\u043e\u043d\u0434\u0438\u0446\u0438\u043e\u043d\u0435\u0440 SMOOTH AGAIN RINSE \u0434\u043b\u044f \u0432\u044c\u044e\u0449\u0438\u0445\u0441\u044f \u0432\u043e\u043b\u043e\u0441. \u0423\u043c\u0435\u043d\u044c\u0448\u0430\u0435\u0442 \u043f\u0443\u0448\u0438\u0441\u0442\u043e\u0441\u0442\u044c, \u0434\u0435\u043b\u0430\u0435\u0442 \u0432\u043e\u043b\u043e\u0441\u044b \u043f\u043e\u0441\u043b\u0443\u0448\u043d\u044b\u043c\u0438 \u0438 \u0433\u043b\u0430\u0434\u043a\u0438\u043c\u0438.<\/p>","protected":false},"featured_media":1798,"comment_status":"open","ping_status":"closed","template":"","meta":{"_acf_changed":false},"matu-tips":[80,77],"product_brand":[47],"product_cat":[36],"product_tag":[],"class_list":{"0":"post-1512","1":"product","2":"type-product","3":"status-publish","4":"has-post-thumbnail","6":"matu-tips-krasotiem-matiem","7":"matu-tips-sausiem-matiem","8":"product_brand-kevin-murphy","9":"product_cat-kondicionieri","11":"first","12":"instock","13":"taxable","14":"shipping-taxable","15":"purchasable","16":"product-type-variable","17":"has-default-attributes"},"acf":[],"aioseo_notices":[],"_links":{"self":[{"href":"https:\/\/marfahairbar.lv\/ru\/wp-json\/wp\/v2\/product\/1512","targetHints":{"allow":["GET"]}}],"collection":[{"href":"https:\/\/marfahairbar.lv\/ru\/wp-json\/wp\/v2\/product"}],"about":[{"href":"https:\/\/marfahairbar.lv\/ru\/wp-json\/wp\/v2\/types\/product"}],"replies":[{"embeddable":true,"href":"https:\/\/marfahairbar.lv\/ru\/wp-json\/wp\/v2\/comments?post=1512"}],"wp:featuredmedia":[{"embeddable":true,"href":"https:\/\/marfahairbar.lv\/ru\/wp-json\/wp\/v2\/media\/1798"}],"wp:attachment":[{"href":"https:\/\/marfahairbar.lv\/ru\/wp-json\/wp\/v2\/media?parent=1512"}],"wp:term":[{"taxonomy":"matu-tips","embeddable":true,"href":"https:\/\/marfahairbar.lv\/ru\/wp-json\/wp\/v2\/matu-tips?post=1512"},{"taxonomy":"product_brand","embeddable":true,"href":"https:\/\/marfahairbar.lv\/ru\/wp-json\/wp\/v2\/product_brand?post=1512"},{"taxonomy":"product_cat","embeddable":true,"href":"https:\/\/marfahairbar.lv\/ru\/wp-json\/wp\/v2\/product_cat?post=1512"},{"taxonomy":"product_tag","embeddable":true,"href":"https:\/\/marfahairbar.lv\/ru\/wp-json\/wp\/v2\/product_tag?post=1512"}],"curies":[{"name":"wp","href":"https:\/\/api.w.org\/{rel}","templated":true}]}}