{"id":1502,"date":"2025-03-06T17:54:59","date_gmt":"2025-03-06T14:54:59","guid":{"rendered":"https:\/\/marfahairbar.lv\/produkts\/everlasting-colour-wash\/"},"modified":"2025-05-12T17:21:37","modified_gmt":"2025-05-12T14:21:37","slug":"vechnaya-smyvka-czveta","status":"publish","type":"product","link":"https:\/\/marfahairbar.lv\/ru\/%d0%bf%d1%80%d0%be%d0%b4%d1%83%d0%ba%d1%82\/vechnaya-smyvka-czveta\/","title":{"rendered":"\u0412\u0415\u0427\u041d\u0410\u042f \u0421\u041c\u042b\u0412\u041a\u0410 \u0426\u0412\u0415\u0422\u0410"},"content":{"rendered":"<p><strong>EVERLASTING. COLOUR.WASH<\/strong><\/p>\n<p>Kr\u0101su aizsarg\u0101jo\u0161s \u0161amp\u016bns ar pH nosl\u0113g\u0161anas tehnolo\u0123iju<\/p>\n<p>\u0160amp\u016bns bez sulf\u0101tiem ar sabalans\u0113tu pH, kas maigi att\u012bra matus, nosl\u0113dz matu kutikulu, lai tie sp\u012bd\u0113tu, un pal\u012bdz nostiprin\u0101t kr\u0101su, vienlaikus aizsarg\u0101jot matu \u0161\u0137ipsnas no ciet\u0101 \u016bdens miner\u0101lu uzkr\u0101\u0161an\u0101s, lai nodro\u0161in\u0101tu sp\u012bdumu.<\/p>\n<p><strong>\u0418\u0441\u043f\u043e\u043b\u044c\u0437\u043e\u0432\u0430\u043d\u0438\u0435:<\/strong> Uzkl\u0101jiet uz mitriem matiem un iemas\u0113jiet matos un galvas \u0101d\u0101. Izskalojiet un atk\u0101rtojiet. Lai sasniegtu lab\u0101kos rezult\u0101tus, izmantojiet kop\u0101 ar visu EVERLASTING.COLOUR l\u012bniju.<\/p>\n<p>&nbsp;<\/p>\n<p><strong>\u041e\u0421\u041d\u041e\u0412\u041d\u042b\u0415 \u0425\u0410\u0420\u0410\u041a\u0422\u0415\u0420\u0418\u0421\u0422\u0418\u041a\u0418:<\/strong><\/p>\n<p>Sk\u0101b\u0101 pH \u0161amp\u016bns<\/p>\n<p>\u041f\u043e\u043c\u043e\u0433\u0430\u0435\u0442 \u043f\u043e\u0434\u0434\u0435\u0440\u0436\u0438\u0432\u0430\u0442\u044c \u0442\u043e\u043d\u0443\u0441 \u0432\u043e\u043b\u043e\u0441<\/p>\n<p>\u041f\u0440\u0438\u0434\u0430\u0435\u0442 \u0431\u043b\u0435\u0441\u043a \u0432\u043e\u043b\u043e\u0441\u0430\u043c<\/p>\n<p>\u0417\u0430\u0449\u0438\u0449\u0430\u0435\u0442 \u043e\u0442 \u043c\u0438\u043d\u0435\u0440\u0430\u043b\u043e\u0432 \u0436\u0435\u0441\u0442\u043a\u043e\u0439 \u0432\u043e\u0434\u044b<\/p>\n<p>\u041f\u0438\u0442\u0430\u0435\u0442 \u0438 \u0443\u0432\u043b\u0430\u0436\u043d\u044f\u0435\u0442<\/p>\n<p>\u041d\u0435 \u0434\u0435\u043b\u0430\u0435\u0442 \u0432\u043e\u043b\u043e\u0441\u044b \u0432\u0435\u0441\u0435\u043b\u044b\u043c\u0438<\/p>\n<p>&nbsp;<\/p>\n<p><strong>\u041e\u0421\u041d\u041e\u0412\u041d\u042b\u0415 \u0418\u041d\u0413\u0420\u0415\u0414\u0418\u0415\u041d\u0422\u042b<\/strong><\/p>\n<p>\u0413\u0438\u0434\u0440\u043e\u043b\u0438\u0437\u043e\u0432\u0430\u043d\u043d\u044b\u0439 \u044d\u043a\u0441\u0442\u0440\u0430\u043a\u0442 \u043a\u0438\u043d\u043e\u0430 \u0438 \u0440\u0438\u0441\u0430<\/p>\n<p>Aminosk\u0101bju sp\u0113ks, kas pal\u012bdz aizsarg\u0101t ,uzlabot kr\u0101sas notur\u012bbu un pie\u0161\u0137ir<\/p>\n<p>sp\u012bdumu ,vienlaikus pal\u012bdzot barot matus no sakn\u0113m l\u012bdz galiem. Pal\u012bdz ar\u012b stiprin\u0101t, lai nov\u0113rstu boj\u0101jumus un pal\u012bdz\u0113tu fiks\u0113t kr\u0101su.<\/p>\n<p>Dabisk\u0101 f\u012bt\u012bnsk\u0101be<\/p>\n<p>Biolo\u0123iski no\u0101rd\u0101ms hel\u0101tu veidojo\u0161s l\u012bdzeklis, kas atgr\u016b\u017e un aizsarg\u0101 matus no ciet\u0101 \u016bdens miner\u0101lviel\u0101m, t\u0101d\u0113j\u0101di uzlabojot sp\u012bdumu.<\/p>\n<p>\u0418\u043d\u0443\u043b\u0438\u043d (\u044d\u043a\u0441\u0442\u0440\u0430\u043a\u0442 \u043a\u043e\u0440\u043d\u044f \u0446\u0438\u043a\u043e\u0440\u0438\u044f)<\/p>\n<p>Daudzfunkcion\u0101la sast\u0101vda\u013ca, kas ieg\u016bta no cigori\u0146u saknes. Dabiska prebiotikas \u0161\u0137iedrviela, kas pal\u012bdz uztur\u0113t galvas \u0101das mikrobiomu, lai uzlabotu galvas \u0101das vesel\u012bbu, k\u0101 ar\u012b kondicion\u0113\u0161anas un atdal\u012b\u0161anas \u012bpa\u0161\u012bbas..<\/p>\n<p>\u041a\u043e\u043c\u043f\u043b\u0435\u043a\u0441 CHROMATIC<\/p>\n<p>\u0413\u0438\u0434\u0440\u043e\u0444\u043e\u0431\u043d\u044b\u0439 \u043f\u043b\u0435\u043d\u043a\u043e\u043e\u0431\u0440\u0430\u0437\u0443\u044e\u0449\u0438\u0439 \u043a\u043e\u043c\u043f\u043b\u0435\u043a\u0441, \u043f\u0440\u0435\u0434\u043d\u0430\u0437\u043d\u0430\u0447\u0435\u043d\u043d\u044b\u0439 \u0434\u043b\u044f \u0437\u0430\u0449\u0438\u0442\u044b \u0432\u043e\u043b\u043e\u0441\u044f\u043d\u044b\u0445 \u0432\u043e\u043b\u043e\u043a\u043e\u043d \u0438 \u0441\u0442\u043e\u0439\u043a\u043e\u0441\u0442\u0438 \u0446\u0432\u0435\u0442\u0430 \u0432\u043e \u0432\u0440\u0435\u043c\u044f \u043c\u044b\u0442\u044c\u044f, \u0430 \u0442\u0430\u043a\u0436\u0435 \u0434\u043b\u044f \u0437\u0430\u0449\u0438\u0442\u044b \u043e\u0442 \u0432\u043b\u0430\u0436\u043d\u043e\u0441\u0442\u0438 \u0438 \u0434\u0440\u0443\u0433\u0438\u0445 \u0444\u0430\u043a\u0442\u043e\u0440\u043e\u0432 \u043e\u043a\u0440\u0443\u0436\u0430\u044e\u0449\u0435\u0439 \u0441\u0440\u0435\u0434\u044b, \u0442\u0430\u043a\u0438\u0445 \u043a\u0430\u043a \u0423\u0424-\u0438\u0437\u043b\u0443\u0447\u0435\u043d\u0438\u0435.<\/p>\n<p>\u041a\u0438\u0441\u043b\u043e\u0442\u043d\u0430\u044f \u0441\u0438\u0441\u0442\u0435\u043c\u0430 pH<\/p>\n<p>Nodro\u0161ina optim\u0101lu vidi kr\u0101sas fiks\u0101cijai, nosl\u0113dzot kutikulu p\u0113c matu kr\u0101so\u0161anas un iev\u0113rojot galvas \u0101das dabisko pH.<\/p>","protected":false},"excerpt":{"rendered":"<p>\u0428\u0430\u043c\u043f\u0443\u043d\u044c EVERLASTING COLOUR WASH \u0434\u043b\u044f \u043e\u043a\u0440\u0430\u0448\u0435\u043d\u043d\u044b\u0445 \u0432\u043e\u043b\u043e\u0441. \u0417\u0430\u0449\u0438\u0449\u0430\u0435\u0442 \u0446\u0432\u0435\u0442 \u043e\u0442 \u0432\u044b\u0446\u0432\u0435\u0442\u0430\u043d\u0438\u044f \u0438 \u043f\u0440\u043e\u0434\u043b\u0435\u0432\u0430\u0435\u0442 \u0435\u0433\u043e \u0441\u0442\u043e\u0439\u043a\u043e\u0441\u0442\u044c. \u0421 \u0423\u0424-\u0444\u0438\u043b\u044c\u0442\u0440\u0430\u043c\u0438.<\/p>","protected":false},"featured_media":1745,"comment_status":"open","ping_status":"closed","template":"","meta":{"_acf_changed":false},"matu-tips":[80],"product_brand":[47],"product_cat":[35],"product_tag":[],"class_list":{"0":"post-1502","1":"product","2":"type-product","3":"status-publish","4":"has-post-thumbnail","6":"matu-tips-krasotiem-matiem","7":"product_brand-kevin-murphy","8":"product_cat-sampuni","10":"first","11":"instock","12":"taxable","13":"shipping-taxable","14":"purchasable","15":"product-type-variable","16":"has-default-attributes"},"acf":[],"aioseo_notices":[],"_links":{"self":[{"href":"https:\/\/marfahairbar.lv\/ru\/wp-json\/wp\/v2\/product\/1502","targetHints":{"allow":["GET"]}}],"collection":[{"href":"https:\/\/marfahairbar.lv\/ru\/wp-json\/wp\/v2\/product"}],"about":[{"href":"https:\/\/marfahairbar.lv\/ru\/wp-json\/wp\/v2\/types\/product"}],"replies":[{"embeddable":true,"href":"https:\/\/marfahairbar.lv\/ru\/wp-json\/wp\/v2\/comments?post=1502"}],"wp:featuredmedia":[{"embeddable":true,"href":"https:\/\/marfahairbar.lv\/ru\/wp-json\/wp\/v2\/media\/1745"}],"wp:attachment":[{"href":"https:\/\/marfahairbar.lv\/ru\/wp-json\/wp\/v2\/media?parent=1502"}],"wp:term":[{"taxonomy":"matu-tips","embeddable":true,"href":"https:\/\/marfahairbar.lv\/ru\/wp-json\/wp\/v2\/matu-tips?post=1502"},{"taxonomy":"product_brand","embeddable":true,"href":"https:\/\/marfahairbar.lv\/ru\/wp-json\/wp\/v2\/product_brand?post=1502"},{"taxonomy":"product_cat","embeddable":true,"href":"https:\/\/marfahairbar.lv\/ru\/wp-json\/wp\/v2\/product_cat?post=1502"},{"taxonomy":"product_tag","embeddable":true,"href":"https:\/\/marfahairbar.lv\/ru\/wp-json\/wp\/v2\/product_tag?post=1502"}],"curies":[{"name":"wp","href":"https:\/\/api.w.org\/{rel}","templated":true}]}}