{"id":1498,"date":"2025-03-06T17:54:57","date_gmt":"2025-03-06T14:54:57","guid":{"rendered":"https:\/\/marfahairbar.lv\/produkts\/plumping-wash\/"},"modified":"2025-05-12T17:21:36","modified_gmt":"2025-05-12T14:21:36","slug":"ochishhayushhee-sredstvo","status":"publish","type":"product","link":"https:\/\/marfahairbar.lv\/ru\/%d0%bf%d1%80%d0%be%d0%b4%d1%83%d0%ba%d1%82\/ochishhayushhee-sredstvo\/","title":{"rendered":"\u041f\u041b\u042e\u0429\u0418\u041b\u042c\u041d\u0410\u042f \u041c\u041e\u0419\u041a\u0410"},"content":{"rendered":"<p>Izmazg\u0101jiet ar \u012bsto l\u012bdzekli, lai mati ieg\u016btu v\u0113l neredz\u0113tu apjomu un kuplumu, pateicoties PLUMPING.WASH.<\/p>\n<p>Izstr\u0101d\u0101ts katras matu \u0161\u0137ipsnas d\u0101snai pabaro\u0161anai no sakn\u0113m l\u012bdz pat galiem, lai padar\u012btu pl\u0101nus un novecojo\u0161us matus stipr\u0101kus, pie\u0161\u0137irtu tiem liel\u0101ku kuplumu, jaunu ener\u0123iju un vitalit\u0101ti.<\/p>\n<p><strong>\u041f\u0440\u0435\u0438\u043c\u0443\u0449\u0435\u0441\u0442\u0432\u0430<\/strong><\/p>\n<ul>\n<li>Padara matus biez\u0101kus, nepadarot tos smag\u0101kus.<\/li>\n<li>Stimul\u0113 galvas \u0101das asinsriti, vienlaikus barojot matu folikulus<\/li>\n<li>Pal\u012bdz uztur\u0113t matu vesel\u012bbas integrit\u0101ti.<\/li>\n<li>Veido apjomu, padarot matus m\u012bkstus un sp\u012bd\u012bgus.<\/li>\n<li>Ide\u0101li piem\u0113rots visiem matu tipiem, jo \u012bpa\u0161i smalkiem un novecojo\u0161iem matiem.<\/li>\n<\/ul>\n<p><strong>\u0418\u0441\u043f\u043e\u043b\u044c\u0437\u043e\u0432\u0430\u043d\u0438\u0435:<\/strong> Uzkl\u0101jiet uz mitriem matiem un saudz\u012bgi iemas\u0113jiet matos un galvas \u0101d\u0101. Izskalojiet.<\/p>","protected":false},"excerpt":{"rendered":"<p>\u0428\u0430\u043c\u043f\u0443\u043d\u044c PLUMPING WASH \u0434\u043b\u044f \u043f\u0440\u0438\u0434\u0430\u043d\u0438\u044f \u043e\u0431\u044a\u0435\u043c\u0430 \u0432\u043e\u043b\u043e\u0441\u0430\u043c. \u0418\u0434\u0435\u0430\u043b\u044c\u043d\u043e \u043f\u043e\u0434\u0445\u043e\u0434\u0438\u0442 \u0434\u043b\u044f \u0442\u043e\u043d\u043a\u0438\u0445 \u0438 \u0438\u0437\u044f\u0449\u043d\u044b\u0445 \u0432\u043e\u043b\u043e\u0441. \u0414\u0435\u043b\u0430\u0435\u0442 \u0432\u043e\u043b\u043e\u0441\u044b \u0431\u043e\u043b\u0435\u0435 \u0433\u0443\u0441\u0442\u044b\u043c\u0438 \u0438 \u0437\u0434\u043e\u0440\u043e\u0432\u044b\u043c\u0438.<\/p>","protected":false},"featured_media":1722,"comment_status":"open","ping_status":"closed","template":"","meta":{"_acf_changed":false},"matu-tips":[79],"product_brand":[47],"product_cat":[35],"product_tag":[],"class_list":{"0":"post-1498","1":"product","2":"type-product","3":"status-publish","4":"has-post-thumbnail","6":"matu-tips-planiem-matiem","7":"product_brand-kevin-murphy","8":"product_cat-sampuni","10":"first","11":"instock","12":"taxable","13":"shipping-taxable","14":"purchasable","15":"product-type-variable","16":"has-default-attributes"},"acf":[],"aioseo_notices":[],"_links":{"self":[{"href":"https:\/\/marfahairbar.lv\/ru\/wp-json\/wp\/v2\/product\/1498","targetHints":{"allow":["GET"]}}],"collection":[{"href":"https:\/\/marfahairbar.lv\/ru\/wp-json\/wp\/v2\/product"}],"about":[{"href":"https:\/\/marfahairbar.lv\/ru\/wp-json\/wp\/v2\/types\/product"}],"replies":[{"embeddable":true,"href":"https:\/\/marfahairbar.lv\/ru\/wp-json\/wp\/v2\/comments?post=1498"}],"wp:featuredmedia":[{"embeddable":true,"href":"https:\/\/marfahairbar.lv\/ru\/wp-json\/wp\/v2\/media\/1722"}],"wp:attachment":[{"href":"https:\/\/marfahairbar.lv\/ru\/wp-json\/wp\/v2\/media?parent=1498"}],"wp:term":[{"taxonomy":"matu-tips","embeddable":true,"href":"https:\/\/marfahairbar.lv\/ru\/wp-json\/wp\/v2\/matu-tips?post=1498"},{"taxonomy":"product_brand","embeddable":true,"href":"https:\/\/marfahairbar.lv\/ru\/wp-json\/wp\/v2\/product_brand?post=1498"},{"taxonomy":"product_cat","embeddable":true,"href":"https:\/\/marfahairbar.lv\/ru\/wp-json\/wp\/v2\/product_cat?post=1498"},{"taxonomy":"product_tag","embeddable":true,"href":"https:\/\/marfahairbar.lv\/ru\/wp-json\/wp\/v2\/product_tag?post=1498"}],"curies":[{"name":"wp","href":"https:\/\/api.w.org\/{rel}","templated":true}]}}