{"id":888,"date":"2025-02-04T11:44:23","date_gmt":"2025-02-04T08:44:23","guid":{"rendered":"https:\/\/marfahairbar.lv\/?page_id=888"},"modified":"2025-05-15T09:32:34","modified_gmt":"2025-05-15T06:32:34","slug":"%d1%81%d0%b2%d1%8f%d0%b7%d0%b0%d1%82%d1%8c%d1%81%d1%8f-%d1%81","status":"publish","type":"page","link":"https:\/\/marfahairbar.lv\/ru\/%d1%81%d0%b2%d1%8f%d0%b7%d0%b0%d1%82%d1%8c%d1%81%d1%8f-%d1%81\/","title":{"rendered":"\u0421\u0432\u044f\u0437\u0430\u0442\u044c\u0441\u044f \u0441"},"content":{"rendered":"<div class='breakdance'><section class=\"bde-section-888-143 bde-section section-empty\">\n  \n  \n\t\n\n\n\n<div class=\"section-container\"><\/div>\n<\/section><section class=\"bde-section-888-100 bde-section section\">\n  \n  \n\t\n\n\n\n<div class=\"section-container\"><div class=\"bde-div-888-101 bde-div section-inner-3\">\n  \n  \n\t\n\n\n\n<div class=\"bde-div-888-102 bde-div services-col\">\n  \n  \n\t\n\n\n\n<div class=\"bde-div-888-103 bde-div subheadline-headline\">\n  \n  \n\t\n\n\n\n<div class=\"bde-text-888-104 bde-text\">\n\u0421\u0432\u044f\u0437\u0430\u0442\u044c\u0441\u044f \u0441\n<\/div><h1 class=\"bde-heading-888-105 bde-heading\">\n\u0421\u0432\u044f\u0436\u0438\u0442\u0435\u0441\u044c \u0441 \u043d\u0430\u043c\u0438\n<\/h1>\n<\/div><div class=\"bde-text-888-141 bde-text\">\n\u041c\u044b \u0431\u0443\u0434\u0435\u043c \u0440\u0430\u0434\u044b \u0443\u0441\u043b\u044b\u0448\u0430\u0442\u044c \u0432\u0430\u0441! \u0415\u0441\u043b\u0438 \u0443 \u0432\u0430\u0441 \u0435\u0441\u0442\u044c \u0432\u043e\u043f\u0440\u043e\u0441, \u0432\u044b \u0445\u043e\u0442\u0438\u0442\u0435 \u0437\u0430\u0440\u0435\u0433\u0438\u0441\u0442\u0440\u0438\u0440\u043e\u0432\u0430\u0442\u044c\u0441\u044f \u0438\u043b\u0438 \u043f\u0440\u043e\u0441\u0442\u043e \u043f\u043e\u0437\u0434\u043e\u0440\u043e\u0432\u0430\u0442\u044c\u0441\u044f, \u0441\u0432\u044f\u0436\u0438\u0442\u0435\u0441\u044c \u0441 \u043d\u0430\u043c\u0438. \u041d\u0430\u0448\u0430 \u043a\u043e\u043c\u0430\u043d\u0434\u0430 \u0433\u043e\u0442\u043e\u0432\u0430 \u043f\u043e\u043c\u043e\u0447\u044c \u0438 \u043e\u0431\u0435\u0441\u043f\u0435\u0447\u0438\u0442\u044c \u0432\u0430\u043c \u043d\u0430\u0438\u043b\u0443\u0447\u0448\u0438\u0439 \u043e\u043f\u044b\u0442. \u0421\u0432\u044f\u0436\u0438\u0442\u0435\u0441\u044c \u0441 \u043d\u0430\u043c\u0438 \u0441\u0435\u0433\u043e\u0434\u043d\u044f, \u0447\u0442\u043e\u0431\u044b \u0432\u044b\u0433\u043b\u044f\u0434\u0435\u0442\u044c \u0438 \u0447\u0443\u0432\u0441\u0442\u0432\u043e\u0432\u0430\u0442\u044c \u0441\u0435\u0431\u044f \u0432\u0435\u043b\u0438\u043a\u043e\u043b\u0435\u043f\u043d\u043e!\n<\/div><div class=\"bde-div-888-131 bde-div\">\n  \n  \n\t\n\n\n\n<div class=\"bde-div-888-132 bde-div\">\n  \n  \n\t\n\n\n\n<div class=\"bde-icon-888-133 bde-icon\">\n\n    \n            <div class=\"bde-icon-icon breakdance-icon-atom\" >\n    \n                    <svg xmlns=\"http:\/\/www.w3.org\/2000\/svg\" id=\"icon-location\" viewbox=\"0 0 32 32\">\n<path d=\"M16 0c-5.523 0-10 4.477-10 10 0 10 10 22 10 22s10-12 10-22c0-5.523-4.477-10-10-10zM16 16c-3.314 0-6-2.686-6-6s2.686-6 6-6 6 2.686 6 6-2.686 6-6 6z\"\/>\n<\/svg>\n        \n        \n        \n            <\/div>\n    \n\n\n<\/div><a class=\"bde-text-link-888-134 bde-text-link breakdance-link\" href=\"https:\/\/marfahairbar.lv\/ru\/%d1%81%d0%b2%d1%8f%d0%b7%d0%b0%d1%82%d1%8c%d1%81%d1%8f-%d1%81\/\" target=\"_self\" data-type=\"url\">\n  Ausek\u013ca iela 16, R\u012bga, LV-1010 \n\n<\/a>\n<\/div><div class=\"bde-div-888-135 bde-div\">\n  \n  \n\t\n\n\n\n<div class=\"bde-icon-888-136 bde-icon\">\n\n    \n            <div class=\"bde-icon-icon breakdance-icon-atom\" >\n    \n                    <svg xmlns=\"http:\/\/www.w3.org\/2000\/svg\" class=\"ionicon\" viewbox=\"0 0 512 512\"><path d=\"M464 80H48a16 16 0 00-16 16v320a16 16 0 0016 16h416a16 16 0 0016-16V96a16 16 0 00-16-16zM265.82 284.63a16 16 0 01-19.64 0L89.55 162.81l19.64-25.26L256 251.73l146.81-114.18 19.64 25.26z\"\/><\/svg>\n        \n        \n        \n            <\/div>\n    \n\n\n<\/div><a class=\"bde-text-link-888-137 bde-text-link breakdance-link\" href=\"mailto:marfa@marfahairbar.lv?subject=&amp;body=\" target=\"_self\" data-type=\"contact\">\n  marfa@marfahairbar.lv\n\n<\/a>\n<\/div><div class=\"bde-div-888-138 bde-div\">\n  \n  \n\t\n\n\n\n<div class=\"bde-icon-888-139 bde-icon\">\n\n    \n            <div class=\"bde-icon-icon breakdance-icon-atom\" >\n    \n                    <svg xmlns=\"http:\/\/www.w3.org\/2000\/svg\" id=\"icon-phone\" viewbox=\"0 0 32 32\">\n<path d=\"M22 20c-2 2-2 4-4 4s-4-2-6-4-4-4-4-6 2-2 4-4-4-8-6-8-6 6-6 6c0 4 4.109 12.109 8 16s12 8 16 8c0 0 6-4 6-6s-6-8-8-6z\"\/>\n<\/svg>\n        \n        \n        \n            <\/div>\n    \n\n\n<\/div><a class=\"bde-text-link-888-140 bde-text-link breakdance-link\" href=\"\/ru\/\u0422\u0435\u043b:+37128002261\/\" target=\"_self\" data-type=\"contact\">\n  +371 28 002 261\n\n<\/a>\n<\/div>\n<\/div>\n<\/div><div class=\"bde-google-map-888-142 bde-google-map\">\r\n<iframe width=\"100%\" height=\"100%\" style=\"border:0\" loading=\"lazy\" title=\"\u041a\u0430\u0440\u0442\u0430\" src=\"https:\/\/maps.google.com\/maps?q=Ausek%C4%BCa+iela+16%2C+R%C4%ABga%2C+LV-1010&t=m&z=16&output=embed&iwloc=near\" allowfullscreen><\/iframe>\n<\/div>\n<\/div><\/div>\n<\/section><section class=\"bde-section-888-113 bde-section section\">\n  \n  \n\t\n\n\n\n<div class=\"section-container\"><div class=\"bde-grid-888-114 bde-grid\">\n  \n  \n\t\n\n\n\n<div class=\"bde-div-888-115 bde-div services-col\">\n  \n  \n\t\n\n\n\n<h3 class=\"bde-heading-888-116 bde-heading\">\n\u0420\u0430\u0431\u043e\u0447\u0435\u0435 \u0432\u0440\u0435\u043c\u044f\n<\/h3><div class=\"bde-rich-text-888-144 bde-rich-text breakdance-rich-text-styles\">\n<p>\u0411\u0443\u0434\u043d\u0438: 08:00 - 20:00<br \/>\n\u0421\u0443\u0431\u0431\u043e\u0442\u044b: 10:00 - 16:00<br \/>\n\u041f\u043e \u0432\u043e\u0441\u043a\u0440\u0435\u0441\u0435\u043d\u044c\u044f\u043c: \u043f\u043e \u043f\u0440\u0435\u0434\u0432\u0430\u0440\u0438\u0442\u0435\u043b\u044c\u043d\u043e\u0439 \u0437\u0430\u043f\u0438\u0441\u0438<\/p>\n\n<\/div>\n<\/div><div class=\"bde-div-888-118 bde-div services-col\">\n  \n  \n\t\n\n\n\n<h3 class=\"bde-heading-888-119 bde-heading\">\n\u0420\u0435\u043a\u0432\u0438\u0437\u0438\u0442\u044b\n<\/h3><div class=\"bde-text-888-120 bde-text\">\n\u0421\u0418\u0410 \u041f\u0420\u0410\u0414\u0410 \u041c\u0410\u0420\u0424\u0410<br>\u0420\u0435\u0433. \u2116: 40203336062<br>\u041d\u043e\u043c\u0435\u0440 \u041d\u0414\u0421: LV40203336062<br>\u042e\u0440\u0438\u0434\u0438\u0447\u0435\u0441\u043a\u0438\u0439 \u0430\u0434\u0440\u0435\u0441: Ausek\u013ca iela 16-1, R\u012bga, LV-1010<br><br>\u0411\u0430\u043d\u043a: AS \"Citadele banka\"<br>LV04PARX0027101280001\n<\/div>\n<\/div>\n<\/div><\/div>\n<\/section><\/div>","protected":false},"excerpt":{"rendered":"<p>Kontakti Sazinieties ar mums M\u0113s labpr\u0101t uzklaus\u012bsim j\u016bs! Neatkar\u012bgi no t\u0101, vai jums ir k\u0101ds jaut\u0101jums, v\u0113laties pierakst\u012bties vai vienk\u0101r\u0161i v\u0113lamies sveicin\u0101ties, sazinieties ar mums. M\u016bsu komanda ir \u0161eit, lai pal\u012bdz\u0113tu un nodro\u0161in\u0101tu jums vislab\u0101ko iesp\u0113jamo pieredzi. Sazinieties ar mums jau \u0161odien, lai j\u016bs izskat\u012btos un justos lieliski! Ausek\u013ca iela 16, R\u012bga, LV-1010 marfa@marfahairbar.lv +371 [&hellip;]<\/p>\n","protected":false},"author":220,"featured_media":0,"parent":0,"menu_order":0,"comment_status":"closed","ping_status":"closed","template":"","meta":{"_acf_changed":false,"_breakdance_hide_in_design_set":false,"_breakdance_tags":"","footnotes":""},"class_list":["post-888","page","type-page","status-publish","hentry"],"acf":[],"aioseo_notices":[],"_links":{"self":[{"href":"https:\/\/marfahairbar.lv\/ru\/wp-json\/wp\/v2\/pages\/888","targetHints":{"allow":["GET"]}}],"collection":[{"href":"https:\/\/marfahairbar.lv\/ru\/wp-json\/wp\/v2\/pages"}],"about":[{"href":"https:\/\/marfahairbar.lv\/ru\/wp-json\/wp\/v2\/types\/page"}],"author":[{"embeddable":true,"href":"https:\/\/marfahairbar.lv\/ru\/wp-json\/wp\/v2\/users\/220"}],"replies":[{"embeddable":true,"href":"https:\/\/marfahairbar.lv\/ru\/wp-json\/wp\/v2\/comments?post=888"}],"version-history":[{"count":0,"href":"https:\/\/marfahairbar.lv\/ru\/wp-json\/wp\/v2\/pages\/888\/revisions"}],"wp:attachment":[{"href":"https:\/\/marfahairbar.lv\/ru\/wp-json\/wp\/v2\/media?parent=888"}],"curies":[{"name":"wp","href":"https:\/\/api.w.org\/{rel}","templated":true}]}}