{"id":391,"date":"2023-12-01T07:34:19","date_gmt":"2023-12-01T05:34:19","guid":{"rendered":"https:\/\/marfahairbar.lv\/?page_id=391"},"modified":"2026-04-28T17:16:12","modified_gmt":"2026-04-28T14:16:12","slug":"%d0%b2%d0%be%d0%b9%d1%82%d0%b8-%d0%b2-%d1%81%d0%b8%d1%81%d1%82%d0%b5%d0%bc%d1%83","status":"publish","type":"page","link":"https:\/\/marfahairbar.lv\/ru\/%d0%b2%d0%be%d0%b9%d1%82%d0%b8-%d0%b2-%d1%81%d0%b8%d1%81%d1%82%d0%b5%d0%bc%d1%83\/","title":{"rendered":"\u0417\u0430\u043f\u0438\u0441\u0430\u0442\u044c\u0441\u044f"},"content":{"rendered":"<div class='breakdance'><section class=\"bde-section-391-103 bde-section section-empty\">\n  \n  \n\t\n\n\n\n<div class=\"section-container\"><\/div>\n<\/section><section class=\"bde-section-391-100 bde-section section\">\n  \n  \n\t\n\n\n\n<div class=\"section-container\"><h1 class=\"bde-heading-391-106 bde-heading\">\nPierakst\u012bties\n<\/h1><div class=\"bde-text-391-107 bde-text\">\nApskati pakalojumus, br\u012bvos laikus un piesaki savu apmekl\u0113jumu Marfa Hairbar salon\u0101.\n<\/div><div class=\"bde-text-391-110 bde-text\">\nNo 1. Maija st\u0101j\u0101s sp\u0113k\u0101 jaunas pakalpojumu cenas!\n<\/div><div class=\"bde-shortcode-391-101 bde-shortcode\">\n<script>\n  if (typeof hasAmeliaEntitiesApiCall === 'undefined' && ('' === '' && '' !== '1')) {\n    var hasAmeliaEntitiesApiCall = true;\n  }\n  var ameliaShortcodeData = (typeof ameliaShortcodeData === 'undefined') ? [] : ameliaShortcodeData;\n  ameliaShortcodeData.push(\n    {\n      'hasApiCall': (typeof hasAmeliaEntitiesApiCall !== 'undefined') && hasAmeliaEntitiesApiCall,\n      'trigger': '',\n      'trigger_type': '',\n      'triggered_form': 'sbsNew',\n      'in_dialog': '',\n      'show': '',\n      'counter': '1000',\n      'category': '',\n      'service': '',\n      'employee': '',\n      'location': '',\n      'package': ''\n    }\n  );\n\n  var ameliaShortcodeDataTriggered = (typeof ameliaShortcodeDataTriggered === 'undefined') ? [] : ameliaShortcodeDataTriggered;\n  if (ameliaShortcodeData[ameliaShortcodeData.length - 1].trigger !== '') {\n    if (ameliaShortcodeDataTriggered.filter(a => a.counter === ameliaShortcodeData[ameliaShortcodeData.length - 1].counter).length === 0) {\n      ameliaShortcodeDataTriggered.push(ameliaShortcodeData.pop());\n    } else {\n      ameliaShortcodeData.pop()\n    }\n  }\n  if (typeof hasAmeliaEntitiesApiCall !== 'undefined' && hasAmeliaEntitiesApiCall) {\n    hasAmeliaEntitiesApiCall = false;\n  }\n<\/script>\n\n<div\n  id=\"amelia-v2-booking-1000\"\n  class=\"amelia-v2-booking\"\n >\n    <step-form-wrapper><\/step-form-wrapper><\/div>\n<\/div><h2 class=\"bde-heading-391-108 bde-heading\">\nFriz\u0113tava R\u012bgas klusaj\u0101 centr\u0101\n<\/h2><div class=\"bde-text-391-109 bde-text\">\nMARFA hair bar ir \u0113rts, m\u0101j\u012bgs salons, kur sastapsi savas jomas profesion\u0101\u013cus. M\u0113s str\u0101d\u0101jam R\u012bgas klusaj\u0101 centr\u0101 un pied\u0101v\u0101jam gan klasiskus, gan modernus griezumus, matu kr\u0101so\u0161anu un veido\u0161anu. Pieraksts ir \u0101trs un vienk\u0101r\u0161s, tepat online. M\u016bsu meistari vienm\u0113r pal\u012bdz\u0113s piemekl\u0113t to, kas Tev piest\u0101v vislab\u0101k.\n<\/div><h2 class=\"bde-heading-391-104 bde-heading\">\nPierakst\u012bties pie friziera\n<\/h2><div class=\"bde-text-391-105 bde-text\">\nMARFA hair bar vari \u0101tri un \u0113rti pierakst\u012bties pie friziera m\u016bsu online sist\u0113m\u0101. M\u016bsu meistari str\u0101d\u0101 ar r\u016bp\u012bbu, pied\u0101v\u0101jot kvalitat\u012bvus matu griezumus, kr\u0101so\u0161anu un veido\u0161anu ikdienai un sv\u0113tkiem. Izv\u0113lies sev \u0113rtu laiku, atn\u0101c uz m\u016bsu m\u0101j\u012bgo salonu R\u012bgas klusaj\u0101 centr\u0101 un izbaudi profesion\u0101lu un draudz\u012bgu attieksmi.\n<\/div><\/div>\n<\/section><\/div>","protected":false},"excerpt":{"rendered":"<p>Pierakst\u012bties Apskati pakalojumus, br\u012bvos laikus un piesaki savu apmekl\u0113jumu Marfa Hairbar salon\u0101. No 1. Maija st\u0101j\u0101s sp\u0113k\u0101 jaunas pakalpojumu cenas! Friz\u0113tava R\u012bgas klusaj\u0101 centr\u0101 MARFA hair bar ir \u0113rts, m\u0101j\u012bgs salons, kur sastapsi savas jomas profesion\u0101\u013cus. M\u0113s str\u0101d\u0101jam R\u012bgas klusaj\u0101 centr\u0101 un pied\u0101v\u0101jam gan klasiskus, gan modernus griezumus, matu kr\u0101so\u0161anu un veido\u0161anu. Pieraksts ir \u0101trs [&hellip;]<\/p>\n","protected":false},"author":2,"featured_media":0,"parent":0,"menu_order":0,"comment_status":"closed","ping_status":"closed","template":"","meta":{"_acf_changed":false,"_breakdance_hide_in_design_set":false,"_breakdance_tags":"","footnotes":""},"class_list":["post-391","page","type-page","status-publish","hentry"],"acf":[],"aioseo_notices":[],"_links":{"self":[{"href":"https:\/\/marfahairbar.lv\/ru\/wp-json\/wp\/v2\/pages\/391","targetHints":{"allow":["GET"]}}],"collection":[{"href":"https:\/\/marfahairbar.lv\/ru\/wp-json\/wp\/v2\/pages"}],"about":[{"href":"https:\/\/marfahairbar.lv\/ru\/wp-json\/wp\/v2\/types\/page"}],"author":[{"embeddable":true,"href":"https:\/\/marfahairbar.lv\/ru\/wp-json\/wp\/v2\/users\/2"}],"replies":[{"embeddable":true,"href":"https:\/\/marfahairbar.lv\/ru\/wp-json\/wp\/v2\/comments?post=391"}],"version-history":[{"count":1,"href":"https:\/\/marfahairbar.lv\/ru\/wp-json\/wp\/v2\/pages\/391\/revisions"}],"predecessor-version":[{"id":2729,"href":"https:\/\/marfahairbar.lv\/ru\/wp-json\/wp\/v2\/pages\/391\/revisions\/2729"}],"wp:attachment":[{"href":"https:\/\/marfahairbar.lv\/ru\/wp-json\/wp\/v2\/media?parent=391"}],"curies":[{"name":"wp","href":"https:\/\/api.w.org\/{rel}","templated":true}]}}