{"id":2432,"date":"2025-04-16T09:04:52","date_gmt":"2025-04-16T06:04:52","guid":{"rendered":"https:\/\/marfahairbar.lv\/?page_id=2432"},"modified":"2025-05-15T09:31:48","modified_gmt":"2025-05-15T06:31:48","slug":"%d0%b4%d0%b8%d1%81%d1%82%d0%b0%d0%bd%d1%86%d0%b8%d0%be%d0%bd%d0%bd%d1%8b%d0%b5-%d0%bb%d0%b8%d0%b3%d1%83%d0%bc%d1%8b","status":"publish","type":"page","link":"https:\/\/marfahairbar.lv\/ru\/%d0%b4%d0%b8%d1%81%d1%82%d0%b0%d0%bd%d1%86%d0%b8%d0%be%d0%bd%d0%bd%d1%8b%d0%b5-%d0%bb%d0%b8%d0%b3%d1%83%d0%bc%d1%8b\/","title":{"rendered":"\u0414\u0438\u0441\u0442\u0430\u043d\u0446\u0438\u043e\u043d\u043d\u043e\u0435 \u0441\u043e\u0433\u043b\u0430\u0448\u0435\u043d\u0438\u0435"},"content":{"rendered":"<div class='breakdance'><section class=\"bde-section-2432-100 bde-section section-empty\">\n  \n  \n\t\n\n\n\n<div class=\"section-container\"><\/div>\n<\/section><section class=\"bde-section-2432-101 bde-section section\">\n  \n  \n\t\n\n\n\n<div class=\"section-container\"><h1 class=\"bde-heading-2432-102 bde-heading\">\n\u0414\u0438\u0441\u0442\u0430\u043d\u0446\u0438\u043e\u043d\u043d\u043e\u0435 \u0441\u043e\u0433\u043b\u0430\u0448\u0435\u043d\u0438\u0435\n<\/h1><div class=\"bde-div-2432-103 bde-div\">\n  \n  \n\t\n\n\n\n<div class=\"bde-rich-text-2432-105 bde-rich-text breakdance-rich-text-styles\">\n<p>\u041f\u0440\u043e\u0434\u0430\u0432\u0435\u0446: SIA PRADA MARFA, \u0440\u0435\u0433\u0438\u0441\u0442\u0440\u0430\u0446\u0438\u043e\u043d\u043d\u044b\u0439 \u043d\u043e\u043c\u0435\u0440 40203336062, \u044e\u0440\u0438\u0434\u0438\u0447\u0435\u0441\u043a\u0438\u0439 \u0430\u0434\u0440\u0435\u0441: \u0443\u043b. \u0410\u0443\u0441\u0435\u043a\u043b\u044f 16 - 1, \u0420\u0438\u0433\u0430, LV-1010, \u041b\u0430\u0442\u0432\u0438\u044f. \u0412\u0435\u0431-\u0441\u0430\u0439\u0442: www.marfahairbar.lv. E-mail: marfa@marfahairbar.lv. \u0422\u043e\u0432\u0430\u0440\u044b: \u0441\u043f\u0435\u0446\u0438\u0430\u043b\u0438\u0437\u0438\u0440\u043e\u0432\u0430\u043d\u043d\u0430\u044f \u043a\u043e\u0441\u043c\u0435\u0442\u0438\u043a\u0430 \u0434\u043b\u044f \u0432\u043e\u043b\u043e\u0441 \u0438 \u0430\u043a\u0441\u0435\u0441\u0441\u0443\u0430\u0440\u044b. \u0423\u0441\u043b\u0443\u0433\u0438: \u043a\u043e\u0441\u043c\u0435\u0442\u0438\u0447\u0435\u0441\u043a\u0438\u0435 \u0443\u0441\u043b\u0443\u0433\u0438 \u0438 \u043e\u043d\u043b\u0430\u0439\u043d-\u0437\u0430\u043f\u0438\u0441\u044c \u043d\u0430 \u043f\u0440\u0438\u0435\u043c.<\/p>\n<p>\u041d\u0430\u0441\u0442\u043e\u044f\u0449\u0438\u0435 \u0443\u0441\u043b\u043e\u0432\u0438\u044f (\u0434\u0430\u043b\u0435\u0435 - \"\u0423\u0441\u043b\u043e\u0432\u0438\u044f\") \u044f\u0432\u043b\u044f\u044e\u0442\u0441\u044f \u043d\u0435\u043e\u0442\u044a\u0435\u043c\u043b\u0435\u043c\u043e\u0439 \u0447\u0430\u0441\u0442\u044c\u044e \u0434\u043e\u0433\u043e\u0432\u043e\u0440\u0430 \u043a\u0443\u043f\u043b\u0438-\u043f\u0440\u043e\u0434\u0430\u0436\u0438 \u0442\u043e\u0432\u0430\u0440\u043e\u0432 \u0438 \u0443\u0441\u043b\u0443\u0433 \u0438 \u043e\u043f\u0440\u0435\u0434\u0435\u043b\u044f\u044e\u0442 \u043f\u0440\u0430\u0432\u0430, \u043e\u0431\u044f\u0437\u0430\u043d\u043d\u043e\u0441\u0442\u0438, \u0443\u0441\u043b\u043e\u0432\u0438\u044f \u0434\u043e\u0441\u0442\u0430\u0432\u043a\u0438 \u0438 \u043e\u043f\u043b\u0430\u0442\u044b, \u043f\u043e\u0440\u044f\u0434\u043e\u043a \u0432\u043e\u0437\u0432\u0440\u0430\u0442\u0430 \u0438 \u0430\u043d\u043d\u0443\u043b\u0438\u0440\u043e\u0432\u0430\u043d\u0438\u044f \u0437\u0430\u043a\u0430\u0437\u0430, \u0430 \u0442\u0430\u043a\u0436\u0435 \u043f\u043e\u0440\u044f\u0434\u043e\u043a \u0440\u0430\u0437\u0440\u0435\u0448\u0435\u043d\u0438\u044f \u0441\u043f\u043e\u0440\u043e\u0432 \u043c\u0435\u0436\u0434\u0443 \u041f\u0440\u043e\u0434\u0430\u0432\u0446\u043e\u043c \u0438 \u041f\u043e\u043a\u0443\u043f\u0430\u0442\u0435\u043b\u0435\u043c. \u0414\u043e\u0433\u043e\u0432\u043e\u0440 \u0432\u0441\u0442\u0443\u043f\u0430\u0435\u0442 \u0432 \u0441\u0438\u043b\u0443 \u0441 \u043c\u043e\u043c\u0435\u043d\u0442\u0430, \u043a\u043e\u0433\u0434\u0430 \u041f\u043e\u043a\u0443\u043f\u0430\u0442\u0435\u043b\u044c \u043f\u043e\u0434\u0442\u0432\u0435\u0440\u0436\u0434\u0430\u0435\u0442 \u0437\u0430\u043a\u0430\u0437 \u043d\u0430 \u0421\u0430\u0439\u0442\u0435 \u0438 \u0441\u0442\u0430\u0432\u0438\u0442 \u0433\u0430\u043b\u043e\u0447\u043a\u0443 \u0432 \u043f\u043e\u043b\u0435 \"\u042f \u0441\u043e\u0433\u043b\u0430\u0441\u0435\u043d \u0441 \u0443\u0441\u043b\u043e\u0432\u0438\u044f\u043c\u0438 \u0438\u0441\u043f\u043e\u043b\u044c\u0437\u043e\u0432\u0430\u043d\u0438\u044f\".<\/p>\n<p>\u041f\u0440\u043e\u0434\u0430\u0432\u0435\u0446 \u043e\u0441\u0442\u0430\u0432\u043b\u044f\u0435\u0442 \u0437\u0430 \u0441\u043e\u0431\u043e\u0439 \u043f\u0440\u0430\u0432\u043e \u0438\u0437\u043c\u0435\u043d\u044f\u0442\u044c \u0423\u0441\u043b\u043e\u0432\u0438\u044f \u0438\/\u0438\u043b\u0438 \u0446\u0435\u043d\u044b \u0432 \u043b\u044e\u0431\u043e\u0435 \u0432\u0440\u0435\u043c\u044f, \u043f\u0443\u0431\u043b\u0438\u043a\u0443\u044f \u0438\u0437\u043c\u0435\u043d\u0435\u043d\u0438\u044f \u043d\u0430 \u0421\u0430\u0439\u0442\u0435.<\/p>\n<h3>\u0423\u0441\u043b\u043e\u0432\u0438\u044f \u043f\u043e\u0441\u0442\u0430\u0432\u043a\u0438 \u0438 \u043e\u043f\u043b\u0430\u0442\u044b<\/h3>\n<p>\u041a\u043b\u0438\u0435\u043d\u0442 \u043c\u043e\u0436\u0435\u0442 \u0432\u044b\u0431\u0440\u0430\u0442\u044c \u043e\u0434\u0438\u043d \u0438\u0437 \u0441\u043b\u0435\u0434\u0443\u044e\u0449\u0438\u0445 \u0441\u043f\u043e\u0441\u043e\u0431\u043e\u0432 \u0434\u043e\u0441\u0442\u0430\u0432\u043a\u0438:<br \/>- \u041f\u043e\u0441\u044b\u043b\u043e\u0447\u043d\u044b\u0435 \u0430\u0432\u0442\u043e\u043c\u0430\u0442\u044b Omniva\/DPD \u0432 \u041b\u0430\u0442\u0432\u0438\u0438: \u0446\u0435\u043d\u0430 \u0437\u0430\u0432\u0438\u0441\u0438\u0442 \u043e\u0442 \u043f\u043e\u0441\u0442\u0430\u0432\u0449\u0438\u043a\u0430 \u0443\u0441\u043b\u0443\u0433<br \/>- \u041a\u0443\u0440\u044c\u0435\u0440\u0441\u043a\u0430\u044f \u0434\u043e\u0441\u0442\u0430\u0432\u043a\u0430: \u0446\u0435\u043d\u0430 \u0437\u0430\u0432\u0438\u0441\u0438\u0442 \u043e\u0442 \u0430\u0434\u0440\u0435\u0441\u0430 \u0438 \u0441\u043f\u043e\u0441\u043e\u0431\u0430 \u0434\u043e\u0441\u0442\u0430\u0432\u043a\u0438<br \/>- \u0417\u0430\u0431\u0440\u0430\u0442\u044c \u0438\u0437 \u0441\u0430\u043b\u043e\u043d\u0430: \u0431\u0435\u0441\u043f\u043b\u0430\u0442\u043d\u043e<\/p>\n<p>\u0422\u043e\u0432\u0430\u0440\u044b \u0434\u043e\u0441\u0442\u0430\u0432\u043b\u044f\u044e\u0442\u0441\u044f \u0432 \u0442\u0435\u0447\u0435\u043d\u0438\u0435 1-5 \u0440\u0430\u0431\u043e\u0447\u0438\u0445 \u0434\u043d\u0435\u0439 \u043f\u043e\u0441\u043b\u0435 \u043f\u043e\u043b\u0443\u0447\u0435\u043d\u0438\u044f \u043e\u043f\u043b\u0430\u0442\u044b \u0438 \u043f\u043e\u0434\u0442\u0432\u0435\u0440\u0436\u0434\u0435\u043d\u0438\u044f. \u041e\u043f\u043b\u0430\u0442\u0430 \u0437\u0430\u043a\u0430\u0437\u0430:<br \/>- \u041f\u043e \u0431\u0430\u043d\u043a\u043e\u0432\u0441\u043a\u043e\u0439 \u043a\u0430\u0440\u0442\u0435<br \/>- \u0421 \u043f\u043e\u043c\u043e\u0449\u044c\u044e \u0438\u043d\u0442\u0435\u0440\u043d\u0435\u0442-\u0431\u0430\u043d\u043a\u0438\u043d\u0433\u0430<br \/>- \u0411\u0430\u043d\u043a\u043e\u0432\u0441\u043a\u0438\u043c \u043f\u0435\u0440\u0435\u0432\u043e\u0434\u043e\u043c \u043f\u0440\u0438 \u043f\u043e\u043b\u0443\u0447\u0435\u043d\u0438\u0438 \u0441\u0447\u0435\u0442\u0430-\u0444\u0430\u043a\u0442\u0443\u0440\u044b<\/p>\n<h3>\u041f\u0440\u0430\u0432\u043e \u043d\u0430 \u043e\u0442\u0437\u044b\u0432 \u0438 \u0432\u043e\u0437\u0432\u0440\u0430\u0442 \u0442\u043e\u0432\u0430\u0440\u0430<\/h3>\n<p>\u041f\u043e\u043a\u0443\u043f\u0430\u0442\u0435\u043b\u044c \u0438\u043c\u0435\u0435\u0442 \u043f\u0440\u0430\u0432\u043e \u043e\u0442\u043a\u0430\u0437\u0430\u0442\u044c\u0441\u044f \u043e\u0442 \u0442\u043e\u0432\u0430\u0440\u0430 \u0432 \u0442\u0435\u0447\u0435\u043d\u0438\u0435 14 \u0434\u043d\u0435\u0439. \u0424\u043e\u0440\u043c\u0443 \u043e\u0442\u043a\u0430\u0437\u0430 \u043e\u0442 \u0442\u043e\u0432\u0430\u0440\u0430 \u043c\u043e\u0436\u043d\u043e \u043f\u043e\u043b\u0443\u0447\u0438\u0442\u044c \u043f\u043e \u0437\u0430\u043f\u0440\u043e\u0441\u0443 \u043d\u0430 \u0441\u0430\u0439\u0442\u0435 marfa@marfahairbar.lv. \u0422\u043e\u0432\u0430\u0440 \u0434\u043e\u043b\u0436\u0435\u043d \u0431\u044b\u0442\u044c \u0432\u043e\u0437\u0432\u0440\u0430\u0449\u0435\u043d \u0432 \u043f\u043e\u043b\u043d\u043e\u0439 \u043a\u043e\u043c\u043f\u043b\u0435\u043a\u0442\u0430\u0446\u0438\u0438, \u0432 \u043d\u0435\u043f\u043e\u0432\u0440\u0435\u0436\u0434\u0435\u043d\u043d\u043e\u0439 \u0443\u043f\u0430\u043a\u043e\u0432\u043a\u0435. \u0420\u0430\u0441\u0445\u043e\u0434\u044b \u043f\u043e \u0432\u043e\u0437\u0432\u0440\u0430\u0442\u0443 \u043d\u0435\u0441\u0435\u0442 \u043f\u043e\u043a\u0443\u043f\u0430\u0442\u0435\u043b\u044c.<\/p>\n<p>\u0414\u0435\u043d\u044c\u0433\u0438 \u0432\u043e\u0437\u0432\u0440\u0430\u0449\u0430\u044e\u0442\u0441\u044f \u0432 \u0442\u0435\u0447\u0435\u043d\u0438\u0435 14 \u0434\u043d\u0435\u0439 \u0441 \u0438\u0441\u043f\u043e\u043b\u044c\u0437\u043e\u0432\u0430\u043d\u0438\u0435\u043c \u0442\u043e\u0433\u043e \u0436\u0435 \u0441\u043f\u043e\u0441\u043e\u0431\u0430 \u043e\u043f\u043b\u0430\u0442\u044b, \u043a\u043e\u0442\u043e\u0440\u044b\u0439 \u0431\u044b\u043b \u0438\u0441\u043f\u043e\u043b\u044c\u0437\u043e\u0432\u0430\u043d. \u041f\u0440\u0430\u0432\u043e \u043d\u0430 \u043e\u0442\u043a\u0430\u0437 \u043e\u0442 \u0442\u043e\u0432\u0430\u0440\u0430 \u043d\u0435 \u043c\u043e\u0436\u0435\u0442 \u0431\u044b\u0442\u044c \u0440\u0435\u0430\u043b\u0438\u0437\u043e\u0432\u0430\u043d\u043e, \u0435\u0441\u043b\u0438 \u0442\u043e\u0432\u0430\u0440 \u0431\u044b\u043b \u0432 \u0443\u043f\u043e\u0442\u0440\u0435\u0431\u043b\u0435\u043d\u0438\u0438 \u0438\u043b\u0438 \u043f\u043e\u0432\u0440\u0435\u0436\u0434\u0435\u043d.<\/p>\n<h3>\u0420\u0430\u0437\u0440\u0435\u0448\u0435\u043d\u0438\u0435 \u0441\u043f\u043e\u0440\u043e\u0432<\/h3>\n<p>\u0412\u0441\u0435 \u0441\u043f\u043e\u0440\u044b, \u0432\u043e\u0437\u043d\u0438\u043a\u0430\u044e\u0449\u0438\u0435 \u043c\u0435\u0436\u0434\u0443 \u041a\u043b\u0438\u0435\u043d\u0442\u043e\u043c \u0438 \u041f\u0440\u043e\u0434\u0430\u0432\u0446\u043e\u043c, \u0438\u043b\u0438 \u0432\u043e\u0437\u043d\u0438\u043a\u0430\u044e\u0449\u0438\u0435 \u0432 \u0441\u0432\u044f\u0437\u0438 \u0441 \u043f\u043e\u043a\u0443\u043f\u043a\u043e\u0439 \u0422\u043e\u0432\u0430\u0440\u043e\u0432, \u0431\u0443\u0434\u0443\u0442 \u0440\u0430\u0437\u0440\u0435\u0448\u0430\u0442\u044c\u0441\u044f \u0421\u0442\u043e\u0440\u043e\u043d\u0430\u043c\u0438 \u043f\u0443\u0442\u0435\u043c \u0432\u0437\u0430\u0438\u043c\u043d\u044b\u0445 \u043f\u0435\u0440\u0435\u0433\u043e\u0432\u043e\u0440\u043e\u0432 \u0438\u043b\u0438 \u043f\u0435\u0440\u0435\u043f\u0438\u0441\u043a\u0438 \u0441 \u0446\u0435\u043b\u044c\u044e \u0434\u043e\u0441\u0442\u0438\u0436\u0435\u043d\u0438\u044f \u0432\u0437\u0430\u0438\u043c\u043e\u0432\u044b\u0433\u043e\u0434\u043d\u043e\u0433\u043e \u0438 \u043f\u0440\u0438\u0435\u043c\u043b\u0435\u043c\u043e\u0433\u043e \u0440\u0435\u0448\u0435\u043d\u0438\u044f.<\/p>\n<p>\u0415\u0441\u043b\u0438 \u0441\u043f\u043e\u0440 \u043d\u0435 \u043c\u043e\u0436\u0435\u0442 \u0431\u044b\u0442\u044c \u0440\u0430\u0437\u0440\u0435\u0448\u0435\u043d \u043f\u0443\u0442\u0435\u043c \u043f\u0435\u0440\u0435\u0433\u043e\u0432\u043e\u0440\u043e\u0432 \u0438\u043b\u0438 \u043f\u0435\u0440\u0435\u043f\u0438\u0441\u043a\u0438, \u0421\u0442\u043e\u0440\u043e\u043d\u044b \u0440\u0430\u0437\u0440\u0435\u0448\u0430\u044e\u0442 \u0435\u0433\u043e \u0432 \u0441\u0443\u0434\u0430\u0445 \u041b\u0430\u0442\u0432\u0438\u0439\u0441\u043a\u043e\u0439 \u0420\u0435\u0441\u043f\u0443\u0431\u043b\u0438\u043a\u0438 \u0432 \u0441\u043e\u043e\u0442\u0432\u0435\u0442\u0441\u0442\u0432\u0438\u0438 \u0441 \u043d\u043e\u0440\u043c\u0430\u0442\u0438\u0432\u043d\u043e-\u043f\u0440\u0430\u0432\u043e\u0432\u044b\u043c\u0438 \u0430\u043a\u0442\u0430\u043c\u0438 \u041b\u0430\u0442\u0432\u0438\u0439\u0441\u043a\u043e\u0439 \u0420\u0435\u0441\u043f\u0443\u0431\u043b\u0438\u043a\u0438.<\/p>\n<p>\u0416\u0430\u043b\u043e\u0431\u044b \u043d\u0430 \u043d\u0430\u043b\u0438\u0447\u0438\u0435 \u0438\u043b\u0438 \u043a\u0430\u0447\u0435\u0441\u0442\u0432\u043e \u0442\u043e\u0432\u0430\u0440\u0430 \u0441\u043b\u0435\u0434\u0443\u0435\u0442 \u043f\u043e\u0434\u0430\u0432\u0430\u0442\u044c \u0432 \u044d\u043b\u0435\u043a\u0442\u0440\u043e\u043d\u043d\u043e\u043c \u0432\u0438\u0434\u0435 \u043d\u0430 \u0430\u0434\u0440\u0435\u0441 \u044d\u043b\u0435\u043a\u0442\u0440\u043e\u043d\u043d\u043e\u0439 \u043f\u043e\u0447\u0442\u044b marfa@marfahairbar.lv \u0438 \u0432 \u043f\u0438\u0441\u044c\u043c\u0435\u043d\u043d\u043e\u043c \u0432\u0438\u0434\u0435 \u043f\u043e \u0430\u0434\u0440\u0435\u0441\u0443 \u0420\u0438\u0433\u0430, \u0410\u0443\u0441\u0435\u043a\u043b\u044f \u0438\u0435\u043b\u0430 16 - 1, LV-1010. \u0416\u0430\u043b\u043e\u0431\u0430 \u0431\u0443\u0434\u0435\u0442 \u0440\u0430\u0441\u0441\u043c\u043e\u0442\u0440\u0435\u043d\u0430 \u0432 \u0442\u0435\u0447\u0435\u043d\u0438\u0435 7 (\u0441\u0435\u043c\u0438) \u0440\u0430\u0431\u043e\u0447\u0438\u0445 \u0434\u043d\u0435\u0439 \u0441 \u043c\u043e\u043c\u0435\u043d\u0442\u0430 \u043f\u043e\u043b\u0443\u0447\u0435\u043d\u0438\u044f \u0436\u0430\u043b\u043e\u0431\u044b, \u0430 \u043e\u0442\u0432\u0435\u0442 \u043e\u0442\u043f\u0440\u0430\u0432\u043b\u0435\u043d \u043f\u043e \u0443\u043a\u0430\u0437\u0430\u043d\u043d\u043e\u043c\u0443 \u0432 \u0436\u0430\u043b\u043e\u0431\u0435 \u043a\u043e\u043d\u0442\u0430\u043a\u0442\u043d\u043e\u043c\u0443 \u0430\u0434\u0440\u0435\u0441\u0443.<br \/>\u0415\u0441\u043b\u0438 \u0436\u0430\u043b\u043e\u0431\u0430 \u043f\u0440\u0438\u0437\u043d\u0430\u043d\u0430 \u043d\u0435\u043e\u0431\u043e\u0441\u043d\u043e\u0432\u0430\u043d\u043d\u043e\u0439 \u0438 \u0432\u044b \u043d\u0435 \u0441\u043e\u0433\u043b\u0430\u0441\u043d\u044b \u0441 \u0442\u0430\u043a\u0438\u043c \u0432\u044b\u0432\u043e\u0434\u043e\u043c, \u0432\u044b \u0438\u043c\u0435\u0435\u0442\u0435 \u043f\u0440\u0430\u0432\u043e \u0432\u043e\u0441\u043f\u043e\u043b\u044c\u0437\u043e\u0432\u0430\u0442\u044c\u0441\u044f \u0430\u043b\u044c\u0442\u0435\u0440\u043d\u0430\u0442\u0438\u0432\u043d\u044b\u043c\u0438 \u0441\u043f\u043e\u0441\u043e\u0431\u0430\u043c\u0438 \u0440\u0430\u0437\u0440\u0435\u0448\u0435\u043d\u0438\u044f \u0441\u043f\u043e\u0440\u043e\u0432, \u043f\u0440\u0435\u0434\u0443\u0441\u043c\u043e\u0442\u0440\u0435\u043d\u043d\u044b\u043c\u0438 \u0437\u0430\u043a\u043e\u043d\u0430\u043c\u0438 \u0438 \u043f\u0440\u0430\u0432\u0438\u043b\u0430\u043c\u0438.<br \/>\u0418\u043d\u0444\u043e\u0440\u043c\u0430\u0446\u0438\u044f \u043e \u0432\u0430\u0440\u0438\u0430\u043d\u0442\u0430\u0445 \u0432\u043d\u0435\u0441\u0443\u0434\u0435\u0431\u043d\u043e\u0433\u043e \u0443\u0440\u0435\u0433\u0443\u043b\u0438\u0440\u043e\u0432\u0430\u043d\u0438\u044f \u0441\u043f\u043e\u0440\u043e\u0432 \u0438 \u0432\u043d\u0435\u0441\u0443\u0434\u0435\u0431\u043d\u044b\u0445 \u0440\u0430\u0437\u0440\u0435\u0448\u0438\u0442\u0435\u043b\u044f\u0445 \u0441\u043f\u043e\u0440\u043e\u0432:<\/p>\n<p>http:\/\/www.ptac.gov.lv\/lv\/content\/stridu-risinasanas-process<\/p>\n<p>http:\/\/www.ptac.gov.lv\/lv\/content\/arpustiesas-pateretaju-stridu-risinataju-datubaze<\/p>\n<\/div>\n<\/div><\/div>\n<\/section><\/div>","protected":false},"excerpt":{"rendered":"<p>Distances l\u012bgums P\u0101rdev\u0113js: SIA PRADA MARFA, Re\u0123istr\u0101cijas Nr. 40203336062, juridisk\u0101 adrese: R\u012bga, Ausek\u013ca iela 16 &#8211; 1, LV-1010, Latvija. Vietne: www.marfahairbar.lv. E-pasts: marfa@marfahairbar.lv. Preces: specializ\u0113ta matu kosm\u0113tika un aksesu\u0101ri. Pakalpojumi: skaistumkop\u0161anas pakalpojumi un online pieraksts. \u0160ie noteikumi (turpm\u0101k &#8220;Noteikumi&#8221;) ir pre\u010du un pakalpojumu pirkuma l\u012bguma neat\u0146emama sast\u0101vda\u013ca un nosaka P\u0101rdev\u0113ja un Pirc\u0113ja ties\u012bbas, pien\u0101kumus, pieg\u0101des [&hellip;]<\/p>\n","protected":false},"author":2,"featured_media":0,"parent":0,"menu_order":0,"comment_status":"closed","ping_status":"closed","template":"","meta":{"_acf_changed":false,"_breakdance_hide_in_design_set":false,"_breakdance_tags":"","footnotes":""},"class_list":["post-2432","page","type-page","status-publish","hentry"],"acf":[],"aioseo_notices":[],"_links":{"self":[{"href":"https:\/\/marfahairbar.lv\/ru\/wp-json\/wp\/v2\/pages\/2432","targetHints":{"allow":["GET"]}}],"collection":[{"href":"https:\/\/marfahairbar.lv\/ru\/wp-json\/wp\/v2\/pages"}],"about":[{"href":"https:\/\/marfahairbar.lv\/ru\/wp-json\/wp\/v2\/types\/page"}],"author":[{"embeddable":true,"href":"https:\/\/marfahairbar.lv\/ru\/wp-json\/wp\/v2\/users\/2"}],"replies":[{"embeddable":true,"href":"https:\/\/marfahairbar.lv\/ru\/wp-json\/wp\/v2\/comments?post=2432"}],"version-history":[{"count":0,"href":"https:\/\/marfahairbar.lv\/ru\/wp-json\/wp\/v2\/pages\/2432\/revisions"}],"wp:attachment":[{"href":"https:\/\/marfahairbar.lv\/ru\/wp-json\/wp\/v2\/media?parent=2432"}],"curies":[{"name":"wp","href":"https:\/\/api.w.org\/{rel}","templated":true}]}}