{"id":1675,"date":"2025-03-06T17:56:52","date_gmt":"2025-03-06T14:56:52","guid":{"rendered":"https:\/\/marfahairbar.lv\/produkts\/balmain-hair-matu-barete-silver-hair-barrette\/"},"modified":"2025-05-12T17:21:35","modified_gmt":"2025-05-12T14:21:35","slug":"balmain-hair-barrette-silver-hair-barrette","status":"publish","type":"product","link":"https:\/\/marfahairbar.lv\/en\/product-2\/balmain-hair-barrette-silver-hair-barrette\/","title":{"rendered":"BALMAIN HAIR Hair Barrette \/ Silver Hair Barrette"},"content":{"rendered":"<p>The design is inspired by BALMAIN's Autumn\/Winter 2019 collection. The Balmain Hair beret is made of genuine leather, secured with a hairpin that is gilded with 14K gold and engraved with the Balmain Hair logo. This hair barrette will perfectly complement any high hairstyle or ponytail, adding an extra touch of luxury and sophistication.,Limited Edition Hair Barrette,Made from high quality napa leather,The supple leather of the barrette gently envelops the ponytail and braid,BALMAIN HAIR Hair Barrette : Silver Hair Barrette<\/p>\n<ul>\n<li>Limit\u0113t\u0101s Kolekcijas Matu Barete<\/li>\n<li>Izgatavota no augstas kvalit\u0101tes napa \u0101das<\/li>\n<li>Elast\u012bg\u0101 \u0101da, no k\u0101 izgatavota barete, maigi ap\u0146em zirgasti un copi<\/li>\n<\/ul>","protected":false},"excerpt":{"rendered":"<p>BALMAIN HAIR hair barrette \/ Silver Hair Barrette silver hair barrette. An elegant and fashionable accessory that adds shine to the hairstyle.<\/p>","protected":false},"featured_media":2242,"comment_status":"open","ping_status":"closed","template":"","meta":{"_acf_changed":false},"matu-tips":[],"product_brand":[49],"product_cat":[62],"product_tag":[],"class_list":{"0":"post-1675","1":"product","2":"type-product","3":"status-publish","4":"has-post-thumbnail","6":"product_brand-balmain","7":"product_cat-matu-aksesuari","9":"first","10":"instock","11":"taxable","12":"shipping-taxable","13":"purchasable","14":"product-type-simple"},"acf":[],"aioseo_notices":[],"_links":{"self":[{"href":"https:\/\/marfahairbar.lv\/en\/wp-json\/wp\/v2\/product\/1675","targetHints":{"allow":["GET"]}}],"collection":[{"href":"https:\/\/marfahairbar.lv\/en\/wp-json\/wp\/v2\/product"}],"about":[{"href":"https:\/\/marfahairbar.lv\/en\/wp-json\/wp\/v2\/types\/product"}],"replies":[{"embeddable":true,"href":"https:\/\/marfahairbar.lv\/en\/wp-json\/wp\/v2\/comments?post=1675"}],"wp:featuredmedia":[{"embeddable":true,"href":"https:\/\/marfahairbar.lv\/en\/wp-json\/wp\/v2\/media\/2242"}],"wp:attachment":[{"href":"https:\/\/marfahairbar.lv\/en\/wp-json\/wp\/v2\/media?parent=1675"}],"wp:term":[{"taxonomy":"matu-tips","embeddable":true,"href":"https:\/\/marfahairbar.lv\/en\/wp-json\/wp\/v2\/matu-tips?post=1675"},{"taxonomy":"product_brand","embeddable":true,"href":"https:\/\/marfahairbar.lv\/en\/wp-json\/wp\/v2\/product_brand?post=1675"},{"taxonomy":"product_cat","embeddable":true,"href":"https:\/\/marfahairbar.lv\/en\/wp-json\/wp\/v2\/product_cat?post=1675"},{"taxonomy":"product_tag","embeddable":true,"href":"https:\/\/marfahairbar.lv\/en\/wp-json\/wp\/v2\/product_tag?post=1675"}],"curies":[{"name":"wp","href":"https:\/\/api.w.org\/{rel}","templated":true}]}}