{"id":1672,"date":"2025-03-06T17:56:50","date_gmt":"2025-03-06T14:56:50","guid":{"rendered":"https:\/\/marfahairbar.lv\/produkts\/balmain-hair-matu-barete-ar-zelta-logo-pastel-pink-embossed-hair-barrette-golden-logo-vintage\/"},"modified":"2025-05-12T17:21:33","modified_gmt":"2025-05-12T14:21:33","slug":"balmain-hair-barrette-with-gold-logo-pastel-pink-embossed-hair-barrette-gold-logo-vintage","status":"publish","type":"product","link":"https:\/\/marfahairbar.lv\/en\/product-2\/balmain-hair-barrette-with-gold-logo-pastel-pink-embossed-hair-barrette-gold-logo-vintage\/","title":{"rendered":"BALMAIN HAIR Hair Barrette With Golden Logo \/ Pastel Pink Embossed Hair Barrette Golden logo Vintage"},"content":{"rendered":"<p>Ekskluz\u012bva, limit\u0113t\u0101s kolekcijas Matu Barete rad\u012bta iedvesmojoties no BALMAIN modes nama Pavasara\/Vasaras 2020 kolekcijas. \u0160\u012b matu barete lieliski papildin\u0101s jebkuru augsto matu sak\u0101rtojumu vai zirgasti, pie\u0161\u0137irs papildus greznumu un izsmalcin\u0101t\u012bbu. Barete izgatavota no dab\u012bg\u0101s \u0101das, to nostiprina ar matadatu, kas ir apzelt\u012bta ar 18K zeltu un taj\u0101 iegrav\u0113ts Balmain logo.<\/p>\n<ul>\n<li>18K apzelt\u012bta matadata baretes stiprin\u0101\u0161anai ar iegrav\u0113tu Balmain logo<\/li>\n<li>Izgatavota no augstas kvalit\u0101tes napa \u0101das<\/li>\n<li>Elast\u012bg\u0101 \u0101da, no k\u0101 izgatavota barete, maigi ap\u0146em zirgasti un copi<\/li>\n<\/ul>","protected":false},"excerpt":{"rendered":"<p>BALMAIN HAIR Hair Barrette With Golden Logo \/ Pastel Pink Embossed Hair Barrette Golden logo Vintage light pink hair barrette with embossed gold logo. Vintage style accessory.<\/p>","protected":false},"featured_media":2237,"comment_status":"open","ping_status":"closed","template":"","meta":{"_acf_changed":false},"matu-tips":[],"product_brand":[49],"product_cat":[62],"product_tag":[],"class_list":{"0":"post-1672","1":"product","2":"type-product","3":"status-publish","4":"has-post-thumbnail","6":"product_brand-balmain","7":"product_cat-matu-aksesuari","9":"first","10":"instock","11":"taxable","12":"shipping-taxable","13":"purchasable","14":"product-type-simple"},"acf":[],"aioseo_notices":[],"_links":{"self":[{"href":"https:\/\/marfahairbar.lv\/en\/wp-json\/wp\/v2\/product\/1672","targetHints":{"allow":["GET"]}}],"collection":[{"href":"https:\/\/marfahairbar.lv\/en\/wp-json\/wp\/v2\/product"}],"about":[{"href":"https:\/\/marfahairbar.lv\/en\/wp-json\/wp\/v2\/types\/product"}],"replies":[{"embeddable":true,"href":"https:\/\/marfahairbar.lv\/en\/wp-json\/wp\/v2\/comments?post=1672"}],"wp:featuredmedia":[{"embeddable":true,"href":"https:\/\/marfahairbar.lv\/en\/wp-json\/wp\/v2\/media\/2237"}],"wp:attachment":[{"href":"https:\/\/marfahairbar.lv\/en\/wp-json\/wp\/v2\/media?parent=1672"}],"wp:term":[{"taxonomy":"matu-tips","embeddable":true,"href":"https:\/\/marfahairbar.lv\/en\/wp-json\/wp\/v2\/matu-tips?post=1672"},{"taxonomy":"product_brand","embeddable":true,"href":"https:\/\/marfahairbar.lv\/en\/wp-json\/wp\/v2\/product_brand?post=1672"},{"taxonomy":"product_cat","embeddable":true,"href":"https:\/\/marfahairbar.lv\/en\/wp-json\/wp\/v2\/product_cat?post=1672"},{"taxonomy":"product_tag","embeddable":true,"href":"https:\/\/marfahairbar.lv\/en\/wp-json\/wp\/v2\/product_tag?post=1672"}],"curies":[{"name":"wp","href":"https:\/\/api.w.org\/{rel}","templated":true}]}}