{"id":1670,"date":"2025-03-06T17:56:48","date_gmt":"2025-03-06T14:56:48","guid":{"rendered":"https:\/\/marfahairbar.lv\/produkts\/balmain-hair-matu-spradze-slide-signature-logo-18k-gold\/"},"modified":"2025-05-12T17:21:32","modified_gmt":"2025-05-12T14:21:32","slug":"balmain-hair-clip-slide-signature-logo-18k-gold","status":"publish","type":"product","link":"https:\/\/marfahairbar.lv\/en\/product-2\/balmain-hair-clip-slide-signature-logo-18k-gold\/","title":{"rendered":"BALMAIN HAIR Hair Clip \/ Slide Signature Logo 18K Gold"},"content":{"rendered":"<p>Covered in 18K gold, an exclusive hair clip inspired by Balmain's autumn\/winter collection.High quality hair clip that will not go unnoticed,With Balmain Hair's special signature,Perfect for transforming hairstyles for different situations,BALMAIN HAIR Hair Clip : Slide Signature Logo 18K Gold<\/p>\n<ul>\n<li>Augstas kvalit\u0101tes matu spr\u0101dze, kas nepaliks nepaman\u012bta<\/li>\n<li>Ar Balmain Hair \u012bpa\u0161o parakstu<\/li>\n<li>Lieliski piem\u0113rota, lai transform\u0113tu matu sak\u0101rtojumu, da\u017e\u0101d\u0101m situ\u0101cij\u0101m<\/li>\n<\/ul>","protected":false},"excerpt":{"rendered":"<p>BALMAIN HAIR BRAK \/ Slide Signature Logo 18K Gold 18K gold hair pin with Balmain signature logo. Exclusive and luxurious accessory.<\/p>","protected":false},"featured_media":2233,"comment_status":"open","ping_status":"closed","template":"","meta":{"_acf_changed":false},"matu-tips":[],"product_brand":[49],"product_cat":[62],"product_tag":[],"class_list":{"0":"post-1670","1":"product","2":"type-product","3":"status-publish","4":"has-post-thumbnail","6":"product_brand-balmain","7":"product_cat-matu-aksesuari","9":"first","10":"instock","11":"taxable","12":"shipping-taxable","13":"purchasable","14":"product-type-simple"},"acf":[],"aioseo_notices":[],"_links":{"self":[{"href":"https:\/\/marfahairbar.lv\/en\/wp-json\/wp\/v2\/product\/1670","targetHints":{"allow":["GET"]}}],"collection":[{"href":"https:\/\/marfahairbar.lv\/en\/wp-json\/wp\/v2\/product"}],"about":[{"href":"https:\/\/marfahairbar.lv\/en\/wp-json\/wp\/v2\/types\/product"}],"replies":[{"embeddable":true,"href":"https:\/\/marfahairbar.lv\/en\/wp-json\/wp\/v2\/comments?post=1670"}],"wp:featuredmedia":[{"embeddable":true,"href":"https:\/\/marfahairbar.lv\/en\/wp-json\/wp\/v2\/media\/2233"}],"wp:attachment":[{"href":"https:\/\/marfahairbar.lv\/en\/wp-json\/wp\/v2\/media?parent=1670"}],"wp:term":[{"taxonomy":"matu-tips","embeddable":true,"href":"https:\/\/marfahairbar.lv\/en\/wp-json\/wp\/v2\/matu-tips?post=1670"},{"taxonomy":"product_brand","embeddable":true,"href":"https:\/\/marfahairbar.lv\/en\/wp-json\/wp\/v2\/product_brand?post=1670"},{"taxonomy":"product_cat","embeddable":true,"href":"https:\/\/marfahairbar.lv\/en\/wp-json\/wp\/v2\/product_cat?post=1670"},{"taxonomy":"product_tag","embeddable":true,"href":"https:\/\/marfahairbar.lv\/en\/wp-json\/wp\/v2\/product_tag?post=1670"}],"curies":[{"name":"wp","href":"https:\/\/api.w.org\/{rel}","templated":true}]}}