{"id":1669,"date":"2025-03-06T17:56:48","date_gmt":"2025-03-06T14:56:48","guid":{"rendered":"https:\/\/marfahairbar.lv\/produkts\/balmain-hair-matu-stipina-leather-chain-golden-headband-ss22\/"},"modified":"2025-05-12T17:21:32","modified_gmt":"2025-05-12T14:21:32","slug":"balmain-hair-matu-stipina-leather-chain-golden-headband-ss22","status":"publish","type":"product","link":"https:\/\/marfahairbar.lv\/en\/product-2\/balmain-hair-matu-stipina-leather-chain-golden-headband-ss22\/","title":{"rendered":"BALMAIN HAIR Hair Band \/ Leather Chain Golden Headband SS22"},"content":{"rendered":"<p>Add a touch of flair to your everyday look with the Limited Collection Natural Leather Hair Bow. Made from high-quality genuine leather, the Balmain Hair logo is gilded with 18K gold. Perfect for transforming your everyday hairstyle into a magazine cover-worthy hair style.,Made from high quality genuine leather, Balmain Hair logo gilded with 18K gold,Flexible leather holds hair well,BALMAIN HAIR Hairband : Limited Edition Leather Headband FW21<\/p>\n<ul>\n<li>Izgatavots no augstas kvalit\u0101tes dab\u012bg\u0101s \u0101das, Balmain Hair logo apzelt\u012bts ar 18K zeltu<\/li>\n<li>Elast\u012bg\u0101 \u0101da labi satur matus<\/li>\n<\/ul>","protected":false},"excerpt":{"rendered":"<p>BALMAIN HAIR hair hoop \/ Leather Chain Golden Headband SS22 Leather hair hoop with gold chain. accessory for the Spring-Summer 2022 collection.<\/p>","protected":false},"featured_media":2232,"comment_status":"open","ping_status":"closed","template":"","meta":{"_acf_changed":false},"matu-tips":[],"product_brand":[49],"product_cat":[62],"product_tag":[],"class_list":{"0":"post-1669","1":"product","2":"type-product","3":"status-publish","4":"has-post-thumbnail","6":"product_brand-balmain","7":"product_cat-matu-aksesuari","9":"first","10":"instock","11":"taxable","12":"shipping-taxable","13":"purchasable","14":"product-type-simple"},"acf":[],"aioseo_notices":[],"_links":{"self":[{"href":"https:\/\/marfahairbar.lv\/en\/wp-json\/wp\/v2\/product\/1669","targetHints":{"allow":["GET"]}}],"collection":[{"href":"https:\/\/marfahairbar.lv\/en\/wp-json\/wp\/v2\/product"}],"about":[{"href":"https:\/\/marfahairbar.lv\/en\/wp-json\/wp\/v2\/types\/product"}],"replies":[{"embeddable":true,"href":"https:\/\/marfahairbar.lv\/en\/wp-json\/wp\/v2\/comments?post=1669"}],"wp:featuredmedia":[{"embeddable":true,"href":"https:\/\/marfahairbar.lv\/en\/wp-json\/wp\/v2\/media\/2232"}],"wp:attachment":[{"href":"https:\/\/marfahairbar.lv\/en\/wp-json\/wp\/v2\/media?parent=1669"}],"wp:term":[{"taxonomy":"matu-tips","embeddable":true,"href":"https:\/\/marfahairbar.lv\/en\/wp-json\/wp\/v2\/matu-tips?post=1669"},{"taxonomy":"product_brand","embeddable":true,"href":"https:\/\/marfahairbar.lv\/en\/wp-json\/wp\/v2\/product_brand?post=1669"},{"taxonomy":"product_cat","embeddable":true,"href":"https:\/\/marfahairbar.lv\/en\/wp-json\/wp\/v2\/product_cat?post=1669"},{"taxonomy":"product_tag","embeddable":true,"href":"https:\/\/marfahairbar.lv\/en\/wp-json\/wp\/v2\/product_tag?post=1669"}],"curies":[{"name":"wp","href":"https:\/\/api.w.org\/{rel}","templated":true}]}}