{"id":1668,"date":"2025-03-06T17:56:47","date_gmt":"2025-03-06T14:56:47","guid":{"rendered":"https:\/\/marfahairbar.lv\/produkts\/balmain-hair-matu-bante-barrette-pour-cheveux-bow-ss22\/"},"modified":"2025-05-12T17:21:32","modified_gmt":"2025-05-12T14:21:32","slug":"balmain-hair-matu-bante-barrette-pour-cheveux-bow-ss22","status":"publish","type":"product","link":"https:\/\/marfahairbar.lv\/en\/product-2\/balmain-hair-matu-bante-barrette-pour-cheveux-bow-ss22\/","title":{"rendered":"BALMAIN HAIR hair bante \/ Barrette pour Cheveux Bow SS22"},"content":{"rendered":"<p>Spr\u0101dze izgatavota no napa \u0101das un izrot\u0101ta ar 18K apzelt\u012btu logo. Spr\u0101dzi ir viegli piestiprin\u0101t un t\u0101 vienm\u0113r saglab\u0101 savu skaisto formu!<\/p>\n<ul>\n<li>Stil\u012bgs matu aksesu\u0101rs<\/li>\n<li>18K apzelt\u012bts logotips<\/li>\n<li>Izgatavots no Napa \u0101das<\/li>\n<li>Spr\u0101dzei ir luksusa d\u0101vanu kast\u012bte<\/li>\n<\/ul>","protected":false},"excerpt":{"rendered":"<p>BALMAIN HAIR Hair Bantu \/ Barrette pour Cheveux Bow SS22 Bantu hair clip from the Spring-Summer 2022 collection. A feminine accessory.<\/p>","protected":false},"featured_media":2231,"comment_status":"open","ping_status":"closed","template":"","meta":{"_acf_changed":false},"matu-tips":[],"product_brand":[49],"product_cat":[62],"product_tag":[],"class_list":{"0":"post-1668","1":"product","2":"type-product","3":"status-publish","4":"has-post-thumbnail","6":"product_brand-balmain","7":"product_cat-matu-aksesuari","9":"first","10":"instock","11":"taxable","12":"shipping-taxable","13":"purchasable","14":"product-type-simple"},"acf":[],"aioseo_notices":[],"_links":{"self":[{"href":"https:\/\/marfahairbar.lv\/en\/wp-json\/wp\/v2\/product\/1668","targetHints":{"allow":["GET"]}}],"collection":[{"href":"https:\/\/marfahairbar.lv\/en\/wp-json\/wp\/v2\/product"}],"about":[{"href":"https:\/\/marfahairbar.lv\/en\/wp-json\/wp\/v2\/types\/product"}],"replies":[{"embeddable":true,"href":"https:\/\/marfahairbar.lv\/en\/wp-json\/wp\/v2\/comments?post=1668"}],"wp:featuredmedia":[{"embeddable":true,"href":"https:\/\/marfahairbar.lv\/en\/wp-json\/wp\/v2\/media\/2231"}],"wp:attachment":[{"href":"https:\/\/marfahairbar.lv\/en\/wp-json\/wp\/v2\/media?parent=1668"}],"wp:term":[{"taxonomy":"matu-tips","embeddable":true,"href":"https:\/\/marfahairbar.lv\/en\/wp-json\/wp\/v2\/matu-tips?post=1668"},{"taxonomy":"product_brand","embeddable":true,"href":"https:\/\/marfahairbar.lv\/en\/wp-json\/wp\/v2\/product_brand?post=1668"},{"taxonomy":"product_cat","embeddable":true,"href":"https:\/\/marfahairbar.lv\/en\/wp-json\/wp\/v2\/product_cat?post=1668"},{"taxonomy":"product_tag","embeddable":true,"href":"https:\/\/marfahairbar.lv\/en\/wp-json\/wp\/v2\/product_tag?post=1668"}],"curies":[{"name":"wp","href":"https:\/\/api.w.org\/{rel}","templated":true}]}}