{"id":1667,"date":"2025-03-06T17:56:46","date_gmt":"2025-03-06T14:56:46","guid":{"rendered":"https:\/\/marfahairbar.lv\/produkts\/balmain-hair-pufiga-matu-stipina-puffed-leather-headband\/"},"modified":"2025-05-12T17:21:32","modified_gmt":"2025-05-12T14:21:32","slug":"balmain-hair-puffed-matu-stipina-puffed-leather-headband","status":"publish","type":"product","link":"https:\/\/marfahairbar.lv\/en\/product-2\/balmain-hair-puffed-matu-stipina-puffed-leather-headband\/","title":{"rendered":"BALMAIN HAIR Puffed Leather Headband"},"content":{"rendered":"<p>Iedvesmojoties no modes nama bag\u0101t\u012bg\u0101 mantojuma un pa\u013caujoties tikai uz lab\u0101kajiem materi\u0101liem, amatniekiem un dizainu, Balmain Hair Couture rad\u012bja luksusa matu aksesu\u0101ru l\u012bniju. Katrs matu aksesu\u0101rs ir piln\u012bb\u0101 roku darbs, izmantojot tradicion\u0101l\u0101s metodes, un taj\u0101 ir rakstur\u012bgas zelta deta\u013cas.<\/p>\n<p>\u012astas napa \u0101das matu st\u012bpi\u0146a ar puf\u012bgu siluetu. Izrot\u0101ts ar 18K apzelt\u012btu logotipa elementu. Katrai friz\u016brai pie\u0161\u0137ir perfektu augstumu. Ar nubuka iek\u0161pusi, lai nodro\u0161in\u0101tu papildu sa\u0137eri ar matiem.<\/p>\n<ul>\n<li>\u012asta napa \u0101da<\/li>\n<li>Ar 18K apzelt\u012btu logotipu<\/li>\n<li>Puf\u012bga<\/li>\n<\/ul>","protected":false},"excerpt":{"rendered":"<p>BALMAIN HAIR Puffed Leather Headband Puffed Leather Headband. A modern and stylish accessory that adds volume to your hairstyle.<\/p>","protected":false},"featured_media":2229,"comment_status":"open","ping_status":"closed","template":"","meta":{"_acf_changed":false},"matu-tips":[],"product_brand":[49],"product_cat":[62],"product_tag":[],"class_list":{"0":"post-1667","1":"product","2":"type-product","3":"status-publish","4":"has-post-thumbnail","6":"product_brand-balmain","7":"product_cat-matu-aksesuari","9":"first","10":"instock","11":"taxable","12":"shipping-taxable","13":"purchasable","14":"product-type-simple"},"acf":[],"aioseo_notices":[],"_links":{"self":[{"href":"https:\/\/marfahairbar.lv\/en\/wp-json\/wp\/v2\/product\/1667","targetHints":{"allow":["GET"]}}],"collection":[{"href":"https:\/\/marfahairbar.lv\/en\/wp-json\/wp\/v2\/product"}],"about":[{"href":"https:\/\/marfahairbar.lv\/en\/wp-json\/wp\/v2\/types\/product"}],"replies":[{"embeddable":true,"href":"https:\/\/marfahairbar.lv\/en\/wp-json\/wp\/v2\/comments?post=1667"}],"wp:featuredmedia":[{"embeddable":true,"href":"https:\/\/marfahairbar.lv\/en\/wp-json\/wp\/v2\/media\/2229"}],"wp:attachment":[{"href":"https:\/\/marfahairbar.lv\/en\/wp-json\/wp\/v2\/media?parent=1667"}],"wp:term":[{"taxonomy":"matu-tips","embeddable":true,"href":"https:\/\/marfahairbar.lv\/en\/wp-json\/wp\/v2\/matu-tips?post=1667"},{"taxonomy":"product_brand","embeddable":true,"href":"https:\/\/marfahairbar.lv\/en\/wp-json\/wp\/v2\/product_brand?post=1667"},{"taxonomy":"product_cat","embeddable":true,"href":"https:\/\/marfahairbar.lv\/en\/wp-json\/wp\/v2\/product_cat?post=1667"},{"taxonomy":"product_tag","embeddable":true,"href":"https:\/\/marfahairbar.lv\/en\/wp-json\/wp\/v2\/product_tag?post=1667"}],"curies":[{"name":"wp","href":"https:\/\/api.w.org\/{rel}","templated":true}]}}