{"id":1664,"date":"2025-03-06T17:56:45","date_gmt":"2025-03-06T14:56:45","guid":{"rendered":"https:\/\/marfahairbar.lv\/produkts\/balmain-hair-matu-stipina-leather-headband-large-silver-fw-23\/"},"modified":"2025-05-12T17:21:31","modified_gmt":"2025-05-12T14:21:31","slug":"balmain-hair-matu-stipina-leather-headband-large-silver-fw-23","status":"publish","type":"product","link":"https:\/\/marfahairbar.lv\/en\/product-2\/balmain-hair-matu-stipina-leather-headband-large-silver-fw-23\/","title":{"rendered":"BALMAIN HAIR Hair Band \/ Leather Headband Large Silver FW 23"},"content":{"rendered":"<p>Shiny silver hairband made of genuine napa leather with 18K gold-plated logo. With a nubuck finish on the inside for extra grip, making it comfortable to wear.This luxurious hair accessory will enhance any hairstyle!,Suitable for both long and short hair!,BALMAIN HAIR Hairband : Leather Headband Large Silver FW 23<\/p>\n<p>\u0160is greznais matu aksesu\u0101rs paspilgtin\u0101s jebkuru matu sak\u0101rtojumu!<\/p>\n<p>Piem\u0113rots gan gariem, gan \u012bsiem matiem!<\/p>","protected":false},"excerpt":{"rendered":"<p>BALMAIN HAIR Hairband \/ Leather Headband Large Silver FW 23 silver leather hairband in large size. accessory for the autumn-winter 2023 collection.<\/p>","protected":false},"featured_media":2224,"comment_status":"open","ping_status":"closed","template":"","meta":{"_acf_changed":false},"matu-tips":[],"product_brand":[49],"product_cat":[62],"product_tag":[],"class_list":{"0":"post-1664","1":"product","2":"type-product","3":"status-publish","4":"has-post-thumbnail","6":"product_brand-balmain","7":"product_cat-matu-aksesuari","9":"first","10":"instock","11":"taxable","12":"shipping-taxable","13":"purchasable","14":"product-type-simple"},"acf":[],"aioseo_notices":[],"_links":{"self":[{"href":"https:\/\/marfahairbar.lv\/en\/wp-json\/wp\/v2\/product\/1664","targetHints":{"allow":["GET"]}}],"collection":[{"href":"https:\/\/marfahairbar.lv\/en\/wp-json\/wp\/v2\/product"}],"about":[{"href":"https:\/\/marfahairbar.lv\/en\/wp-json\/wp\/v2\/types\/product"}],"replies":[{"embeddable":true,"href":"https:\/\/marfahairbar.lv\/en\/wp-json\/wp\/v2\/comments?post=1664"}],"wp:featuredmedia":[{"embeddable":true,"href":"https:\/\/marfahairbar.lv\/en\/wp-json\/wp\/v2\/media\/2224"}],"wp:attachment":[{"href":"https:\/\/marfahairbar.lv\/en\/wp-json\/wp\/v2\/media?parent=1664"}],"wp:term":[{"taxonomy":"matu-tips","embeddable":true,"href":"https:\/\/marfahairbar.lv\/en\/wp-json\/wp\/v2\/matu-tips?post=1664"},{"taxonomy":"product_brand","embeddable":true,"href":"https:\/\/marfahairbar.lv\/en\/wp-json\/wp\/v2\/product_brand?post=1664"},{"taxonomy":"product_cat","embeddable":true,"href":"https:\/\/marfahairbar.lv\/en\/wp-json\/wp\/v2\/product_cat?post=1664"},{"taxonomy":"product_tag","embeddable":true,"href":"https:\/\/marfahairbar.lv\/en\/wp-json\/wp\/v2\/product_tag?post=1664"}],"curies":[{"name":"wp","href":"https:\/\/api.w.org\/{rel}","templated":true}]}}