{"id":1663,"date":"2025-03-06T17:56:45","date_gmt":"2025-03-06T14:56:45","guid":{"rendered":"https:\/\/marfahairbar.lv\/produkts\/balmain-hair-matu-stipina-crystal-eclat-headband-silver-gold-fw23\/"},"modified":"2025-05-12T17:21:31","modified_gmt":"2025-05-12T14:21:31","slug":"balmain-hair-matu-stipina-crystal-eclat-headband-silver-gold-fw23","status":"publish","type":"product","link":"https:\/\/marfahairbar.lv\/en\/product-2\/balmain-hair-matu-stipina-crystal-eclat-headband-silver-gold-fw23\/","title":{"rendered":"BALMAIN HAIR hairband \/ Crystal Eclat Headband, Silver &amp; Gold FW23"},"content":{"rendered":"<p>A sophisticated hair accessory that will add a touch of luxury to any hair style. Sparkling 18K gold-plated hairband embellished with authentic sparkling Swarovski crystals that catch the light from every angle.Renaissance-inspired, with a light nubuck finish on the inside for extra grip.BALMAIN HAIR Hairband : Crystal Eclat Headband, Silver &amp; Gold FW23<\/p>\n<p>Renesanses laika iedvesmota, ar gai\u0161u nubuka apdari iek\u0161pus\u0113, lai nodro\u0161in\u0101tu papildu sa\u0137eri ar matiem.<\/p>","protected":false},"excerpt":{"rendered":"<p>BALMAIN HAIR Hairband \/ Crystal Eclat Headband, Silver &amp; Gold FW23 crystal glitter hairband in silver-gold tone. A luxurious accessory for autumn 2023.<\/p>","protected":false},"featured_media":2223,"comment_status":"open","ping_status":"closed","template":"","meta":{"_acf_changed":false},"matu-tips":[],"product_brand":[49],"product_cat":[62],"product_tag":[],"class_list":{"0":"post-1663","1":"product","2":"type-product","3":"status-publish","4":"has-post-thumbnail","6":"product_brand-balmain","7":"product_cat-matu-aksesuari","9":"first","10":"instock","11":"taxable","12":"shipping-taxable","13":"purchasable","14":"product-type-simple"},"acf":[],"aioseo_notices":[],"_links":{"self":[{"href":"https:\/\/marfahairbar.lv\/en\/wp-json\/wp\/v2\/product\/1663","targetHints":{"allow":["GET"]}}],"collection":[{"href":"https:\/\/marfahairbar.lv\/en\/wp-json\/wp\/v2\/product"}],"about":[{"href":"https:\/\/marfahairbar.lv\/en\/wp-json\/wp\/v2\/types\/product"}],"replies":[{"embeddable":true,"href":"https:\/\/marfahairbar.lv\/en\/wp-json\/wp\/v2\/comments?post=1663"}],"wp:featuredmedia":[{"embeddable":true,"href":"https:\/\/marfahairbar.lv\/en\/wp-json\/wp\/v2\/media\/2223"}],"wp:attachment":[{"href":"https:\/\/marfahairbar.lv\/en\/wp-json\/wp\/v2\/media?parent=1663"}],"wp:term":[{"taxonomy":"matu-tips","embeddable":true,"href":"https:\/\/marfahairbar.lv\/en\/wp-json\/wp\/v2\/matu-tips?post=1663"},{"taxonomy":"product_brand","embeddable":true,"href":"https:\/\/marfahairbar.lv\/en\/wp-json\/wp\/v2\/product_brand?post=1663"},{"taxonomy":"product_cat","embeddable":true,"href":"https:\/\/marfahairbar.lv\/en\/wp-json\/wp\/v2\/product_cat?post=1663"},{"taxonomy":"product_tag","embeddable":true,"href":"https:\/\/marfahairbar.lv\/en\/wp-json\/wp\/v2\/product_tag?post=1663"}],"curies":[{"name":"wp","href":"https:\/\/api.w.org\/{rel}","templated":true}]}}