{"id":1662,"date":"2025-03-06T17:56:44","date_gmt":"2025-03-06T14:56:44","guid":{"rendered":"https:\/\/marfahairbar.lv\/produkts\/balmain-hair-matu-spradze-backstage-clip-prof-silver-gold-fw23\/"},"modified":"2025-05-12T17:21:31","modified_gmt":"2025-05-12T14:21:31","slug":"balmain-hair-clip-backstage-clip-prof-silver-gold-fw23","status":"publish","type":"product","link":"https:\/\/marfahairbar.lv\/en\/product-2\/balmain-hair-clip-backstage-clip-prof-silver-gold-fw23\/","title":{"rendered":"BALMAIN HAIR Hair Clip \/ Backstage Clip Prof Silver &amp; Gold FW23"},"content":{"rendered":"<p>Iedvesmojoties no Balmain aizkuli\u0161u pasaules, ar rok\u0101m izgatavots 18K apzelt\u012bts klipsis, kas rot\u0101ts ar sudraba to\u0146a deta\u013c\u0101m, pie\u0161\u0137irot tam modernu, ta\u010du m\u016b\u017e\u012bgu dizainu. \u0160is elegantais klipsis pie\u0161\u0137irs lielisku akcentu jebkuram matu sak\u0101rtojumam!<\/p>","protected":false},"excerpt":{"rendered":"<p>BALMAIN HAIR Hair Clip \/ Backstage Clip Prof Silver &amp; Gold FW23 professional backstage clip in silver-gold tone. Autumn-Winter 2023 collection.<\/p>","protected":false},"featured_media":2221,"comment_status":"open","ping_status":"closed","template":"","meta":{"_acf_changed":false},"matu-tips":[],"product_brand":[49],"product_cat":[62],"product_tag":[],"class_list":{"0":"post-1662","1":"product","2":"type-product","3":"status-publish","4":"has-post-thumbnail","6":"product_brand-balmain","7":"product_cat-matu-aksesuari","9":"first","10":"instock","11":"taxable","12":"shipping-taxable","13":"purchasable","14":"product-type-simple"},"acf":[],"aioseo_notices":[],"_links":{"self":[{"href":"https:\/\/marfahairbar.lv\/en\/wp-json\/wp\/v2\/product\/1662","targetHints":{"allow":["GET"]}}],"collection":[{"href":"https:\/\/marfahairbar.lv\/en\/wp-json\/wp\/v2\/product"}],"about":[{"href":"https:\/\/marfahairbar.lv\/en\/wp-json\/wp\/v2\/types\/product"}],"replies":[{"embeddable":true,"href":"https:\/\/marfahairbar.lv\/en\/wp-json\/wp\/v2\/comments?post=1662"}],"wp:featuredmedia":[{"embeddable":true,"href":"https:\/\/marfahairbar.lv\/en\/wp-json\/wp\/v2\/media\/2221"}],"wp:attachment":[{"href":"https:\/\/marfahairbar.lv\/en\/wp-json\/wp\/v2\/media?parent=1662"}],"wp:term":[{"taxonomy":"matu-tips","embeddable":true,"href":"https:\/\/marfahairbar.lv\/en\/wp-json\/wp\/v2\/matu-tips?post=1662"},{"taxonomy":"product_brand","embeddable":true,"href":"https:\/\/marfahairbar.lv\/en\/wp-json\/wp\/v2\/product_brand?post=1662"},{"taxonomy":"product_cat","embeddable":true,"href":"https:\/\/marfahairbar.lv\/en\/wp-json\/wp\/v2\/product_cat?post=1662"},{"taxonomy":"product_tag","embeddable":true,"href":"https:\/\/marfahairbar.lv\/en\/wp-json\/wp\/v2\/product_tag?post=1662"}],"curies":[{"name":"wp","href":"https:\/\/api.w.org\/{rel}","templated":true}]}}