{"id":1656,"date":"2025-03-06T17:56:38","date_gmt":"2025-03-06T14:56:38","guid":{"rendered":"https:\/\/marfahairbar.lv\/produkts\/balmain-hair-matu-barete-gold-hair-barrette\/"},"modified":"2025-05-12T17:21:30","modified_gmt":"2025-05-12T14:21:30","slug":"balmain-hair-barrette-gold-hair-barrette","status":"publish","type":"product","link":"https:\/\/marfahairbar.lv\/en\/product-2\/balmain-hair-barrette-gold-hair-barrette\/","title":{"rendered":"BALMAIN HAIR hair barrette \/ Gold Hair Barrette"},"content":{"rendered":"<p>\u0160\u012b matu barete lieliski papildin\u0101s jebkuru augsto matu sak\u0101rtojumu vai zirgasti, pie\u0161\u0137irs papildus greznumu un izsmalcin\u0101t\u012bbu. Balmain Hair matu barete ir izgatavota no dab\u012bg\u0101s \u0101das, to nostiprina ar matadatu, kas ir apzelt\u012bta ar 18K zeltu un ar iegrav\u0113tu Balmain Hair logo.<\/p>\n<ul>\n<li>Pie\u0161\u0137ir eleganci zirgastei<\/li>\n<li>Dab\u012bg\u0101s \u0101das versija pieejama zelta, balt\u0101 un meln\u0101 kr\u0101s\u0101<\/li>\n<li>18K apzelt\u012bta matadata baretes stiprin\u0101\u0161anai<\/li>\n<\/ul>","protected":false},"excerpt":{"rendered":"<p>BALMAIN HAIR hair barrette \/ Gold Hair Barrette gold hair barrette. Elegant and luxurious accessory that gives your hairstyle an exclusive look.<\/p>","protected":false},"featured_media":2209,"comment_status":"open","ping_status":"closed","template":"","meta":{"_acf_changed":false},"matu-tips":[],"product_brand":[49],"product_cat":[62],"product_tag":[],"class_list":{"0":"post-1656","1":"product","2":"type-product","3":"status-publish","4":"has-post-thumbnail","6":"product_brand-balmain","7":"product_cat-matu-aksesuari","9":"first","10":"instock","11":"taxable","12":"shipping-taxable","13":"purchasable","14":"product-type-simple"},"acf":[],"aioseo_notices":[],"_links":{"self":[{"href":"https:\/\/marfahairbar.lv\/en\/wp-json\/wp\/v2\/product\/1656","targetHints":{"allow":["GET"]}}],"collection":[{"href":"https:\/\/marfahairbar.lv\/en\/wp-json\/wp\/v2\/product"}],"about":[{"href":"https:\/\/marfahairbar.lv\/en\/wp-json\/wp\/v2\/types\/product"}],"replies":[{"embeddable":true,"href":"https:\/\/marfahairbar.lv\/en\/wp-json\/wp\/v2\/comments?post=1656"}],"wp:featuredmedia":[{"embeddable":true,"href":"https:\/\/marfahairbar.lv\/en\/wp-json\/wp\/v2\/media\/2209"}],"wp:attachment":[{"href":"https:\/\/marfahairbar.lv\/en\/wp-json\/wp\/v2\/media?parent=1656"}],"wp:term":[{"taxonomy":"matu-tips","embeddable":true,"href":"https:\/\/marfahairbar.lv\/en\/wp-json\/wp\/v2\/matu-tips?post=1656"},{"taxonomy":"product_brand","embeddable":true,"href":"https:\/\/marfahairbar.lv\/en\/wp-json\/wp\/v2\/product_brand?post=1656"},{"taxonomy":"product_cat","embeddable":true,"href":"https:\/\/marfahairbar.lv\/en\/wp-json\/wp\/v2\/product_cat?post=1656"},{"taxonomy":"product_tag","embeddable":true,"href":"https:\/\/marfahairbar.lv\/en\/wp-json\/wp\/v2\/product_tag?post=1656"}],"curies":[{"name":"wp","href":"https:\/\/api.w.org\/{rel}","templated":true}]}}