{"id":1653,"date":"2025-03-06T17:56:36","date_gmt":"2025-03-06T14:56:36","guid":{"rendered":"https:\/\/marfahairbar.lv\/produkts\/balmain-hair-matu-spradze-limited-edition-barrette-pour-cheveux-jewelery-gold-ss21\/"},"modified":"2025-05-12T17:21:30","modified_gmt":"2025-05-12T14:21:30","slug":"balmain-hair-spray-limited-edition-barrette-pour-cheveux-jewelery-gold-ss21","status":"publish","type":"product","link":"https:\/\/marfahairbar.lv\/en\/product-2\/balmain-hair-spray-limited-edition-barrette-pour-cheveux-jewelery-gold-ss21\/","title":{"rendered":"BALMAIN HAIR hair clip \/ Limited Edition Barrette Pour Cheveux Jewelery Gold SS21"},"content":{"rendered":"<p>Ekskluz\u012bvs un ikonisks matu aksesu\u0101rs, kuru iedvesmojusi Balmain Resort 2021 modes kolekcija. 2021. gada pavasara-vasaras LImit\u0113t\u0101s kolekcijas Barrette pour Cheveux Jewellery, pie\u0161\u0137ir t\u016bl\u012bt\u0113ju atpaz\u012bstam\u012bbu jebkuram izskatam. \u0160\u012b rok\u0101m darin\u0101ta matu spr\u0101dze ir ar 18K zelta p\u0101rkl\u0101juma un nostiprin\u0101ma ar rok\u0101m pul\u0113tu, 18K apzelt\u012btu matadatu, kur\u0101 iegrav\u0113ts Balmain Hair logotips un t\u0101 dekor\u0113ta ar maziem B piekari\u0146iem. Apzelt\u012bt\u0101 barrete ir veidota t\u0101, lai vienm\u0113r\u012bgi izliektos ap zirgasti un copi.<\/p>\n<ul>\n<li>Augstas kvalit\u0101tes, rok\u0101m darin\u0101ta matu barete, kas nepaliks nepaman\u012bta<\/li>\n<li>Apzelt\u012bta ar 18K zeltu<\/li>\n<li>Lieliski piem\u0113rota visiem matu tipiem<\/li>\n<\/ul>","protected":false},"excerpt":{"rendered":"<p>BALMAIN HAIR Hair Barrette \/ Limited Edition Barrette Pour Cheveux Jewelery Gold SS21 limited edition - gold jewellery style hair barrette.<\/p>","protected":false},"featured_media":2204,"comment_status":"open","ping_status":"closed","template":"","meta":{"_acf_changed":false},"matu-tips":[],"product_brand":[49],"product_cat":[62],"product_tag":[],"class_list":{"0":"post-1653","1":"product","2":"type-product","3":"status-publish","4":"has-post-thumbnail","6":"product_brand-balmain","7":"product_cat-matu-aksesuari","9":"first","10":"instock","11":"taxable","12":"shipping-taxable","13":"purchasable","14":"product-type-simple"},"acf":[],"aioseo_notices":[],"_links":{"self":[{"href":"https:\/\/marfahairbar.lv\/en\/wp-json\/wp\/v2\/product\/1653","targetHints":{"allow":["GET"]}}],"collection":[{"href":"https:\/\/marfahairbar.lv\/en\/wp-json\/wp\/v2\/product"}],"about":[{"href":"https:\/\/marfahairbar.lv\/en\/wp-json\/wp\/v2\/types\/product"}],"replies":[{"embeddable":true,"href":"https:\/\/marfahairbar.lv\/en\/wp-json\/wp\/v2\/comments?post=1653"}],"wp:featuredmedia":[{"embeddable":true,"href":"https:\/\/marfahairbar.lv\/en\/wp-json\/wp\/v2\/media\/2204"}],"wp:attachment":[{"href":"https:\/\/marfahairbar.lv\/en\/wp-json\/wp\/v2\/media?parent=1653"}],"wp:term":[{"taxonomy":"matu-tips","embeddable":true,"href":"https:\/\/marfahairbar.lv\/en\/wp-json\/wp\/v2\/matu-tips?post=1653"},{"taxonomy":"product_brand","embeddable":true,"href":"https:\/\/marfahairbar.lv\/en\/wp-json\/wp\/v2\/product_brand?post=1653"},{"taxonomy":"product_cat","embeddable":true,"href":"https:\/\/marfahairbar.lv\/en\/wp-json\/wp\/v2\/product_cat?post=1653"},{"taxonomy":"product_tag","embeddable":true,"href":"https:\/\/marfahairbar.lv\/en\/wp-json\/wp\/v2\/product_tag?post=1653"}],"curies":[{"name":"wp","href":"https:\/\/api.w.org\/{rel}","templated":true}]}}