{"id":1652,"date":"2025-03-06T17:56:35","date_gmt":"2025-03-06T14:56:35","guid":{"rendered":"https:\/\/marfahairbar.lv\/produkts\/balmain-hair-matu-spradze-chain-barrette-m-fw21\/"},"modified":"2025-05-12T17:21:30","modified_gmt":"2025-05-12T14:21:30","slug":"balmain-hair-barrette-chain-barrette-m-fw21","status":"publish","type":"product","link":"https:\/\/marfahairbar.lv\/en\/product-2\/balmain-hair-barrette-chain-barrette-m-fw21\/","title":{"rendered":"BALMAIN HAIR Hair Clip \/ Chain Barrette M FW21"},"content":{"rendered":"<p>The FW21 Limited Edition buckle is inspired by the gold elements of the Balmain fashion house. An elegant hair accessory with 18K gold plating.<\/p>\n<p>The FW21 hair clip is a tribute to the love chains of the Pont des Arts in Paris. Perfect for adding elegance and luxury to your hairstyle.<\/p>\n<ul>\n<li>High quality accessory<\/li>\n<li>Buckle gold plated with 18K gold<\/li>\n<li>Lieliski piem\u0113rota, lai transform\u0113tu matu sak\u0101rtojumu, da\u017e\u0101d\u0101m situ\u0101cij\u0101m<\/li>\n<\/ul>","protected":false},"excerpt":{"rendered":"<p>BALMAIN HAIR Hair Barrette \/ Chain Barrette M FW21 chain style hair barrette in medium size from the autumn-winter 2021 collection. A trendy accessory.<\/p>","protected":false},"featured_media":2203,"comment_status":"open","ping_status":"closed","template":"","meta":{"_acf_changed":false},"matu-tips":[],"product_brand":[49],"product_cat":[62],"product_tag":[],"class_list":{"0":"post-1652","1":"product","2":"type-product","3":"status-publish","4":"has-post-thumbnail","6":"product_brand-balmain","7":"product_cat-matu-aksesuari","9":"first","10":"instock","11":"taxable","12":"shipping-taxable","13":"purchasable","14":"product-type-simple"},"acf":[],"aioseo_notices":[],"_links":{"self":[{"href":"https:\/\/marfahairbar.lv\/en\/wp-json\/wp\/v2\/product\/1652","targetHints":{"allow":["GET"]}}],"collection":[{"href":"https:\/\/marfahairbar.lv\/en\/wp-json\/wp\/v2\/product"}],"about":[{"href":"https:\/\/marfahairbar.lv\/en\/wp-json\/wp\/v2\/types\/product"}],"replies":[{"embeddable":true,"href":"https:\/\/marfahairbar.lv\/en\/wp-json\/wp\/v2\/comments?post=1652"}],"wp:featuredmedia":[{"embeddable":true,"href":"https:\/\/marfahairbar.lv\/en\/wp-json\/wp\/v2\/media\/2203"}],"wp:attachment":[{"href":"https:\/\/marfahairbar.lv\/en\/wp-json\/wp\/v2\/media?parent=1652"}],"wp:term":[{"taxonomy":"matu-tips","embeddable":true,"href":"https:\/\/marfahairbar.lv\/en\/wp-json\/wp\/v2\/matu-tips?post=1652"},{"taxonomy":"product_brand","embeddable":true,"href":"https:\/\/marfahairbar.lv\/en\/wp-json\/wp\/v2\/product_brand?post=1652"},{"taxonomy":"product_cat","embeddable":true,"href":"https:\/\/marfahairbar.lv\/en\/wp-json\/wp\/v2\/product_cat?post=1652"},{"taxonomy":"product_tag","embeddable":true,"href":"https:\/\/marfahairbar.lv\/en\/wp-json\/wp\/v2\/product_tag?post=1652"}],"curies":[{"name":"wp","href":"https:\/\/api.w.org\/{rel}","templated":true}]}}