{"id":1641,"date":"2025-03-06T17:56:25","date_gmt":"2025-03-06T14:56:25","guid":{"rendered":"https:\/\/marfahairbar.lv\/produkts\/balmain-hair-matu-spradze-limited-edition-clip-l-fw21\/"},"modified":"2025-05-12T17:21:25","modified_gmt":"2025-05-12T14:21:25","slug":"balmain-hair-spray-limited-edition-clip-l-fw21","status":"publish","type":"product","link":"https:\/\/marfahairbar.lv\/en\/product-2\/balmain-hair-spray-limited-edition-clip-l-fw21\/","title":{"rendered":"BALMAIN HAIR hair clip \/ Limited Edition Clip L FW21"},"content":{"rendered":"<p>Limit\u0113t\u0101s Kolekcijas matu spr\u0101dze FW21 ir rad\u012bta iedvesmojoties no Balmain modes namam rakstur\u012bgajiem zelta elementiem. Luksusa klases matu aksesu\u0101rs ar 18K zelta p\u0101rkl\u0101jumu.<\/p>\n<ul>\n<li>Augstas kvalit\u0101tes spr\u0101dze, kas lieliski izcels zirgasti<\/li>\n<li>Apzelt\u012bta ar 18K zeltu<\/li>\n<li>Lieliski piem\u0113rota, lai transform\u0113tu matu sak\u0101rtojumu, da\u017e\u0101d\u0101m situ\u0101cij\u0101m<\/li>\n<\/ul>","protected":false},"excerpt":{"rendered":"<p>BALMAIN HAIR Hair Clip \/ Limited Edition Clip L FW21 limited edition - large hair clip from the autumn-winter 2021 collection.<\/p>","protected":false},"featured_media":2183,"comment_status":"open","ping_status":"closed","template":"","meta":{"_acf_changed":false},"matu-tips":[],"product_brand":[49],"product_cat":[62],"product_tag":[],"class_list":{"0":"post-1641","1":"product","2":"type-product","3":"status-publish","4":"has-post-thumbnail","6":"product_brand-balmain","7":"product_cat-matu-aksesuari","9":"first","10":"instock","11":"taxable","12":"shipping-taxable","13":"purchasable","14":"product-type-simple"},"acf":[],"aioseo_notices":[],"_links":{"self":[{"href":"https:\/\/marfahairbar.lv\/en\/wp-json\/wp\/v2\/product\/1641","targetHints":{"allow":["GET"]}}],"collection":[{"href":"https:\/\/marfahairbar.lv\/en\/wp-json\/wp\/v2\/product"}],"about":[{"href":"https:\/\/marfahairbar.lv\/en\/wp-json\/wp\/v2\/types\/product"}],"replies":[{"embeddable":true,"href":"https:\/\/marfahairbar.lv\/en\/wp-json\/wp\/v2\/comments?post=1641"}],"wp:featuredmedia":[{"embeddable":true,"href":"https:\/\/marfahairbar.lv\/en\/wp-json\/wp\/v2\/media\/2183"}],"wp:attachment":[{"href":"https:\/\/marfahairbar.lv\/en\/wp-json\/wp\/v2\/media?parent=1641"}],"wp:term":[{"taxonomy":"matu-tips","embeddable":true,"href":"https:\/\/marfahairbar.lv\/en\/wp-json\/wp\/v2\/matu-tips?post=1641"},{"taxonomy":"product_brand","embeddable":true,"href":"https:\/\/marfahairbar.lv\/en\/wp-json\/wp\/v2\/product_brand?post=1641"},{"taxonomy":"product_cat","embeddable":true,"href":"https:\/\/marfahairbar.lv\/en\/wp-json\/wp\/v2\/product_cat?post=1641"},{"taxonomy":"product_tag","embeddable":true,"href":"https:\/\/marfahairbar.lv\/en\/wp-json\/wp\/v2\/product_tag?post=1641"}],"curies":[{"name":"wp","href":"https:\/\/api.w.org\/{rel}","templated":true}]}}