{"id":1640,"date":"2025-03-06T17:56:24","date_gmt":"2025-03-06T14:56:24","guid":{"rendered":"https:\/\/marfahairbar.lv\/produkts\/balmain-hair-matu-spradze-18k-gold-plated-hair-slide-ss22\/"},"modified":"2025-05-12T17:21:25","modified_gmt":"2025-05-12T14:21:25","slug":"balmain-hair-clip-18k-gold-plated-hair-slide-ss22","status":"publish","type":"product","link":"https:\/\/marfahairbar.lv\/en\/product-2\/balmain-hair-clip-18k-gold-plated-hair-slide-ss22\/","title":{"rendered":"BALMAIN HAIR Hair Clip \/ 18K Gold Plated Hair Slide SS22"},"content":{"rendered":"<p>The hair clip is a handmade hair accessory plated in 18K gold and decorated with the \"B\" logo. Designed with a unique French clip that ensures a firm hold to prevent the clip from slipping.,BALMAIN HAIR Hair Clip : 18K Gold Plated Hair Slide SS22<\/p>\n<ul>\n<li>Augstas kvalit\u0101tes, rok\u0101m darin\u0101ta matu barete, kas nepaliks nepaman\u012bta<\/li>\n<li>Apzelt\u012bta ar 18K zeltu<\/li>\n<li>Lieliski piem\u0113rota vasaras matu sak\u0101rtojumiem<\/li>\n<\/ul>","protected":false},"excerpt":{"rendered":"<p>BALMAIN HAIR Hair Clip \/ 18K Gold Plated Hair Slide SS22 18K Gold Plated Hair Clip from the Spring-Summer 2022 collection.<\/p>","protected":false},"featured_media":2181,"comment_status":"open","ping_status":"closed","template":"","meta":{"_acf_changed":false},"matu-tips":[],"product_brand":[49],"product_cat":[62],"product_tag":[],"class_list":{"0":"post-1640","1":"product","2":"type-product","3":"status-publish","4":"has-post-thumbnail","6":"product_brand-balmain","7":"product_cat-matu-aksesuari","9":"first","10":"instock","11":"taxable","12":"shipping-taxable","13":"purchasable","14":"product-type-simple"},"acf":[],"aioseo_notices":[],"_links":{"self":[{"href":"https:\/\/marfahairbar.lv\/en\/wp-json\/wp\/v2\/product\/1640","targetHints":{"allow":["GET"]}}],"collection":[{"href":"https:\/\/marfahairbar.lv\/en\/wp-json\/wp\/v2\/product"}],"about":[{"href":"https:\/\/marfahairbar.lv\/en\/wp-json\/wp\/v2\/types\/product"}],"replies":[{"embeddable":true,"href":"https:\/\/marfahairbar.lv\/en\/wp-json\/wp\/v2\/comments?post=1640"}],"wp:featuredmedia":[{"embeddable":true,"href":"https:\/\/marfahairbar.lv\/en\/wp-json\/wp\/v2\/media\/2181"}],"wp:attachment":[{"href":"https:\/\/marfahairbar.lv\/en\/wp-json\/wp\/v2\/media?parent=1640"}],"wp:term":[{"taxonomy":"matu-tips","embeddable":true,"href":"https:\/\/marfahairbar.lv\/en\/wp-json\/wp\/v2\/matu-tips?post=1640"},{"taxonomy":"product_brand","embeddable":true,"href":"https:\/\/marfahairbar.lv\/en\/wp-json\/wp\/v2\/product_brand?post=1640"},{"taxonomy":"product_cat","embeddable":true,"href":"https:\/\/marfahairbar.lv\/en\/wp-json\/wp\/v2\/product_cat?post=1640"},{"taxonomy":"product_tag","embeddable":true,"href":"https:\/\/marfahairbar.lv\/en\/wp-json\/wp\/v2\/product_tag?post=1640"}],"curies":[{"name":"wp","href":"https:\/\/api.w.org\/{rel}","templated":true}]}}