{"id":1637,"date":"2025-03-06T17:56:21","date_gmt":"2025-03-06T14:56:21","guid":{"rendered":"https:\/\/marfahairbar.lv\/produkts\/balmain-hair-limitetas-kolekcijas-matu-spradze-m-pince-a-cheveux-pastel-pink-m\/"},"modified":"2025-08-22T13:15:10","modified_gmt":"2025-08-22T10:15:10","slug":"balmain-hair-limited-collection-hair-clip-m-pince-a-cheveux-pastel-pink-m","status":"publish","type":"product","link":"https:\/\/marfahairbar.lv\/en\/product-2\/balmain-hair-limited-collection-hair-clip-m-pince-a-cheveux-pastel-pink-m\/","title":{"rendered":"BALMAIN HAIR Limited Edition Hair Clip M \/ Pince \u00e0 Cheveux Pastel Pink M"},"content":{"rendered":"<p>Suitable for everyday use and for social events, it adds instant elegance to your hair. High quality, handmade hair accessory, B gold plated with 14K gold, following the brand's tradition.,High quality, handmade hair accessory, Balmain \"B\" gold plated with 14K gold,Perfect for thin to medium-thick hair,BALMAIN HAIR Limited Edition Hair Clip M : Pince \u00e0 Cheveux Pastel Pink M<\/p>\n<ul>\n<li>Augstas kvalit\u0101tes, rok\u0101m darin\u0101ta spr\u0101dze (kna\u0123is)<\/li>\n<li>Balmain \u201cB\u201d apzelt\u012bts ar 14K zeltu<\/li>\n<li>Lieliski piem\u0113rota pl\u0101niem un vid\u0113ji bieziem matiem<\/li>\n<\/ul>","protected":false},"excerpt":{"rendered":"<p>BALMAIN HAIR Limited Edition Hair Clip M \/ Pince \u00e0 Cheveux Pastel Pink M limited edition - light pink hair clip in medium size.<\/p>","protected":false},"featured_media":2175,"comment_status":"open","ping_status":"closed","template":"","meta":{"_acf_changed":false},"matu-tips":[],"product_brand":[49],"product_cat":[62],"product_tag":[],"class_list":{"0":"post-1637","1":"product","2":"type-product","3":"status-publish","4":"has-post-thumbnail","6":"product_brand-balmain","7":"product_cat-matu-aksesuari","9":"first","10":"outofstock","11":"taxable","12":"shipping-taxable","13":"purchasable","14":"product-type-simple"},"acf":[],"aioseo_notices":[],"_links":{"self":[{"href":"https:\/\/marfahairbar.lv\/en\/wp-json\/wp\/v2\/product\/1637","targetHints":{"allow":["GET"]}}],"collection":[{"href":"https:\/\/marfahairbar.lv\/en\/wp-json\/wp\/v2\/product"}],"about":[{"href":"https:\/\/marfahairbar.lv\/en\/wp-json\/wp\/v2\/types\/product"}],"replies":[{"embeddable":true,"href":"https:\/\/marfahairbar.lv\/en\/wp-json\/wp\/v2\/comments?post=1637"}],"wp:featuredmedia":[{"embeddable":true,"href":"https:\/\/marfahairbar.lv\/en\/wp-json\/wp\/v2\/media\/2175"}],"wp:attachment":[{"href":"https:\/\/marfahairbar.lv\/en\/wp-json\/wp\/v2\/media?parent=1637"}],"wp:term":[{"taxonomy":"matu-tips","embeddable":true,"href":"https:\/\/marfahairbar.lv\/en\/wp-json\/wp\/v2\/matu-tips?post=1637"},{"taxonomy":"product_brand","embeddable":true,"href":"https:\/\/marfahairbar.lv\/en\/wp-json\/wp\/v2\/product_brand?post=1637"},{"taxonomy":"product_cat","embeddable":true,"href":"https:\/\/marfahairbar.lv\/en\/wp-json\/wp\/v2\/product_cat?post=1637"},{"taxonomy":"product_tag","embeddable":true,"href":"https:\/\/marfahairbar.lv\/en\/wp-json\/wp\/v2\/product_tag?post=1637"}],"curies":[{"name":"wp","href":"https:\/\/api.w.org\/{rel}","templated":true}]}}