{"id":1636,"date":"2025-03-06T17:56:21","date_gmt":"2025-03-06T14:56:21","guid":{"rendered":"https:\/\/marfahairbar.lv\/produkts\/balmain-hair-matu-gumija-elastique-pour-cheveux-tortoise-shell\/"},"modified":"2025-08-13T19:58:42","modified_gmt":"2025-08-13T16:58:42","slug":"balmain-hair-hair-elastic-elastique-pour-cheveux-tortoise-shell","status":"publish","type":"product","link":"https:\/\/marfahairbar.lv\/en\/product-2\/balmain-hair-hair-elastic-elastique-pour-cheveux-tortoise-shell\/","title":{"rendered":"BALMAIN HAIR hair elastic \/ Elastique pour Cheveux Tortoise Shell"},"content":{"rendered":"<p>The 'Tortoise Shell' hair elastic is part of the unmistakable Les Accessoires collection. The hair elastic is suitable for any occasion and situation. It adds instant elegance to the usual ponytail.,High quality, handmade hair elastic,Perfect for ponytails,The beautiful brown and amber shades of the accessories highlight a wide variety of hair tones. Historically, tortoiseshell was used as a material for exclusive accessories, but since 1973 this material and its extraction have been banned. Since then, the 'tortoise shell' effect has been imitated using synthetic materials such as acetate. Despite the changes this material has undergone, it remains popular in the collections of all leading fashion designers.,BALMAIN HAIR elastic : Elastique pour Cheveux Tortoise Shell<\/p>\n<ul>\n<li>Augstas kvalit\u0101tes, rok\u0101m darin\u0101ta matu gumija<\/li>\n<li>Balmain Hair \u201cB\u201d apzelt\u012bts ar 14K zeltu<\/li>\n<li>Lieliski piem\u0113rota zirgast\u0113m<\/li>\n<\/ul>\n<p>Skaistais br\u016bnais un dzintarainais aksesu\u0101ru tonis izce\u013c visda\u017e\u0101d\u0101kos matu to\u0146us. V\u0113sturiski bru\u0146urupu\u010du bru\u0146as tika izmantots k\u0101 materi\u0101ls ekskluz\u012bvu aksesu\u0101ru ra\u017eo\u0161anai, ta\u010du kop\u0161 1973. gada \u0161is materi\u0101ls un t\u0101 ieg\u016b\u0161ana tika aizliegta. Kop\u0161 t\u0101 laika \u2018tortoise shell\u2019 efekts tika imit\u0113ts izmantojot sint\u0113tiskos materi\u0101lus, t\u0101dus k\u0101 acet\u0101ts. Neskatoties uz p\u0101rmai\u0146\u0101m, ko \u0161is materi\u0101ls ir p\u0101rdz\u012bvojis, tas saglab\u0101 savu popularit\u0101ti visu vado\u0161o modes dizaineru kolekcij\u0101s.<\/p>","protected":false},"excerpt":{"rendered":"<p>BALMAIN HAIR hair elastic \/ Elastique pour Cheveux Tortoise Shell tortoise hair elastic. Elegant and practical. Does not damage the hair.<\/p>","protected":false},"featured_media":2173,"comment_status":"open","ping_status":"closed","template":"","meta":{"_acf_changed":false},"matu-tips":[],"product_brand":[49],"product_cat":[62],"product_tag":[],"class_list":{"0":"post-1636","1":"product","2":"type-product","3":"status-publish","4":"has-post-thumbnail","6":"product_brand-balmain","7":"product_cat-matu-aksesuari","9":"first","10":"instock","11":"taxable","12":"shipping-taxable","13":"purchasable","14":"product-type-simple"},"acf":[],"aioseo_notices":[],"_links":{"self":[{"href":"https:\/\/marfahairbar.lv\/en\/wp-json\/wp\/v2\/product\/1636","targetHints":{"allow":["GET"]}}],"collection":[{"href":"https:\/\/marfahairbar.lv\/en\/wp-json\/wp\/v2\/product"}],"about":[{"href":"https:\/\/marfahairbar.lv\/en\/wp-json\/wp\/v2\/types\/product"}],"replies":[{"embeddable":true,"href":"https:\/\/marfahairbar.lv\/en\/wp-json\/wp\/v2\/comments?post=1636"}],"wp:featuredmedia":[{"embeddable":true,"href":"https:\/\/marfahairbar.lv\/en\/wp-json\/wp\/v2\/media\/2173"}],"wp:attachment":[{"href":"https:\/\/marfahairbar.lv\/en\/wp-json\/wp\/v2\/media?parent=1636"}],"wp:term":[{"taxonomy":"matu-tips","embeddable":true,"href":"https:\/\/marfahairbar.lv\/en\/wp-json\/wp\/v2\/matu-tips?post=1636"},{"taxonomy":"product_brand","embeddable":true,"href":"https:\/\/marfahairbar.lv\/en\/wp-json\/wp\/v2\/product_brand?post=1636"},{"taxonomy":"product_cat","embeddable":true,"href":"https:\/\/marfahairbar.lv\/en\/wp-json\/wp\/v2\/product_cat?post=1636"},{"taxonomy":"product_tag","embeddable":true,"href":"https:\/\/marfahairbar.lv\/en\/wp-json\/wp\/v2\/product_tag?post=1636"}],"curies":[{"name":"wp","href":"https:\/\/api.w.org\/{rel}","templated":true}]}}