{"id":1633,"date":"2025-03-06T17:56:19","date_gmt":"2025-03-06T14:56:19","guid":{"rendered":"https:\/\/marfahairbar.lv\/produkts\/balmain-hair-matu-spradze-barrette-pour-cheveux-tortoise-shell-l\/"},"modified":"2025-08-13T19:59:13","modified_gmt":"2025-08-13T16:59:13","slug":"balmain-hair-spray-barrette-pour-cheveux-tortoise-shell-l","status":"publish","type":"product","link":"https:\/\/marfahairbar.lv\/en\/product-2\/balmain-hair-spray-barrette-pour-cheveux-tortoise-shell-l\/","title":{"rendered":"BALMAIN HAIR hair clip \/ Barrette pour cheveux Tortoise Shell L"},"content":{"rendered":"<p>Exquisite handmade hair accessory with 14K gold plated \"B\". The hair clip with 'Tortoise Shell' effect in size L is part of the inimitable Les Accessoires collection. Suitable for any occasion and situation, the hair clip adds a touch of elegance to every hair style.<\/p>\n<ul>\n<li>Augstas kvalit\u0101tes, rok\u0101m darin\u0101ta matu spr\u0101dze<\/li>\n<li>Balmain Hair \u201cB\u201d apzelt\u012bts ar 14K zeltu<\/li>\n<li>Lieliski piem\u0113rota norm\u0101liem un bieziem matiem<\/li>\n<\/ul>\n<p>Skaistais br\u016bnais un dzintarainais aksesu\u0101ru tonis izce\u013c visda\u017e\u0101d\u0101kos matu to\u0146us. V\u0113sturiski bru\u0146urupu\u010du bru\u0146as tika izmantots k\u0101 materi\u0101ls ekskluz\u012bvu aksesu\u0101ru ra\u017eo\u0161anai, ta\u010du kop\u0161 1973. gada \u0161is materi\u0101ls un t\u0101 ieg\u016b\u0161ana tika aizliegta. Kop\u0161 t\u0101 laika \u2018tortoise shell\u2019 efekts tika imit\u0113ts izmantojot sint\u0113tiskos materi\u0101lus, t\u0101dus k\u0101 acet\u0101ts. Neskatoties uz p\u0101rmai\u0146\u0101m, ko \u0161is materi\u0101ls ir p\u0101rdz\u012bvojis, tas saglab\u0101 savu popularit\u0101ti visu vado\u0161o modes dizaineru kolekcij\u0101s.<\/p>","protected":false},"excerpt":{"rendered":"<p>BALMAIN HAIR Hair Barrette \/ Barrette pour cheveux Tortoise Shell L tortoise print hair barrette in large size. A sophisticated accessory.<\/p>","protected":false},"featured_media":2168,"comment_status":"open","ping_status":"closed","template":"","meta":{"_acf_changed":false},"matu-tips":[],"product_brand":[49],"product_cat":[62],"product_tag":[],"class_list":{"0":"post-1633","1":"product","2":"type-product","3":"status-publish","4":"has-post-thumbnail","6":"product_brand-balmain","7":"product_cat-matu-aksesuari","9":"first","10":"instock","11":"taxable","12":"shipping-taxable","13":"purchasable","14":"product-type-simple"},"acf":[],"aioseo_notices":[],"_links":{"self":[{"href":"https:\/\/marfahairbar.lv\/en\/wp-json\/wp\/v2\/product\/1633","targetHints":{"allow":["GET"]}}],"collection":[{"href":"https:\/\/marfahairbar.lv\/en\/wp-json\/wp\/v2\/product"}],"about":[{"href":"https:\/\/marfahairbar.lv\/en\/wp-json\/wp\/v2\/types\/product"}],"replies":[{"embeddable":true,"href":"https:\/\/marfahairbar.lv\/en\/wp-json\/wp\/v2\/comments?post=1633"}],"wp:featuredmedia":[{"embeddable":true,"href":"https:\/\/marfahairbar.lv\/en\/wp-json\/wp\/v2\/media\/2168"}],"wp:attachment":[{"href":"https:\/\/marfahairbar.lv\/en\/wp-json\/wp\/v2\/media?parent=1633"}],"wp:term":[{"taxonomy":"matu-tips","embeddable":true,"href":"https:\/\/marfahairbar.lv\/en\/wp-json\/wp\/v2\/matu-tips?post=1633"},{"taxonomy":"product_brand","embeddable":true,"href":"https:\/\/marfahairbar.lv\/en\/wp-json\/wp\/v2\/product_brand?post=1633"},{"taxonomy":"product_cat","embeddable":true,"href":"https:\/\/marfahairbar.lv\/en\/wp-json\/wp\/v2\/product_cat?post=1633"},{"taxonomy":"product_tag","embeddable":true,"href":"https:\/\/marfahairbar.lv\/en\/wp-json\/wp\/v2\/product_tag?post=1633"}],"curies":[{"name":"wp","href":"https:\/\/api.w.org\/{rel}","templated":true}]}}