{"id":1632,"date":"2025-03-06T17:56:19","date_gmt":"2025-03-06T14:56:19","guid":{"rendered":"https:\/\/marfahairbar.lv\/produkts\/balmain-hair-matu-spradze-barrette-pour-cheveux-white-l\/"},"modified":"2025-08-13T19:59:03","modified_gmt":"2025-08-13T16:59:03","slug":"balmain-hair-spray-barrette-pour-cheveux-white-l","status":"publish","type":"product","link":"https:\/\/marfahairbar.lv\/en\/product-2\/balmain-hair-spray-barrette-pour-cheveux-white-l\/","title":{"rendered":"BALMAIN HAIR hair clip \/ Barrette pour cheveux White L"},"content":{"rendered":"<p>Exquisite handmade hair accessory with 14K gold plated \"B\". The white hair clip in size L is part of the unique Les Accessoires collection. Suitable for every occasion and situation, it adds elegance to every hair style.,High quality, handmade hair clip,Balmain Hair \"B\" gold plated with 14K gold,Perfect for normal to thick hair,BALMAIN HAIR hair clip : Barrette pour cheveux White L<\/p>\n<ul>\n<li>Augstas kvalit\u0101tes, rok\u0101m darin\u0101ta matu spr\u0101dze<\/li>\n<li>Balmain Hair \u201cB\u201d apzelt\u012bts ar 14K zeltu<\/li>\n<li>Lieliski piem\u0113rota norm\u0101liem un bieziem matiem<\/li>\n<\/ul>","protected":false},"excerpt":{"rendered":"<p>BALMAIN HAIR hair clip \/ Barrette pour cheveux White L white hair barrette in large size. Elegant accessory for long and thick hair.<\/p>","protected":false},"featured_media":2166,"comment_status":"open","ping_status":"closed","template":"","meta":{"_acf_changed":false},"matu-tips":[],"product_brand":[49],"product_cat":[62],"product_tag":[],"class_list":{"0":"post-1632","1":"product","2":"type-product","3":"status-publish","4":"has-post-thumbnail","6":"product_brand-balmain","7":"product_cat-matu-aksesuari","9":"first","10":"instock","11":"taxable","12":"shipping-taxable","13":"purchasable","14":"product-type-simple"},"acf":[],"aioseo_notices":[],"_links":{"self":[{"href":"https:\/\/marfahairbar.lv\/en\/wp-json\/wp\/v2\/product\/1632","targetHints":{"allow":["GET"]}}],"collection":[{"href":"https:\/\/marfahairbar.lv\/en\/wp-json\/wp\/v2\/product"}],"about":[{"href":"https:\/\/marfahairbar.lv\/en\/wp-json\/wp\/v2\/types\/product"}],"replies":[{"embeddable":true,"href":"https:\/\/marfahairbar.lv\/en\/wp-json\/wp\/v2\/comments?post=1632"}],"wp:featuredmedia":[{"embeddable":true,"href":"https:\/\/marfahairbar.lv\/en\/wp-json\/wp\/v2\/media\/2166"}],"wp:attachment":[{"href":"https:\/\/marfahairbar.lv\/en\/wp-json\/wp\/v2\/media?parent=1632"}],"wp:term":[{"taxonomy":"matu-tips","embeddable":true,"href":"https:\/\/marfahairbar.lv\/en\/wp-json\/wp\/v2\/matu-tips?post=1632"},{"taxonomy":"product_brand","embeddable":true,"href":"https:\/\/marfahairbar.lv\/en\/wp-json\/wp\/v2\/product_brand?post=1632"},{"taxonomy":"product_cat","embeddable":true,"href":"https:\/\/marfahairbar.lv\/en\/wp-json\/wp\/v2\/product_cat?post=1632"},{"taxonomy":"product_tag","embeddable":true,"href":"https:\/\/marfahairbar.lv\/en\/wp-json\/wp\/v2\/product_tag?post=1632"}],"curies":[{"name":"wp","href":"https:\/\/api.w.org\/{rel}","templated":true}]}}