{"id":1630,"date":"2025-03-06T17:56:17","date_gmt":"2025-03-06T14:56:17","guid":{"rendered":"https:\/\/marfahairbar.lv\/produkts\/balmain-hair-matu-spradze-bante-barrette-pour-cheveux-bow-green-gold-fw22\/"},"modified":"2025-05-12T17:21:24","modified_gmt":"2025-05-12T14:21:24","slug":"balmain-hair-hair-spray-bante-barrette-pour-cheveux-bow-green-gold-fw22","status":"publish","type":"product","link":"https:\/\/marfahairbar.lv\/en\/product-2\/balmain-hair-hair-spray-bante-barrette-pour-cheveux-bow-green-gold-fw22\/","title":{"rendered":"BALMAIN HAIR hair clip bante \/ Barrette pour Cheveux Bow Green &amp; Gold FW22"},"content":{"rendered":"<p>Iedvesmojoties no modes nama bag\u0101t\u012bg\u0101 mantojuma un pa\u013caujoties tikai uz lab\u0101kajiem materi\u0101liem, amatniekiem un dizainu, Balmain Hair Couture rad\u012bja luksusa matu aksesu\u0101ru l\u012bniju. Katrs matu aksesu\u0101rs ir piln\u012bb\u0101 roku darbs, izmantojot tradicion\u0101l\u0101s metodes, un taj\u0101 ir rakstur\u012bgas zelta deta\u013cas.<\/p>\n<p>Limited edition emerald-green hair accessory with genuine nappa leather band. Embellished with 18K gold plated logo.Bantu fastens with a clasp and spreads perfectly for a full low ponytail or to get a partial. Insert the bante into the sides and combine with other barrettes to create a distinctive look.,Limited Quantity,Creates a great ponytail,Made from genuine napa leather,BALMAIN HAIR Hair Clip Bante : Barrette pour Cheveux Bow Green &amp; Gold FW22<\/p>\n<ul>\n<li>Ierobe\u017eots daudzums<\/li>\n<li>Veido lielisku zirgasti<\/li>\n<li>Izgatavots no \u012bstas napa \u0101das<\/li>\n<\/ul>","protected":false},"excerpt":{"rendered":"<p>BALMAIN HAIR hair clip bante \/ Barrette pour Cheveux Bow Green &amp; Gold FW22 green-gold bante hair clip. Autumn Collection 2022.<\/p>","protected":false},"featured_media":2163,"comment_status":"open","ping_status":"closed","template":"","meta":{"_acf_changed":false},"matu-tips":[],"product_brand":[49],"product_cat":[62],"product_tag":[],"class_list":{"0":"post-1630","1":"product","2":"type-product","3":"status-publish","4":"has-post-thumbnail","6":"product_brand-balmain","7":"product_cat-matu-aksesuari","9":"first","10":"instock","11":"taxable","12":"shipping-taxable","13":"purchasable","14":"product-type-simple"},"acf":[],"aioseo_notices":[],"_links":{"self":[{"href":"https:\/\/marfahairbar.lv\/en\/wp-json\/wp\/v2\/product\/1630","targetHints":{"allow":["GET"]}}],"collection":[{"href":"https:\/\/marfahairbar.lv\/en\/wp-json\/wp\/v2\/product"}],"about":[{"href":"https:\/\/marfahairbar.lv\/en\/wp-json\/wp\/v2\/types\/product"}],"replies":[{"embeddable":true,"href":"https:\/\/marfahairbar.lv\/en\/wp-json\/wp\/v2\/comments?post=1630"}],"wp:featuredmedia":[{"embeddable":true,"href":"https:\/\/marfahairbar.lv\/en\/wp-json\/wp\/v2\/media\/2163"}],"wp:attachment":[{"href":"https:\/\/marfahairbar.lv\/en\/wp-json\/wp\/v2\/media?parent=1630"}],"wp:term":[{"taxonomy":"matu-tips","embeddable":true,"href":"https:\/\/marfahairbar.lv\/en\/wp-json\/wp\/v2\/matu-tips?post=1630"},{"taxonomy":"product_brand","embeddable":true,"href":"https:\/\/marfahairbar.lv\/en\/wp-json\/wp\/v2\/product_brand?post=1630"},{"taxonomy":"product_cat","embeddable":true,"href":"https:\/\/marfahairbar.lv\/en\/wp-json\/wp\/v2\/product_cat?post=1630"},{"taxonomy":"product_tag","embeddable":true,"href":"https:\/\/marfahairbar.lv\/en\/wp-json\/wp\/v2\/product_tag?post=1630"}],"curies":[{"name":"wp","href":"https:\/\/api.w.org\/{rel}","templated":true}]}}