{"id":1623,"date":"2025-03-06T17:56:12","date_gmt":"2025-03-06T14:56:12","guid":{"rendered":"https:\/\/marfahairbar.lv\/produkts\/balmain-hair-matu-spradze-limited-edition-pont-des-arts-hair-clip-large-fw22\/"},"modified":"2025-05-12T17:21:23","modified_gmt":"2025-05-12T14:21:23","slug":"balmain-hair-clip-limited-edition-pont-des-arts-hair-clip-large-fw22","status":"publish","type":"product","link":"https:\/\/marfahairbar.lv\/en\/product-2\/balmain-hair-clip-limited-edition-pont-des-arts-hair-clip-large-fw22\/","title":{"rendered":"BALMAIN HAIR Hair Clip \/ Limited Edition Pont des Arts Hair Clip Large FW22"},"content":{"rendered":"<p>Iedvesmojoties no modes nama bag\u0101t\u012bg\u0101 mantojuma un pa\u013caujoties tikai uz lab\u0101kajiem materi\u0101liem, amatniekiem un dizainu, Balmain Hair Couture rad\u012bja luksusa matu aksesu\u0101ru l\u012bniju. Katrs matu aksesu\u0101rs ir piln\u012bb\u0101 roku darbs, izmantojot tradicion\u0101l\u0101s metodes, un taj\u0101 ir rakstur\u012bgas zelta deta\u013cas.<\/p>\n<p>Ierobe\u017eota daudzuma matu aksesu\u0101rs, kas iedvesmots no Par\u012bzes \u201cPont des Arts\u201d tilta m\u012blas sl\u0113dzen\u0113m. 18K apzelt\u012bt\u0101 matu spr\u0101dze lieliski izkl\u0101j matus, veidojot pilnv\u0113rt\u012bgu, ikonisku Balmain Hair zirgasti.<\/p>\n<ul>\n<li>Ierobe\u017eots dauzdums<\/li>\n<li>Lieliski piem\u0113rota, lai izveidotu kuplu zirgasti<\/li>\n<li>Ar 18K apzelt\u012bjumu<\/li>\n<\/ul>","protected":false},"excerpt":{"rendered":"<p>BALMAIN HAIR Hair Clip \/ Limited Edition Pont des Arts Hair Clip Large FW22 Large hair clip from the Pont des Arts collection. Exclusive accessory.<\/p>","protected":false},"featured_media":2151,"comment_status":"open","ping_status":"closed","template":"","meta":{"_acf_changed":false},"matu-tips":[],"product_brand":[49],"product_cat":[62],"product_tag":[],"class_list":{"0":"post-1623","1":"product","2":"type-product","3":"status-publish","4":"has-post-thumbnail","6":"product_brand-balmain","7":"product_cat-matu-aksesuari","9":"first","10":"instock","11":"taxable","12":"shipping-taxable","13":"purchasable","14":"product-type-simple"},"acf":[],"aioseo_notices":[],"_links":{"self":[{"href":"https:\/\/marfahairbar.lv\/en\/wp-json\/wp\/v2\/product\/1623","targetHints":{"allow":["GET"]}}],"collection":[{"href":"https:\/\/marfahairbar.lv\/en\/wp-json\/wp\/v2\/product"}],"about":[{"href":"https:\/\/marfahairbar.lv\/en\/wp-json\/wp\/v2\/types\/product"}],"replies":[{"embeddable":true,"href":"https:\/\/marfahairbar.lv\/en\/wp-json\/wp\/v2\/comments?post=1623"}],"wp:featuredmedia":[{"embeddable":true,"href":"https:\/\/marfahairbar.lv\/en\/wp-json\/wp\/v2\/media\/2151"}],"wp:attachment":[{"href":"https:\/\/marfahairbar.lv\/en\/wp-json\/wp\/v2\/media?parent=1623"}],"wp:term":[{"taxonomy":"matu-tips","embeddable":true,"href":"https:\/\/marfahairbar.lv\/en\/wp-json\/wp\/v2\/matu-tips?post=1623"},{"taxonomy":"product_brand","embeddable":true,"href":"https:\/\/marfahairbar.lv\/en\/wp-json\/wp\/v2\/product_brand?post=1623"},{"taxonomy":"product_cat","embeddable":true,"href":"https:\/\/marfahairbar.lv\/en\/wp-json\/wp\/v2\/product_cat?post=1623"},{"taxonomy":"product_tag","embeddable":true,"href":"https:\/\/marfahairbar.lv\/en\/wp-json\/wp\/v2\/product_tag?post=1623"}],"curies":[{"name":"wp","href":"https:\/\/api.w.org\/{rel}","templated":true}]}}