{"id":1622,"date":"2025-03-06T17:56:11","date_gmt":"2025-03-06T14:56:11","guid":{"rendered":"https:\/\/marfahairbar.lv\/produkts\/balmain-hair-matu-spradze-m-pearl-limited-edition-pince-a-cheveux-medium-pearl\/"},"modified":"2025-08-13T20:05:17","modified_gmt":"2025-08-13T17:05:17","slug":"balmain-hair-spray-m-pearl-limited-edition-pince-a-cheveux-medium-pearl","status":"publish","type":"product","link":"https:\/\/marfahairbar.lv\/en\/product-2\/balmain-hair-spray-m-pearl-limited-edition-pince-a-cheveux-medium-pearl\/","title":{"rendered":"BALMAIN HAIR hair clip M Pearl \/ Limited Edition Pince \u00e0 cheveux Medium Pearl"},"content":{"rendered":"<p>This hair clip is inspired by the timeless elegance of a pearl pattern. The pin is handmade using traditional techniques and adorned with Balmain's signature 18K gold-plated \"B\" logo. Made from durable cellulose acetate, it is both flexible and gentle on your hair and scalp. Inside, a unique elastic system ensures that the buckle stays securely in place, whatever your hair type. Ideal for normal to thick hair, this hair clip makes it easy to create elegant hairstyles or classic French styles.Hypoallergenic hair accessory,Perfect for normal to thick hair,BALMAIN HAIR Hair Clip XS Pearl : Limited Edition Pince \u00e0 cheveux XS Pearl<\/p>\n<ul>\n<li>18K apzelt\u012bts logo<\/li>\n<li>Hipoaler\u0123isks matu aksesu\u0101rs<\/li>\n<li>Lieliski piem\u0113rots norm\u0101liem l\u012bdz bieziem matiem<\/li>\n<\/ul>","protected":false},"excerpt":{"rendered":"<p>BALMAIN HAIR Hair Clip M Pearl \/ Limited Edition Pince \u00e0 cheveux Medium Pearl limited edition - pearl hair clip in medium size.<\/p>","protected":false},"featured_media":2150,"comment_status":"open","ping_status":"closed","template":"","meta":{"_acf_changed":false},"matu-tips":[],"product_brand":[49],"product_cat":[62],"product_tag":[],"class_list":{"0":"post-1622","1":"product","2":"type-product","3":"status-publish","4":"has-post-thumbnail","6":"product_brand-balmain","7":"product_cat-matu-aksesuari","9":"first","10":"instock","11":"taxable","12":"shipping-taxable","13":"purchasable","14":"product-type-simple"},"acf":[],"aioseo_notices":[],"_links":{"self":[{"href":"https:\/\/marfahairbar.lv\/en\/wp-json\/wp\/v2\/product\/1622","targetHints":{"allow":["GET"]}}],"collection":[{"href":"https:\/\/marfahairbar.lv\/en\/wp-json\/wp\/v2\/product"}],"about":[{"href":"https:\/\/marfahairbar.lv\/en\/wp-json\/wp\/v2\/types\/product"}],"replies":[{"embeddable":true,"href":"https:\/\/marfahairbar.lv\/en\/wp-json\/wp\/v2\/comments?post=1622"}],"wp:featuredmedia":[{"embeddable":true,"href":"https:\/\/marfahairbar.lv\/en\/wp-json\/wp\/v2\/media\/2150"}],"wp:attachment":[{"href":"https:\/\/marfahairbar.lv\/en\/wp-json\/wp\/v2\/media?parent=1622"}],"wp:term":[{"taxonomy":"matu-tips","embeddable":true,"href":"https:\/\/marfahairbar.lv\/en\/wp-json\/wp\/v2\/matu-tips?post=1622"},{"taxonomy":"product_brand","embeddable":true,"href":"https:\/\/marfahairbar.lv\/en\/wp-json\/wp\/v2\/product_brand?post=1622"},{"taxonomy":"product_cat","embeddable":true,"href":"https:\/\/marfahairbar.lv\/en\/wp-json\/wp\/v2\/product_cat?post=1622"},{"taxonomy":"product_tag","embeddable":true,"href":"https:\/\/marfahairbar.lv\/en\/wp-json\/wp\/v2\/product_tag?post=1622"}],"curies":[{"name":"wp","href":"https:\/\/api.w.org\/{rel}","templated":true}]}}