{"id":1621,"date":"2025-03-06T17:56:10","date_gmt":"2025-03-06T14:56:10","guid":{"rendered":"https:\/\/marfahairbar.lv\/produkts\/balmain-hair-matu-spradze-pince-a-cheveux-imperiale-black-white\/"},"modified":"2025-08-13T20:05:49","modified_gmt":"2025-08-13T17:05:49","slug":"balmain-hair-spray-pince-a-cheveux-imperiale-black-white","status":"publish","type":"product","link":"https:\/\/marfahairbar.lv\/en\/product-2\/balmain-hair-spray-pince-a-cheveux-imperiale-black-white\/","title":{"rendered":"BALMAIN HAIR Hair Clip \/ Pince \u00e0 Cheveux Imperiale Black\/White"},"content":{"rendered":"<p>Matu spr\u0101dze Imperiale ir lieliski piem\u0113rota copes vai augstas zirgastes nostiprin\u0101\u0161anai, \u012bpa\u0161i paredz\u0113ta gariem un bieziem matiem, jo t\u0101 satur tr\u012bs reizes vair\u0101k matu nek\u0101 Balmain Hair Pince \u00e0 Cheveux Large. \u0160ai spr\u0101dzei ir revolucion\u0101rs meh\u0101nisms: unik\u0101la elast\u012bg\u0101 sist\u0113ma spr\u0101dzes iek\u0161pus\u0113 nodro\u0161ina, ka aksesu\u0101rs nesl\u012bd un stingri noturas viet\u0101. Elast\u012bg\u0101 gumija efekt\u012bvi satur matus kop\u0101, ne\u013caujot spr\u0101dzei sl\u012bd\u0113t. T\u0101d\u0113\u013c matu spr\u0101dze ir piem\u0113rota visiem matu tipiem, \u2013 gan pl\u0101niem, gan bieziem. Turkl\u0101t aizdare ir eleganti pasl\u0113pta ar acet\u0101ta materi\u0101lu.<\/p>\n<p>Lielizm\u0113ra, ar rok\u0101m darin\u0101ta matu spr\u0101dze, kas izgatavota no iztur\u012bga celulozes acet\u0101ta, ar Balmain rakstur\u012bgo 18K zeltu apzelt\u012btu \u201cB\u201d logotipu. \u012apa\u0161i izstr\u0101d\u0101ta gariem un bieziem matiem, lieliski piem\u0113rota matu nostiprin\u0101\u0161anai cop\u0113 vai augst\u0101 zirgast\u0113.<\/p>\n<ul>\n<li>Revolucion\u0101rs klip\u0161a meh\u0101nisms<\/li>\n<li>Satur 3x vair\u0101k matu<\/li>\n<li>Gariem un bieziem matiem<\/li>\n<\/ul>\n<p>Izm\u0113ri: garums: 6,50 cm \/ platums: 5 cm \/ augstums: 4,80 cm<\/p>","protected":false},"excerpt":{"rendered":"<p>BALMAIN HAIR Hair Clip \/ Pince \u00e0 Cheveux Imperiale Black\/White black and white imperial hair clip. A luxury accessory for special occasions.<\/p>","protected":false},"featured_media":2148,"comment_status":"open","ping_status":"closed","template":"","meta":{"_acf_changed":false},"matu-tips":[],"product_brand":[49],"product_cat":[62],"product_tag":[],"class_list":{"0":"post-1621","1":"product","2":"type-product","3":"status-publish","4":"has-post-thumbnail","6":"product_brand-balmain","7":"product_cat-matu-aksesuari","9":"first","10":"instock","11":"taxable","12":"shipping-taxable","13":"purchasable","14":"product-type-simple"},"acf":[],"aioseo_notices":[],"_links":{"self":[{"href":"https:\/\/marfahairbar.lv\/en\/wp-json\/wp\/v2\/product\/1621","targetHints":{"allow":["GET"]}}],"collection":[{"href":"https:\/\/marfahairbar.lv\/en\/wp-json\/wp\/v2\/product"}],"about":[{"href":"https:\/\/marfahairbar.lv\/en\/wp-json\/wp\/v2\/types\/product"}],"replies":[{"embeddable":true,"href":"https:\/\/marfahairbar.lv\/en\/wp-json\/wp\/v2\/comments?post=1621"}],"wp:featuredmedia":[{"embeddable":true,"href":"https:\/\/marfahairbar.lv\/en\/wp-json\/wp\/v2\/media\/2148"}],"wp:attachment":[{"href":"https:\/\/marfahairbar.lv\/en\/wp-json\/wp\/v2\/media?parent=1621"}],"wp:term":[{"taxonomy":"matu-tips","embeddable":true,"href":"https:\/\/marfahairbar.lv\/en\/wp-json\/wp\/v2\/matu-tips?post=1621"},{"taxonomy":"product_brand","embeddable":true,"href":"https:\/\/marfahairbar.lv\/en\/wp-json\/wp\/v2\/product_brand?post=1621"},{"taxonomy":"product_cat","embeddable":true,"href":"https:\/\/marfahairbar.lv\/en\/wp-json\/wp\/v2\/product_cat?post=1621"},{"taxonomy":"product_tag","embeddable":true,"href":"https:\/\/marfahairbar.lv\/en\/wp-json\/wp\/v2\/product_tag?post=1621"}],"curies":[{"name":"wp","href":"https:\/\/api.w.org\/{rel}","templated":true}]}}