{"id":1618,"date":"2025-03-06T17:56:09","date_gmt":"2025-03-06T14:56:09","guid":{"rendered":"https:\/\/marfahairbar.lv\/produkts\/balmain-hair-matu-spradze-pince-a-cheveux-black-l\/"},"modified":"2025-08-13T20:06:05","modified_gmt":"2025-08-13T17:06:05","slug":"balmain-hair-spray-pince-a-cheveux-black-l","status":"publish","type":"product","link":"https:\/\/marfahairbar.lv\/en\/product-2\/balmain-hair-spray-pince-a-cheveux-black-l\/","title":{"rendered":"BALMAIN HAIR hair clip \/ Pince \u00e0 Cheveux Black L"},"content":{"rendered":"<p>Matu Spr\u0101dze (kna\u0123is) L meln\u0101 kr\u0101s\u0101 ir da\u013ca no neatk\u0101rtojam\u0101s Les Accessoires kolekcijas. Spr\u0101dze piem\u0113rota lieto\u0161anai gan ikdien\u0101, gan dodoties uz savies\u012bgiem pas\u0101kumiem, pie\u0161\u0137ir t\u016bl\u012bt\u0113ju eleganci matu sak\u0101rtojumam. Augstas kvalit\u0101tes, rok\u0101m darin\u0101ts matu aksesu\u0101rs, \u201cB\u201d apzelt\u012bts ar 14K zeltu, sekojot z\u012bmola trad\u012bcij\u0101m.<\/p>\n<ul>\n<li>Augstas kvalit\u0101tes, rok\u0101m darin\u0101ta spr\u0101dze (kna\u0123is)<\/li>\n<li>Balmain Hair \u201cB\u201d apzelt\u012bts ar 14K zeltu<\/li>\n<li>Lieliski piem\u0113rota norm\u0101liem un bieziem matiem<\/li>\n<\/ul>","protected":false},"excerpt":{"rendered":"<p>BALMAIN HAIR Hair Clip \/ Pince \u00e0 Cheveux Black L elegant black hair clip in large size. Securely fixes thick and long hair.<\/p>","protected":false},"featured_media":2144,"comment_status":"open","ping_status":"closed","template":"","meta":{"_acf_changed":false},"matu-tips":[],"product_brand":[49],"product_cat":[62],"product_tag":[],"class_list":{"0":"post-1618","1":"product","2":"type-product","3":"status-publish","4":"has-post-thumbnail","6":"product_brand-balmain","7":"product_cat-matu-aksesuari","9":"first","10":"instock","11":"taxable","12":"shipping-taxable","13":"purchasable","14":"product-type-simple"},"acf":[],"aioseo_notices":[],"_links":{"self":[{"href":"https:\/\/marfahairbar.lv\/en\/wp-json\/wp\/v2\/product\/1618","targetHints":{"allow":["GET"]}}],"collection":[{"href":"https:\/\/marfahairbar.lv\/en\/wp-json\/wp\/v2\/product"}],"about":[{"href":"https:\/\/marfahairbar.lv\/en\/wp-json\/wp\/v2\/types\/product"}],"replies":[{"embeddable":true,"href":"https:\/\/marfahairbar.lv\/en\/wp-json\/wp\/v2\/comments?post=1618"}],"wp:featuredmedia":[{"embeddable":true,"href":"https:\/\/marfahairbar.lv\/en\/wp-json\/wp\/v2\/media\/2144"}],"wp:attachment":[{"href":"https:\/\/marfahairbar.lv\/en\/wp-json\/wp\/v2\/media?parent=1618"}],"wp:term":[{"taxonomy":"matu-tips","embeddable":true,"href":"https:\/\/marfahairbar.lv\/en\/wp-json\/wp\/v2\/matu-tips?post=1618"},{"taxonomy":"product_brand","embeddable":true,"href":"https:\/\/marfahairbar.lv\/en\/wp-json\/wp\/v2\/product_brand?post=1618"},{"taxonomy":"product_cat","embeddable":true,"href":"https:\/\/marfahairbar.lv\/en\/wp-json\/wp\/v2\/product_cat?post=1618"},{"taxonomy":"product_tag","embeddable":true,"href":"https:\/\/marfahairbar.lv\/en\/wp-json\/wp\/v2\/product_tag?post=1618"}],"curies":[{"name":"wp","href":"https:\/\/api.w.org\/{rel}","templated":true}]}}