{"id":1616,"date":"2025-03-06T17:56:08","date_gmt":"2025-03-06T14:56:08","guid":{"rendered":"https:\/\/marfahairbar.lv\/produkts\/balmain-hair-matu-gumija-elastique-pour-cheveux-white\/"},"modified":"2025-08-13T20:06:17","modified_gmt":"2025-08-13T17:06:17","slug":"balmain-hair-hair-elastic-elastique-pour-cheveux-white","status":"publish","type":"product","link":"https:\/\/marfahairbar.lv\/en\/product-2\/balmain-hair-hair-elastic-elastique-pour-cheveux-white\/","title":{"rendered":"BALMAIN HAIR hair elastic \/ Elastique pour Cheveux White"},"content":{"rendered":"<p>Matu gumija balt\u0101 kr\u0101s\u0101 ir da\u013ca no neatk\u0101rtojam\u0101s Les Accessoires kolekcijas. Matu gumija ir piem\u0113rota jebkuram pas\u0101kumam un situ\u0101cijai. T\u0101 pie\u0161\u0137ir t\u016bl\u012bt\u0113ju eleganci ierastajai zirgastei.<\/p>\n<ul>\n<li>Augstas kvalit\u0101tes, rok\u0101m darin\u0101ta matu gumija<\/li>\n<li>Balmain Hair \u201cB\u201d apzelt\u012bts ar 14K zeltu<\/li>\n<li>Lieliski piem\u0113rota zirgast\u0113m<\/li>\n<\/ul>","protected":false},"excerpt":{"rendered":"<p>BALMAIN HAIR elastic \/ Elastique pour Cheveux White White hair elastic with Balmain logo. Elegant and practical. Does not damage or tear the hair.<\/p>","protected":false},"featured_media":2140,"comment_status":"open","ping_status":"closed","template":"","meta":{"_acf_changed":false},"matu-tips":[],"product_brand":[49],"product_cat":[62],"product_tag":[],"class_list":{"0":"post-1616","1":"product","2":"type-product","3":"status-publish","4":"has-post-thumbnail","6":"product_brand-balmain","7":"product_cat-matu-aksesuari","9":"first","10":"instock","11":"taxable","12":"shipping-taxable","13":"purchasable","14":"product-type-simple"},"acf":[],"aioseo_notices":[],"_links":{"self":[{"href":"https:\/\/marfahairbar.lv\/en\/wp-json\/wp\/v2\/product\/1616","targetHints":{"allow":["GET"]}}],"collection":[{"href":"https:\/\/marfahairbar.lv\/en\/wp-json\/wp\/v2\/product"}],"about":[{"href":"https:\/\/marfahairbar.lv\/en\/wp-json\/wp\/v2\/types\/product"}],"replies":[{"embeddable":true,"href":"https:\/\/marfahairbar.lv\/en\/wp-json\/wp\/v2\/comments?post=1616"}],"wp:featuredmedia":[{"embeddable":true,"href":"https:\/\/marfahairbar.lv\/en\/wp-json\/wp\/v2\/media\/2140"}],"wp:attachment":[{"href":"https:\/\/marfahairbar.lv\/en\/wp-json\/wp\/v2\/media?parent=1616"}],"wp:term":[{"taxonomy":"matu-tips","embeddable":true,"href":"https:\/\/marfahairbar.lv\/en\/wp-json\/wp\/v2\/matu-tips?post=1616"},{"taxonomy":"product_brand","embeddable":true,"href":"https:\/\/marfahairbar.lv\/en\/wp-json\/wp\/v2\/product_brand?post=1616"},{"taxonomy":"product_cat","embeddable":true,"href":"https:\/\/marfahairbar.lv\/en\/wp-json\/wp\/v2\/product_cat?post=1616"},{"taxonomy":"product_tag","embeddable":true,"href":"https:\/\/marfahairbar.lv\/en\/wp-json\/wp\/v2\/product_tag?post=1616"}],"curies":[{"name":"wp","href":"https:\/\/api.w.org\/{rel}","templated":true}]}}