{"id":1600,"date":"2025-03-06T17:55:57","date_gmt":"2025-03-06T14:55:57","guid":{"rendered":"https:\/\/marfahairbar.lv\/produkts\/balmain-hair-5-week-enriching-hair-treatment\/"},"modified":"2025-05-12T17:21:59","modified_gmt":"2025-05-12T14:21:59","slug":"balmain-hair-5-week-enriching-hair-treatment","status":"publish","type":"product","link":"https:\/\/marfahairbar.lv\/en\/product-2\/balmain-hair-5-week-enriching-hair-treatment\/","title":{"rendered":"BALMAIN HAIR 5 Week Enriching Hair Treatment"},"content":{"rendered":"<p>PAL\u012aDZ NOV\u0112RST MATU IZKRI\u0160ANU!<\/p>\n<p>Atjaunojiet vitalit\u0101ti, sp\u012bdumu un vesel\u012bgu izskatu tikai 5 ned\u0113\u013cu laik\u0101!<\/p>\n<p>SVAR\u012aGI.<\/p>\n<p>1 l\u012bdz 3 t\u016bbi\u0146as var nesasniegt v\u0113lamo efektu.<\/p>\n<p>Proced\u016bra baro, mitrina un dzied\u0113 matus, aizverot matu kutikulu. Kutikulas nosl\u0113g\u0161ana pal\u012bdz saglab\u0101t mitrumu matos, nov\u0113r\u0161 bar\u012bbas vielu zudumu no matiem un aizsarg\u0101 matus no kait\u012bg\u0101s vides ietekmes. Proced\u016bra atjauno matu elast\u012bbu un rekonstru\u0113 matu \u0161\u0137iedras.<\/p>\n<p>\u012apa\u0161i izstr\u0101d\u0101ta, lai saglab\u0101tu matu un galvas \u0101das dabisko mitruma l\u012bdzsvaru.<\/p>\n<p>\u2013 Grezna matu atjauno\u0161anas proced\u016bra<\/p>\n<p>\u2013 Mitrina, baro, aizsarg\u0101 un uzlabo matu strukt\u016bru un dabisko st\u0101vokli.<\/p>\n<p>\u2013 Atjauno un atjauno matus 5 ned\u0113\u013cu laik\u0101.<\/p>\n<p>Formula ir bag\u0101tin\u0101ta ar dzintarsk\u0101bi, lai pastiprin\u0101tu z\u012bda prote\u012bnu iedarb\u012bbu (skat\u012bt att\u0113lu).<\/p>\n<ul>\n<li>Dzintarsk\u0101be ir dabiska sast\u0101vda\u013ca, kas ieg\u016bta no dzintara un iek\u013c\u016bst dzi\u013ci matos. Skudrsk\u0101bes dabisk\u0101s sast\u0101vda\u013cas pal\u012bdz atjaunot matu dabisko st\u0101vokli un strukt\u016bru.<\/li>\n<li>Skudrsk\u0101be pal\u012bdz atbr\u012bvoties z\u012bda prote\u012bniem un izveido aizsargsl\u0101ni ap katru prote\u012bna \u0137\u0113di, padarot matu strukt\u016bru elast\u012bgu un iztur\u012bgu.<\/li>\n<li>\u0160o divu akt\u012bvo un efekt\u012bvo sast\u0101vda\u013cu kombin\u0101cija rada ilgsto\u0161i notur\u012bgu un sp\u0113c\u012bgu, nep\u0101rtrauktu matu molekul\u0101ro strukt\u016bru.<\/li>\n<li>pH 2,50 \u2013 3,50<\/li>\n<\/ul>\n<p>Lieto\u0161ana: izmazg\u0101jiet matus, v\u0113lams, ar Balmain matu mitrino\u0161o \u0161amp\u016bnu un uzkl\u0101jiet 1 paci\u0146u ar balzama saturu uz dvieli nosusin\u0101tiem matiem, s\u0101kot no matu galiem l\u012bdz pat sakn\u0113m. Atst\u0101jiet uz 20-30 min\u016btes un noskalojiet ar remdenu \u016bdeni.<\/p>\n<p>Proced\u016bru atk\u0101rtojiet reizi ned\u0113\u013c\u0101 5 ned\u0113\u013cas.<\/p>\n<p>Katra t\u016bbi\u0146a ir paredz\u0113ta vienai matu kop\u0161anas proced\u016brai.<\/p>","protected":false},"excerpt":{"rendered":"<p>BALMAIN HAIR 5 Week Enriching Hair Treatment 5 Week Enriching Hair Treatment. Deeply restores and strengthens hair. Gives shine and health.<\/p>","protected":false},"featured_media":2105,"comment_status":"open","ping_status":"closed","template":"","meta":{"_acf_changed":false},"matu-tips":[],"product_brand":[49],"product_cat":[58],"product_tag":[],"class_list":{"0":"post-1600","1":"product","2":"type-product","3":"status-publish","4":"has-post-thumbnail","6":"product_brand-balmain","7":"product_cat-matu-veselibai","9":"first","10":"instock","11":"taxable","12":"shipping-taxable","13":"purchasable","14":"product-type-variable","15":"has-default-attributes"},"acf":[],"aioseo_notices":[],"_links":{"self":[{"href":"https:\/\/marfahairbar.lv\/en\/wp-json\/wp\/v2\/product\/1600","targetHints":{"allow":["GET"]}}],"collection":[{"href":"https:\/\/marfahairbar.lv\/en\/wp-json\/wp\/v2\/product"}],"about":[{"href":"https:\/\/marfahairbar.lv\/en\/wp-json\/wp\/v2\/types\/product"}],"replies":[{"embeddable":true,"href":"https:\/\/marfahairbar.lv\/en\/wp-json\/wp\/v2\/comments?post=1600"}],"wp:featuredmedia":[{"embeddable":true,"href":"https:\/\/marfahairbar.lv\/en\/wp-json\/wp\/v2\/media\/2105"}],"wp:attachment":[{"href":"https:\/\/marfahairbar.lv\/en\/wp-json\/wp\/v2\/media?parent=1600"}],"wp:term":[{"taxonomy":"matu-tips","embeddable":true,"href":"https:\/\/marfahairbar.lv\/en\/wp-json\/wp\/v2\/matu-tips?post=1600"},{"taxonomy":"product_brand","embeddable":true,"href":"https:\/\/marfahairbar.lv\/en\/wp-json\/wp\/v2\/product_brand?post=1600"},{"taxonomy":"product_cat","embeddable":true,"href":"https:\/\/marfahairbar.lv\/en\/wp-json\/wp\/v2\/product_cat?post=1600"},{"taxonomy":"product_tag","embeddable":true,"href":"https:\/\/marfahairbar.lv\/en\/wp-json\/wp\/v2\/product_tag?post=1600"}],"curies":[{"name":"wp","href":"https:\/\/api.w.org\/{rel}","templated":true}]}}