{"id":1599,"date":"2025-03-06T17:55:57","date_gmt":"2025-03-06T14:55:57","guid":{"rendered":"https:\/\/marfahairbar.lv\/produkts\/balmain-hair-sun-protection-spray\/"},"modified":"2025-05-12T17:21:59","modified_gmt":"2025-05-12T14:21:59","slug":"balmain-hair-sun-protection-spray","status":"publish","type":"product","link":"https:\/\/marfahairbar.lv\/en\/product-2\/balmain-hair-sun-protection-spray\/","title":{"rendered":"BALMAIN HAIR Sun protection spray"},"content":{"rendered":"<p>Formula, kas bag\u0101tin\u0101ta ar aizsarg\u0101jo\u0161iem UVA un UVB filtriem, pal\u012bdz barot un kondicion\u0113t matus, kas pak\u013cauti saules, j\u016bras vai hlora iedarb\u012bbai. Nov\u0113r\u0161 matu kr\u0101sas izbal\u0113\u0161anu un kerat\u012bna boj\u0101jumus. M\u012bkstiem un sp\u0113c\u012bgiem matiem ar mirdzo\u0161u sp\u012bdumu.<\/p>\n<ul>\n<li>Divk\u0101r\u0161\u0101s darb\u012bbas formula; intens\u012bvi aizsarg\u0101 un baro<\/li>\n<li>At\u0161\u0137etina un pie\u0161\u0137ir sp\u012bdumu<\/li>\n<li>Nodro\u0161ina kr\u0101sas saglab\u0101\u0161anu<\/li>\n<\/ul>\n<p>UVA stari izraisa kr\u0101sas izbal\u0113\u0161anu, un UVB stari ir atbild\u012bgi par prote\u012bna zaud\u0113\u0161anu, kas izraisa matu boj\u0101jumus. Balmain Hair Sun Protection Spray formula ir bag\u0101tin\u0101ta ar aizsarg\u0101jo\u0161iem UVA un UVB filtriem, kas pal\u012bdz barot matus, kas pak\u013cauti saules, j\u016bras vai hlora iedarb\u012bbai. Turkl\u0101t mitrino\u0161\u0101 formula darbojas k\u0101 kondicionieris, kas padar\u012bs matus m\u012bkstus un sp\u012bd\u012bgus gan saulainas dienas laik\u0101 pludmal\u0113 gan p\u0113c tam.<\/p>\n<p><strong>LIETO\u0160ANA:<\/strong> Sun Protection Spray ir sal\u012bdzin\u0101ms ar sau\u013co\u0161an\u0101s l\u012bdzekli. Uzkl\u0101jiet uz dviel\u012b nosusin\u0101tos vai sausos matos, regul\u0101ri atk\u0101rtojiet un neizskalojiet.<\/p>","protected":false},"excerpt":{"rendered":"<p>BALMAIN HAIR Sun protection spray for hair. Protects hair from UV rays and moisture loss. Prevents colour fading.<\/p>","protected":false},"featured_media":2102,"comment_status":"open","ping_status":"closed","template":"","meta":{"_acf_changed":false},"matu-tips":[],"product_brand":[49],"product_cat":[59,58],"product_tag":[],"class_list":{"0":"post-1599","1":"product","2":"type-product","3":"status-publish","4":"has-post-thumbnail","6":"product_brand-balmain","7":"product_cat-leave-in-produkti","8":"product_cat-matu-veselibai","10":"first","11":"instock","12":"taxable","13":"shipping-taxable","14":"purchasable","15":"product-type-variable"},"acf":[],"aioseo_notices":[],"_links":{"self":[{"href":"https:\/\/marfahairbar.lv\/en\/wp-json\/wp\/v2\/product\/1599","targetHints":{"allow":["GET"]}}],"collection":[{"href":"https:\/\/marfahairbar.lv\/en\/wp-json\/wp\/v2\/product"}],"about":[{"href":"https:\/\/marfahairbar.lv\/en\/wp-json\/wp\/v2\/types\/product"}],"replies":[{"embeddable":true,"href":"https:\/\/marfahairbar.lv\/en\/wp-json\/wp\/v2\/comments?post=1599"}],"wp:featuredmedia":[{"embeddable":true,"href":"https:\/\/marfahairbar.lv\/en\/wp-json\/wp\/v2\/media\/2102"}],"wp:attachment":[{"href":"https:\/\/marfahairbar.lv\/en\/wp-json\/wp\/v2\/media?parent=1599"}],"wp:term":[{"taxonomy":"matu-tips","embeddable":true,"href":"https:\/\/marfahairbar.lv\/en\/wp-json\/wp\/v2\/matu-tips?post=1599"},{"taxonomy":"product_brand","embeddable":true,"href":"https:\/\/marfahairbar.lv\/en\/wp-json\/wp\/v2\/product_brand?post=1599"},{"taxonomy":"product_cat","embeddable":true,"href":"https:\/\/marfahairbar.lv\/en\/wp-json\/wp\/v2\/product_cat?post=1599"},{"taxonomy":"product_tag","embeddable":true,"href":"https:\/\/marfahairbar.lv\/en\/wp-json\/wp\/v2\/product_tag?post=1599"}],"curies":[{"name":"wp","href":"https:\/\/api.w.org\/{rel}","templated":true}]}}