{"id":1598,"date":"2025-03-06T17:55:56","date_gmt":"2025-03-06T14:55:56","guid":{"rendered":"https:\/\/marfahairbar.lv\/produkts\/balmain-hair-thermal-protection-spray\/"},"modified":"2025-05-12T17:21:59","modified_gmt":"2025-05-12T14:21:59","slug":"balmain-hair-thermal-protection-spray","status":"publish","type":"product","link":"https:\/\/marfahairbar.lv\/en\/product-2\/balmain-hair-thermal-protection-spray\/","title":{"rendered":"BALMAIN HAIR Thermal Protection Spray"},"content":{"rendered":"<p>\u012apa\u0161i smalkais sprejs rada neredzamu termisko vairogu, kas pasarg\u0101 matus no f\u0113na, taisnot\u0101ja vai lok\u0161\u0137\u0113ru karstuma. Termisk\u0101s aizsardz\u012bbas spreja formula aiztur mitrumu, aizver matu kutikulu, nov\u0113r\u0161 spuro\u0161anos un ir mitrumiztur\u012bgs.<\/p>\n<ul>\n<li>Karstuma aizsardz\u012bba l\u012bdz 220\u00b0C\/428\u00b0F<\/li>\n<li>Nov\u0113r\u0161 spuro\u0161anos<\/li>\n<li>Viegla formula<\/li>\n<\/ul>\n<p>Veido\u0161anas l\u012bdzek\u013ci var sasniegt temperat\u016bru l\u012bdz 220\u00b0C\/428\u00b0F un var saboj\u0101t neaizsarg\u0101tus matus. Termisk\u0101s aizsardz\u012bbas sprejs aizsarg\u0101 matus pret veido\u0161anas l\u012bdzek\u013cu karstumu un samazina matu l\u016b\u0161anu gan dab\u012bgos, gan kr\u0101sotos matos. Ar provitam\u012bnu B5 un z\u012bda prote\u012bnu bag\u0101tin\u0101t\u0101 formula kondicion\u0113, atjauno un stiprina matus. At\u0161\u0137etin\u0101\u0161anas un matu kutikulu izl\u012bdzino\u0161\u0101s \u012bpa\u0161\u012bbas nodro\u0161ina to, ka veido\u0161anas l\u012bdzek\u013ci viegl\u0101k sl\u012bd cauri matiem, t\u0101d\u0113j\u0101di radot m\u012bkstus matus ar mirdzo\u0161u sp\u012bdumu.<\/p>\n<p><strong>LIETO\u0160ANA:<\/strong> Lai nodro\u0161in\u0101tu vienm\u0113r\u012bgu l\u012bdzek\u013ca iekl\u0101\u0161anu, izsmidziniet to mitros matos no vismaz 20 centimetru att\u0101luma. Izmantojot \u0137emmi ar retiem zariem, iz\u0137emm\u0113jiet matus, lai p\u0101rliecin\u0101tos, ka produkts vienm\u0113r\u012bgi iekl\u0101ts vis\u0101 matu garum\u0101.<\/p>","protected":false},"excerpt":{"rendered":"<p>BALMAIN HAIR Thermal Protection Spray is a protective spray against heat. Protects hair from damage caused by blow dryers, curling irons and straighteners.<\/p>","protected":false},"featured_media":2099,"comment_status":"open","ping_status":"closed","template":"","meta":{"_acf_changed":false},"matu-tips":[82],"product_brand":[49],"product_cat":[61,59,58],"product_tag":[],"class_list":{"0":"post-1598","1":"product","2":"type-product","3":"status-publish","4":"has-post-thumbnail","6":"matu-tips-visiem-matu-tipiem","7":"product_brand-balmain","8":"product_cat-karstuma-aizsardziba","9":"product_cat-leave-in-produkti","10":"product_cat-matu-veselibai","12":"first","13":"instock","14":"taxable","15":"shipping-taxable","16":"purchasable","17":"product-type-variable","18":"has-default-attributes"},"acf":[],"aioseo_notices":[],"_links":{"self":[{"href":"https:\/\/marfahairbar.lv\/en\/wp-json\/wp\/v2\/product\/1598","targetHints":{"allow":["GET"]}}],"collection":[{"href":"https:\/\/marfahairbar.lv\/en\/wp-json\/wp\/v2\/product"}],"about":[{"href":"https:\/\/marfahairbar.lv\/en\/wp-json\/wp\/v2\/types\/product"}],"replies":[{"embeddable":true,"href":"https:\/\/marfahairbar.lv\/en\/wp-json\/wp\/v2\/comments?post=1598"}],"wp:featuredmedia":[{"embeddable":true,"href":"https:\/\/marfahairbar.lv\/en\/wp-json\/wp\/v2\/media\/2099"}],"wp:attachment":[{"href":"https:\/\/marfahairbar.lv\/en\/wp-json\/wp\/v2\/media?parent=1598"}],"wp:term":[{"taxonomy":"matu-tips","embeddable":true,"href":"https:\/\/marfahairbar.lv\/en\/wp-json\/wp\/v2\/matu-tips?post=1598"},{"taxonomy":"product_brand","embeddable":true,"href":"https:\/\/marfahairbar.lv\/en\/wp-json\/wp\/v2\/product_brand?post=1598"},{"taxonomy":"product_cat","embeddable":true,"href":"https:\/\/marfahairbar.lv\/en\/wp-json\/wp\/v2\/product_cat?post=1598"},{"taxonomy":"product_tag","embeddable":true,"href":"https:\/\/marfahairbar.lv\/en\/wp-json\/wp\/v2\/product_tag?post=1598"}],"curies":[{"name":"wp","href":"https:\/\/api.w.org\/{rel}","templated":true}]}}