{"id":1594,"date":"2025-03-06T17:55:55","date_gmt":"2025-03-06T14:55:55","guid":{"rendered":"https:\/\/marfahairbar.lv\/produkts\/balmain-hair-professional-aftercare-silver-spray\/"},"modified":"2025-05-12T17:21:57","modified_gmt":"2025-05-12T14:21:57","slug":"balmain-hair-professional-aftercare-silver-spray","status":"publish","type":"product","link":"https:\/\/marfahairbar.lv\/en\/product-2\/balmain-hair-professional-aftercare-silver-spray\/","title":{"rendered":"BALMAIN HAIR Professional Aftercare Silver Spray"},"content":{"rendered":"<p>Lai matu pieaudz\u0113\u0161ana un dab\u012bgie mati b\u016btu ide\u0101l\u0101 st\u0101vokl\u012b, \u013coti svar\u012bgi ir izmantot profesion\u0101lus produktus, kas \u012bpa\u0161i izstr\u0101d\u0101ti pieaudz\u0113tiem matiem. Sudraba sprejs ir \u012bpa\u0161i izstr\u0101d\u0101ts, lai r\u016bp\u0113tos par dab\u012bgiem matiem un pieaudz\u0113tiem matiem. Sprejs ar t\u012briem violetiem pigmentiem, kori\u0123\u0113 r\u016bsganos un pastiprina pelnu to\u0146us. Lieliski piem\u0113rots lai paspilgtin\u0101tu dab\u012bgos vai pieaudz\u0113tos matus.<\/p>\n<p>Neitraliz\u0113 dzeltenos vai siltos to\u0146us un pastiprina pelnu kr\u0101sas to\u0146us dab\u012bgos vai kr\u0101sotos matos. Sudraba aerosols ir \u012bpa\u0161i izstr\u0101d\u0101ts pieaudz\u0113tiem matiem, un to var izmantot, lai paspilgtin\u0101tu dab\u012bgos vai pieaudz\u0113tos matus.<\/p>\n<ul>\n<li>Sudraba sprejs pieaudz\u0113tiem matiem<\/li>\n<li>Kori\u0123\u0113 r\u016bsganos to\u0146us un atsvaidzina blondus matus<\/li>\n<li>Izgaismo dabiskos matus un 100% Human Hair Extensions.<\/li>\n<\/ul>\n<p><strong>K\u0101 izmantot:<\/strong><\/p>\n<ol>\n<li>Izsmidzin\u0101t no 20 cm att\u0101luma uz mitriem\/slapjiem matiem, neizskalot.<\/li>\n<li>Atk\u0101rtot, l\u012bdz tiek sasniegts v\u0113lamais rezult\u0101ts.<\/li>\n<\/ol>\n<p>P\u0101rm\u0113r\u012bga lieto\u0161ana nav ieteicama, jo tas past\u0101v\u012bgi izgaismo matus, kurus nevar izskalot. Nesmidzin\u0101t uz \u0101das\/dr\u0113b\u0113m.<\/p>","protected":false},"excerpt":{"rendered":"<p>BALMAIN HAIR Professional Aftercare Silver Spray silver spray for grey and white hair. Eliminates yellow tones and adds shine.<\/p>","protected":false},"featured_media":2084,"comment_status":"open","ping_status":"closed","template":"","meta":{"_acf_changed":false},"matu-tips":[80],"product_brand":[49],"product_cat":[59,58],"product_tag":[],"class_list":{"0":"post-1594","1":"product","2":"type-product","3":"status-publish","4":"has-post-thumbnail","6":"matu-tips-krasotiem-matiem","7":"product_brand-balmain","8":"product_cat-leave-in-produkti","9":"product_cat-matu-veselibai","11":"first","12":"instock","13":"taxable","14":"shipping-taxable","15":"purchasable","16":"product-type-variable","17":"has-default-attributes"},"acf":[],"aioseo_notices":[],"_links":{"self":[{"href":"https:\/\/marfahairbar.lv\/en\/wp-json\/wp\/v2\/product\/1594","targetHints":{"allow":["GET"]}}],"collection":[{"href":"https:\/\/marfahairbar.lv\/en\/wp-json\/wp\/v2\/product"}],"about":[{"href":"https:\/\/marfahairbar.lv\/en\/wp-json\/wp\/v2\/types\/product"}],"replies":[{"embeddable":true,"href":"https:\/\/marfahairbar.lv\/en\/wp-json\/wp\/v2\/comments?post=1594"}],"wp:featuredmedia":[{"embeddable":true,"href":"https:\/\/marfahairbar.lv\/en\/wp-json\/wp\/v2\/media\/2084"}],"wp:attachment":[{"href":"https:\/\/marfahairbar.lv\/en\/wp-json\/wp\/v2\/media?parent=1594"}],"wp:term":[{"taxonomy":"matu-tips","embeddable":true,"href":"https:\/\/marfahairbar.lv\/en\/wp-json\/wp\/v2\/matu-tips?post=1594"},{"taxonomy":"product_brand","embeddable":true,"href":"https:\/\/marfahairbar.lv\/en\/wp-json\/wp\/v2\/product_brand?post=1594"},{"taxonomy":"product_cat","embeddable":true,"href":"https:\/\/marfahairbar.lv\/en\/wp-json\/wp\/v2\/product_cat?post=1594"},{"taxonomy":"product_tag","embeddable":true,"href":"https:\/\/marfahairbar.lv\/en\/wp-json\/wp\/v2\/product_tag?post=1594"}],"curies":[{"name":"wp","href":"https:\/\/api.w.org\/{rel}","templated":true}]}}